{"id":2043,"date":"2025-08-01T13:29:04","date_gmt":"2025-08-01T13:29:04","guid":{"rendered":"https:\/\/www.middlecreekdental.net\/?page_id=2043"},"modified":"2026-04-16T15:37:46","modified_gmt":"2026-04-16T15:37:46","slug":"dental-cleanings","status":"publish","type":"page","link":"https:\/\/www.middlecreekdental.net\/es\/dental-cleanings\/","title":{"rendered":"Limpiezas dentales"},"content":{"rendered":"<div data-elementor-type=\"wp-page\" data-elementor-id=\"2043\" class=\"elementor elementor-2043\" data-elementor-post-type=\"page\">\n\t\t\t\t<div class=\"elementor-element elementor-element-0931503 e-con-full e-flex e-con e-parent\" data-id=\"0931503\" data-element_type=\"container\" data-e-type=\"container\" data-settings=\"{&quot;background_background&quot;:&quot;classic&quot;}\">\n\t\t<div class=\"elementor-element elementor-element-62032cc e-con-full e-flex e-con e-child\" data-id=\"62032cc\" data-element_type=\"container\" data-e-type=\"container\" data-settings=\"{&quot;background_background&quot;:&quot;classic&quot;}\">\n\t\t\t\t<div class=\"elementor-element elementor-element-9935f28 elementor-widget elementor-widget-heading\" data-id=\"9935f28\" data-element_type=\"widget\" data-e-type=\"widget\" data-widget_type=\"heading.default\">\n\t\t\t\t<div class=\"elementor-widget-container\">\n\t\t\t\t\t<h1 class=\"elementor-heading-title elementor-size-default\">Limpiezas dentales<\/h1>\t\t\t\t<\/div>\n\t\t\t\t<\/div>\n\t\t\t\t<div class=\"elementor-element elementor-element-bcb6a7a elementor-widget elementor-widget-text-editor\" data-id=\"bcb6a7a\" data-element_type=\"widget\" data-e-type=\"widget\" data-widget_type=\"text-editor.default\">\n\t\t\t\t<div class=\"elementor-widget-container\">\n\t\t\t\t\t\t\t\t\t<p>En Nampa, Idaho<\/p>\t\t\t\t\t\t\t\t<\/div>\n\t\t\t\t<\/div>\n\t\t\t\t<\/div>\n\t\t\t\t<\/div>\n\t\t<div class=\"elementor-element elementor-element-71229f2 e-flex e-con-boxed e-con e-parent\" data-id=\"71229f2\" data-element_type=\"container\" data-e-type=\"container\">\n\t\t\t\t\t<div class=\"e-con-inner\">\n\t\t<div class=\"elementor-element elementor-element-8e928b9 e-con-full e-flex e-con e-child\" data-id=\"8e928b9\" data-element_type=\"container\" data-e-type=\"container\">\n\t\t\t\t<div class=\"elementor-element elementor-element-d4466e5 elementor-widget-tablet_extra__width-initial elementor-widget-tablet__width-initial elementor-widget elementor-widget-heading\" data-id=\"d4466e5\" data-element_type=\"widget\" data-e-type=\"widget\" data-widget_type=\"heading.default\">\n\t\t\t\t<div class=\"elementor-widget-container\">\n\t\t\t\t\t<p class=\"elementor-heading-title elementor-size-default\">Atenci\u00f3n preventiva profesional en Middle Creek Dental\n\n<\/p>\t\t\t\t<\/div>\n\t\t\t\t<\/div>\n\t\t\t\t<div class=\"elementor-element elementor-element-ef1a0aa elementor-widget elementor-widget-text-editor\" data-id=\"ef1a0aa\" data-element_type=\"widget\" data-e-type=\"widget\" data-widget_type=\"text-editor.default\">\n\t\t\t\t<div class=\"elementor-widget-container\">\n\t\t\t\t\t\t\t\t\t<p data-start=\"91\" data-end=\"458\">En Middle Creek Dental en Nampa, ID, creemos en el poder de la prevenci\u00f3n. Las limpiezas dentales regulares son una de las maneras m\u00e1s importantes de proteger su salud bucal. Visitarnos cada seis meses para una limpieza y un examen profesional le ayuda a mantener una sonrisa radiante, previene problemas dentales graves y nos permite detectar peque\u00f1as inquietudes antes de que se conviertan en problemas mayores.<\/p>\t\t\t\t\t\t\t\t<\/div>\n\t\t\t\t<\/div>\n\t\t\t\t<div class=\"elementor-element elementor-element-ec93566 elementor-widget-tablet_extra__width-initial elementor-widget-tablet__width-initial elementor-widget elementor-widget-heading\" data-id=\"ec93566\" data-element_type=\"widget\" data-e-type=\"widget\" data-widget_type=\"heading.default\">\n\t\t\t\t<div class=\"elementor-widget-container\">\n\t\t\t\t\t<p class=\"elementor-heading-title elementor-size-default\">Qu\u00e9 esperar durante su limpieza dental\n<\/p>\t\t\t\t<\/div>\n\t\t\t\t<\/div>\n\t\t\t\t<div class=\"elementor-element elementor-element-70597dd elementor-widget elementor-widget-text-editor\" data-id=\"70597dd\" data-element_type=\"widget\" data-e-type=\"widget\" data-widget_type=\"text-editor.default\">\n\t\t\t\t<div class=\"elementor-widget-container\">\n\t\t\t\t\t\t\t\t\t<p data-start=\"508\" data-end=\"856\">Una limpieza profesional en Middle Creek Dental va m\u00e1s all\u00e1 de lo que se puede lograr con el cepillado y el uso de hilo dental en casa. Nuestro equipo dental experimentado comienza revisando su boca para detectar \u00e1reas con acumulaci\u00f3n de placa y sarro, especialmente aquellas zonas dif\u00edciles de alcanzar que a menudo pasan desapercibidas. Con herramientas especializadas, eliminamos estos dep\u00f3sitos de forma cuidadosa y exhaustiva.<\/p><p data-start=\"858\" data-end=\"1127\">La placa es una pel\u00edcula blanda y pegajosa compuesta de bacterias y part\u00edculas de comida. Si no se elimina con regularidad, se endurece y se convierte en sarro, que solo puede eliminarse con instrumentos profesionales. Si no se tratan, la placa y el sarro pueden provocar caries, enfermedades periodontales y mal aliento.<\/p>\t\t\t\t\t\t\t\t<\/div>\n\t\t\t\t<\/div>\n\t\t\t\t<\/div>\n\t\t<div class=\"elementor-element elementor-element-a36b784 e-con-full e-flex e-con e-child\" data-id=\"a36b784\" data-element_type=\"container\" data-e-type=\"container\" data-settings=\"{&quot;background_background&quot;:&quot;classic&quot;}\">\n\t\t\t\t<div class=\"elementor-element elementor-element-bb0c8fe elementor-widget-tablet__width-inherit elementor-widget elementor-widget-image\" data-id=\"bb0c8fe\" data-element_type=\"widget\" data-e-type=\"widget\" data-widget_type=\"image.default\">\n\t\t\t\t<div class=\"elementor-widget-container\">\n\t\t\t\t\t\t\t\t\t\t\t\t\t\t\t<img fetchpriority=\"high\" decoding=\"async\" width=\"800\" height=\"534\" src=\"https:\/\/cdn.webnamesandnumbers.com\/wp-content\/uploads\/sites\/950\/2024\/05\/16135624\/beautiful-smile-at-dentist-1024x683.jpg\" class=\"attachment-large size-large wp-image-119\" alt=\"Woman looks into mirror at beautiful smile at dentist office\" srcset=\"https:\/\/cdn.webnamesandnumbers.com\/wp-content\/uploads\/sites\/950\/2024\/05\/16135624\/beautiful-smile-at-dentist-1024x683.jpg 1024w, https:\/\/cdn.webnamesandnumbers.com\/wp-content\/uploads\/sites\/950\/2024\/05\/16135624\/beautiful-smile-at-dentist-300x200.jpg 300w, https:\/\/cdn.webnamesandnumbers.com\/wp-content\/uploads\/sites\/950\/2024\/05\/16135624\/beautiful-smile-at-dentist-768x512.jpg 768w, https:\/\/cdn.webnamesandnumbers.com\/wp-content\/uploads\/sites\/950\/2024\/05\/16135624\/beautiful-smile-at-dentist-1536x1024.jpg 1536w, https:\/\/cdn.webnamesandnumbers.com\/wp-content\/uploads\/sites\/950\/2024\/05\/16135624\/beautiful-smile-at-dentist.jpg 1900w\" sizes=\"(max-width: 800px) 100vw, 800px\" \/>\t\t\t\t\t\t\t\t\t\t\t\t\t\t\t<\/div>\n\t\t\t\t<\/div>\n\t\t\t\t<\/div>\n\t\t\t\t\t<\/div>\n\t\t\t\t<\/div>\n\t\t<div class=\"elementor-element elementor-element-19679f2 e-flex e-con-boxed e-con e-parent\" data-id=\"19679f2\" data-element_type=\"container\" data-e-type=\"container\" data-settings=\"{&quot;background_background&quot;:&quot;classic&quot;}\">\n\t\t\t\t\t<div class=\"e-con-inner\">\n\t\t\t\t<div class=\"elementor-element elementor-element-ae12902 elementor-widget elementor-widget-text-editor\" data-id=\"ae12902\" data-element_type=\"widget\" data-e-type=\"widget\" data-widget_type=\"text-editor.default\">\n\t\t\t\t<div class=\"elementor-widget-container\">\n\t\t\t\t\t\t\t\t\t<p>Una sonrisa m\u00e1s limpia y un yo m\u00e1s saludable<\/p>\t\t\t\t\t\t\t\t<\/div>\n\t\t\t\t<\/div>\n\t\t<div class=\"elementor-element elementor-element-7712672 e-con-full e-flex e-con e-child\" data-id=\"7712672\" data-element_type=\"container\" data-e-type=\"container\">\n\t\t<div class=\"elementor-element elementor-element-86f2000 e-con-full e-flex e-con e-child\" data-id=\"86f2000\" data-element_type=\"container\" data-e-type=\"container\">\n\t\t\t\t<div class=\"elementor-element elementor-element-dc21715 elementor-widget elementor-widget-text-editor\" data-id=\"dc21715\" data-element_type=\"widget\" data-e-type=\"widget\" data-widget_type=\"text-editor.default\">\n\t\t\t\t<div class=\"elementor-widget-container\">\n\t\t\t\t\t\t\t\t\t<h4 data-start=\"1129\" data-end=\"1156\"><em>Limpieza profunda, nuevo comienzo<\/em><\/h4><p data-start=\"1158\" data-end=\"1488\">Una vez eliminada la placa y el sarro, pulimos sus dientes y usamos hilo dental para eliminar cualquier residuo. A continuaci\u00f3n, le enjuagamos con agua para dejar su boca con una sensaci\u00f3n de frescura y limpieza. Estos pasos ayudan a restaurar el brillo natural de sus dientes, a la vez que crean una superficie limpia y m\u00e1s resistente a la futura acumulaci\u00f3n de placa.<\/p>\t\t\t\t\t\t\t\t<\/div>\n\t\t\t\t<\/div>\n\t\t\t\t<\/div>\n\t\t<div class=\"elementor-element elementor-element-0fd1aa0 e-con-full e-flex e-con e-child\" data-id=\"0fd1aa0\" data-element_type=\"container\" data-e-type=\"container\">\n\t\t\t\t<div class=\"elementor-element elementor-element-b39049c elementor-widget elementor-widget-text-editor\" data-id=\"b39049c\" data-element_type=\"widget\" data-e-type=\"widget\" data-widget_type=\"text-editor.default\">\n\t\t\t\t<div class=\"elementor-widget-container\">\n\t\t\t\t\t\t\t\t\t<h4 data-start=\"1490\" data-end=\"1520\"><em>M\u00e1s que solo dientes limpios<\/em><\/h4><p data-start=\"1522\" data-end=\"1820\">Una cita de limpieza dental tambi\u00e9n nos permite monitorear su salud bucal general. Realizamos un examen completo de sus dientes y enc\u00edas, y podemos tomar radiograf\u00edas digitales si es necesario. Estos ex\u00e1menes nos ayudan a identificar signos tempranos de problemas como caries, enfermedades periodontales e incluso c\u00e1ncer oral.<\/p><p data-start=\"1822\" data-end=\"1962\">Al detectar los problemas de forma temprana, a menudo podemos tratarlos r\u00e1pidamente o incluso revertirlos con cuidados conservadores y cambios en nuestros h\u00e1bitos de higiene.<\/p>\t\t\t\t\t\t\t\t<\/div>\n\t\t\t\t<\/div>\n\t\t\t\t<\/div>\n\t\t\t\t<\/div>\n\t\t\t\t\t<\/div>\n\t\t\t\t<\/div>\n\t\t<div class=\"elementor-element elementor-element-9c8caa8 e-flex e-con-boxed e-con e-parent\" data-id=\"9c8caa8\" data-element_type=\"container\" data-e-type=\"container\">\n\t\t\t\t\t<div class=\"e-con-inner\">\n\t\t<div class=\"elementor-element elementor-element-1ab0bed e-con-full e-flex e-con e-child\" data-id=\"1ab0bed\" data-element_type=\"container\" data-e-type=\"container\">\n\t\t\t\t<div class=\"elementor-element elementor-element-c8ccb4b elementor-widget-tablet__width-inherit elementor-widget elementor-widget-image\" data-id=\"c8ccb4b\" data-element_type=\"widget\" data-e-type=\"widget\" data-widget_type=\"image.default\">\n\t\t\t\t<div class=\"elementor-widget-container\">\n\t\t\t\t\t\t\t\t\t\t\t\t\t\t\t<img decoding=\"async\" width=\"800\" height=\"534\" src=\"https:\/\/cdn.webnamesandnumbers.com\/wp-content\/uploads\/sites\/950\/2024\/05\/20205810\/appointment-1024x683.jpg\" class=\"attachment-large size-large wp-image-853\" alt=\"Schedule an appointment at Middle Creek Dental\" srcset=\"https:\/\/cdn.webnamesandnumbers.com\/wp-content\/uploads\/sites\/950\/2024\/05\/20205810\/appointment-1024x683.jpg 1024w, https:\/\/cdn.webnamesandnumbers.com\/wp-content\/uploads\/sites\/950\/2024\/05\/20205810\/appointment-300x200.jpg 300w, https:\/\/cdn.webnamesandnumbers.com\/wp-content\/uploads\/sites\/950\/2024\/05\/20205810\/appointment-768x512.jpg 768w, https:\/\/cdn.webnamesandnumbers.com\/wp-content\/uploads\/sites\/950\/2024\/05\/20205810\/appointment-1536x1024.jpg 1536w, https:\/\/cdn.webnamesandnumbers.com\/wp-content\/uploads\/sites\/950\/2024\/05\/20205810\/appointment.jpg 1900w\" sizes=\"(max-width: 800px) 100vw, 800px\" \/>\t\t\t\t\t\t\t\t\t\t\t\t\t\t\t<\/div>\n\t\t\t\t<\/div>\n\t\t\t\t<\/div>\n\t\t<div class=\"elementor-element elementor-element-bb1ace7 e-con-full e-flex e-con e-child\" data-id=\"bb1ace7\" data-element_type=\"container\" data-e-type=\"container\">\n\t\t\t\t<div class=\"elementor-element elementor-element-18d9e52 elementor-widget-tablet_extra__width-initial elementor-widget-tablet__width-initial elementor-widget elementor-widget-heading\" data-id=\"18d9e52\" data-element_type=\"widget\" data-e-type=\"widget\" data-widget_type=\"heading.default\">\n\t\t\t\t<div class=\"elementor-widget-container\">\n\t\t\t\t\t<h6 class=\"elementor-heading-title elementor-size-default\">\u00bfPor qu\u00e9 programar cada seis meses?\n<\/h6>\t\t\t\t<\/div>\n\t\t\t\t<\/div>\n\t\t\t\t<div class=\"elementor-element elementor-element-2380116 elementor-widget elementor-widget-text-editor\" data-id=\"2380116\" data-element_type=\"widget\" data-e-type=\"widget\" data-widget_type=\"text-editor.default\">\n\t\t\t\t<div class=\"elementor-widget-container\">\n\t\t\t\t\t\t\t\t\t<p data-start=\"2000\" data-end=\"2279\">Una limpieza y revisi\u00f3n dental semestrales no son solo una rutina, sino una parte crucial de su salud dental a largo plazo. Muchos problemas dentales se desarrollan lentamente y sin s\u00edntomas perceptibles. Estas visitas semestrales nos permiten anticiparnos a estos problemas y mantener su boca sana y sin dolor.<\/p><p data-start=\"2281\" data-end=\"2430\">Nuestro equipo est\u00e1 aqu\u00ed para hacer que su visita sea lo m\u00e1s c\u00f3moda y eficiente posible, para que pueda salir de nuestra oficina con una sonrisa que se vea y se sienta mejor.<\/p><h4 data-start=\"2432\" data-end=\"2467\"><em>Programe su cita hoy<\/em><\/h4><p data-start=\"2469\" data-end=\"2609\">No esperes a sentir molestias para cuidar tus dientes. Incorpora las limpiezas profesionales a tu rutina de salud habitual.<\/p><p data-start=\"2611\" data-end=\"2726\"><strong data-start=\"2611\" data-end=\"2724\">Llame a Middle Creek Dental en Nampa, ID hoy al <a href=\"tel:208-466-7424\">(208) 466-7424<\/a> para programar su pr\u00f3xima limpieza y examen dental.<\/strong><\/p>\t\t\t\t\t\t\t\t<\/div>\n\t\t\t\t<\/div>\n\t\t\t\t<div class=\"elementor-element elementor-element-0374e4c elementor-align-justify elementor-widget__width-initial elementor-widget-tablet_extra__width-initial elementor-widget-tablet__width-initial elementor-widget-mobile__width-initial elementor-widget elementor-widget-button\" data-id=\"0374e4c\" data-element_type=\"widget\" data-e-type=\"widget\" data-widget_type=\"button.default\">\n\t\t\t\t<div class=\"elementor-widget-container\">\n\t\t\t\t\t\t\t\t\t<div class=\"elementor-button-wrapper\">\n\t\t\t\t\t<a class=\"elementor-button elementor-button-link elementor-size-sm\" href=\"https:\/\/www.middlecreekdental.net\/es\/contact-us\/\">\n\t\t\t\t\t\t<span class=\"elementor-button-content-wrapper\">\n\t\t\t\t\t\t\t\t\t<span class=\"elementor-button-text\">Cont\u00e1ctenos<\/span>\n\t\t\t\t\t<\/span>\n\t\t\t\t\t<\/a>\n\t\t\t\t<\/div>\n\t\t\t\t\t\t\t\t<\/div>\n\t\t\t\t<\/div>\n\t\t\t\t<\/div>\n\t\t\t\t\t<\/div>\n\t\t\t\t<\/div>\n\t\t\t\t<\/div>","protected":false},"excerpt":{"rendered":"<p>Dental Cleanings In Nampa, Idaho Professional Preventive Care at Middle Creek Dental At Middle Creek Dental in Nampa, ID, we believe in the power of prevention. Regular dental cleanings are one of the most important ways to protect your oral health. Visiting us every six months for a professional cleaning and exam helps keep your [&hellip;]<\/p>\n","protected":false},"author":26,"featured_media":0,"parent":0,"menu_order":0,"comment_status":"closed","ping_status":"closed","template":"","meta":{"footnotes":""},"class_list":["post-2043","page","type-page","status-publish","hentry"],"yoast_head":"<!-- This site is optimized with the Yoast SEO plugin v27.3 - https:\/\/yoast.com\/product\/yoast-seo-wordpress\/ -->\n<title>Professional Dental Cleanings in Nampa, ID - Middle Creek Dental<\/title>\n<meta name=\"description\" content=\"Protect your smile with professional dental cleanings in Nampa, ID at Middle Creek Dental. Gentle, thorough care every six months.\" \/>\n<meta name=\"robots\" content=\"index, follow, max-snippet:-1, max-image-preview:large, max-video-preview:-1\" \/>\n<link rel=\"canonical\" href=\"https:\/\/www.middlecreekdental.net\/es\/dental-cleanings\/\" \/>\n<meta property=\"og:locale\" content=\"es_MX\" \/>\n<meta property=\"og:type\" content=\"article\" \/>\n<meta property=\"og:title\" content=\"Professional Dental Cleanings in Nampa, ID - Middle Creek Dental\" \/>\n<meta property=\"og:description\" content=\"Protect your smile with professional dental cleanings in Nampa, ID at Middle Creek Dental. Gentle, thorough care every six months.\" \/>\n<meta property=\"og:url\" content=\"https:\/\/www.middlecreekdental.net\/es\/dental-cleanings\/\" \/>\n<meta property=\"og:site_name\" content=\"Middle Creek Dental\" \/>\n<meta property=\"article:modified_time\" content=\"2026-04-16T15:37:46+00:00\" \/>\n<meta property=\"og:image\" content=\"https:\/\/www.middlecreekdental.net\/wp-content\/uploads\/sites\/950\/2024\/05\/beautiful-smile-at-dentist-1024x683.jpg\" \/>\n<meta name=\"twitter:card\" content=\"summary_large_image\" \/>\n<meta name=\"twitter:label1\" content=\"Tiempo de lectura\" \/>\n\t<meta name=\"twitter:data1\" content=\"3 minutos\" \/>\n<script type=\"application\/ld+json\" class=\"yoast-schema-graph\">{\"@context\":\"https:\\\/\\\/schema.org\",\"@graph\":[{\"@type\":\"WebPage\",\"@id\":\"https:\\\/\\\/www.middlecreekdental.net\\\/dental-cleanings\\\/\",\"url\":\"https:\\\/\\\/www.middlecreekdental.net\\\/dental-cleanings\\\/\",\"name\":\"Professional Dental Cleanings in Nampa, ID - Middle Creek Dental\",\"isPartOf\":{\"@id\":\"https:\\\/\\\/www.middlecreekdental.net\\\/#website\"},\"primaryImageOfPage\":{\"@id\":\"https:\\\/\\\/www.middlecreekdental.net\\\/dental-cleanings\\\/#primaryimage\"},\"image\":{\"@id\":\"https:\\\/\\\/www.middlecreekdental.net\\\/dental-cleanings\\\/#primaryimage\"},\"thumbnailUrl\":\"https:\\\/\\\/www.middlecreekdental.net\\\/wp-content\\\/uploads\\\/sites\\\/950\\\/2024\\\/05\\\/beautiful-smile-at-dentist-1024x683.jpg\",\"datePublished\":\"2025-08-01T13:29:04+00:00\",\"dateModified\":\"2026-04-16T15:37:46+00:00\",\"description\":\"Protect your smile with professional dental cleanings in Nampa, ID at Middle Creek Dental. Gentle, thorough care every six months.\",\"breadcrumb\":{\"@id\":\"https:\\\/\\\/www.middlecreekdental.net\\\/dental-cleanings\\\/#breadcrumb\"},\"inLanguage\":\"es\",\"potentialAction\":[{\"@type\":\"ReadAction\",\"target\":[\"https:\\\/\\\/www.middlecreekdental.net\\\/dental-cleanings\\\/\"]}]},{\"@type\":\"ImageObject\",\"inLanguage\":\"es\",\"@id\":\"https:\\\/\\\/www.middlecreekdental.net\\\/dental-cleanings\\\/#primaryimage\",\"url\":\"https:\\\/\\\/www.middlecreekdental.net\\\/wp-content\\\/uploads\\\/sites\\\/950\\\/2024\\\/05\\\/beautiful-smile-at-dentist-1024x683.jpg\",\"contentUrl\":\"https:\\\/\\\/www.middlecreekdental.net\\\/wp-content\\\/uploads\\\/sites\\\/950\\\/2024\\\/05\\\/beautiful-smile-at-dentist-1024x683.jpg\"},{\"@type\":\"BreadcrumbList\",\"@id\":\"https:\\\/\\\/www.middlecreekdental.net\\\/dental-cleanings\\\/#breadcrumb\",\"itemListElement\":[{\"@type\":\"ListItem\",\"position\":1,\"name\":\"Home\",\"item\":\"https:\\\/\\\/www.middlecreekdental.net\\\/\"},{\"@type\":\"ListItem\",\"position\":2,\"name\":\"Dental Cleanings\"}]},{\"@type\":\"WebSite\",\"@id\":\"https:\\\/\\\/www.middlecreekdental.net\\\/#website\",\"url\":\"https:\\\/\\\/www.middlecreekdental.net\\\/\",\"name\":\"Middle Creek Dental\",\"description\":\"Dentist\",\"publisher\":{\"@id\":\"https:\\\/\\\/www.middlecreekdental.net\\\/#organization\"},\"potentialAction\":[{\"@type\":\"SearchAction\",\"target\":{\"@type\":\"EntryPoint\",\"urlTemplate\":\"https:\\\/\\\/www.middlecreekdental.net\\\/?s={search_term_string}\"},\"query-input\":{\"@type\":\"PropertyValueSpecification\",\"valueRequired\":true,\"valueName\":\"search_term_string\"}}],\"inLanguage\":\"es\"},{\"@type\":\"Organization\",\"@id\":\"https:\\\/\\\/www.middlecreekdental.net\\\/#organization\",\"name\":\"Middle Creek Dental\",\"url\":\"https:\\\/\\\/www.middlecreekdental.net\\\/\",\"logo\":{\"@type\":\"ImageObject\",\"inLanguage\":\"es\",\"@id\":\"https:\\\/\\\/www.middlecreekdental.net\\\/#\\\/schema\\\/logo\\\/image\\\/\",\"url\":\"https:\\\/\\\/cdn.webnamesandnumbers.com\\\/wp-content\\\/uploads\\\/sites\\\/950\\\/2024\\\/05\\\/15211734\\\/middle-creek-dental-e1715864487119.png\",\"contentUrl\":\"https:\\\/\\\/cdn.webnamesandnumbers.com\\\/wp-content\\\/uploads\\\/sites\\\/950\\\/2024\\\/05\\\/15211734\\\/middle-creek-dental-e1715864487119.png\",\"width\":1097,\"height\":679,\"caption\":\"Middle Creek Dental\"},\"image\":{\"@id\":\"https:\\\/\\\/www.middlecreekdental.net\\\/#\\\/schema\\\/logo\\\/image\\\/\"}}]}<\/script>\n<!-- \/ Yoast SEO plugin. -->","yoast_head_json":{"title":"Professional Dental Cleanings in Nampa, ID - Middle Creek Dental","description":"Protect your smile with professional dental cleanings in Nampa, ID at Middle Creek Dental. Gentle, thorough care every six months.","robots":{"index":"index","follow":"follow","max-snippet":"max-snippet:-1","max-image-preview":"max-image-preview:large","max-video-preview":"max-video-preview:-1"},"canonical":"https:\/\/www.middlecreekdental.net\/es\/dental-cleanings\/","og_locale":"es_MX","og_type":"article","og_title":"Professional Dental Cleanings in Nampa, ID - Middle Creek Dental","og_description":"Protect your smile with professional dental cleanings in Nampa, ID at Middle Creek Dental. Gentle, thorough care every six months.","og_url":"https:\/\/www.middlecreekdental.net\/es\/dental-cleanings\/","og_site_name":"Middle Creek Dental","article_modified_time":"2026-04-16T15:37:46+00:00","og_image":[{"url":"https:\/\/www.middlecreekdental.net\/wp-content\/uploads\/sites\/950\/2024\/05\/beautiful-smile-at-dentist-1024x683.jpg","type":"","width":"","height":""}],"twitter_card":"summary_large_image","twitter_misc":{"Tiempo de lectura":"3 minutos"},"schema":{"@context":"https:\/\/schema.org","@graph":[{"@type":"WebPage","@id":"https:\/\/www.middlecreekdental.net\/dental-cleanings\/","url":"https:\/\/www.middlecreekdental.net\/dental-cleanings\/","name":"Professional Dental Cleanings in Nampa, ID - Middle Creek Dental","isPartOf":{"@id":"https:\/\/www.middlecreekdental.net\/#website"},"primaryImageOfPage":{"@id":"https:\/\/www.middlecreekdental.net\/dental-cleanings\/#primaryimage"},"image":{"@id":"https:\/\/www.middlecreekdental.net\/dental-cleanings\/#primaryimage"},"thumbnailUrl":"https:\/\/www.middlecreekdental.net\/wp-content\/uploads\/sites\/950\/2024\/05\/beautiful-smile-at-dentist-1024x683.jpg","datePublished":"2025-08-01T13:29:04+00:00","dateModified":"2026-04-16T15:37:46+00:00","description":"Protect your smile with professional dental cleanings in Nampa, ID at Middle Creek Dental. Gentle, thorough care every six months.","breadcrumb":{"@id":"https:\/\/www.middlecreekdental.net\/dental-cleanings\/#breadcrumb"},"inLanguage":"es","potentialAction":[{"@type":"ReadAction","target":["https:\/\/www.middlecreekdental.net\/dental-cleanings\/"]}]},{"@type":"ImageObject","inLanguage":"es","@id":"https:\/\/www.middlecreekdental.net\/dental-cleanings\/#primaryimage","url":"https:\/\/www.middlecreekdental.net\/wp-content\/uploads\/sites\/950\/2024\/05\/beautiful-smile-at-dentist-1024x683.jpg","contentUrl":"https:\/\/www.middlecreekdental.net\/wp-content\/uploads\/sites\/950\/2024\/05\/beautiful-smile-at-dentist-1024x683.jpg"},{"@type":"BreadcrumbList","@id":"https:\/\/www.middlecreekdental.net\/dental-cleanings\/#breadcrumb","itemListElement":[{"@type":"ListItem","position":1,"name":"Home","item":"https:\/\/www.middlecreekdental.net\/"},{"@type":"ListItem","position":2,"name":"Dental Cleanings"}]},{"@type":"WebSite","@id":"https:\/\/www.middlecreekdental.net\/#website","url":"https:\/\/www.middlecreekdental.net\/","name":"Odontolog\u00eda de Middle Creek","description":"Dentista","publisher":{"@id":"https:\/\/www.middlecreekdental.net\/#organization"},"potentialAction":[{"@type":"SearchAction","target":{"@type":"EntryPoint","urlTemplate":"https:\/\/www.middlecreekdental.net\/?s={search_term_string}"},"query-input":{"@type":"PropertyValueSpecification","valueRequired":true,"valueName":"search_term_string"}}],"inLanguage":"es"},{"@type":"Organization","@id":"https:\/\/www.middlecreekdental.net\/#organization","name":"Odontolog\u00eda de Middle Creek","url":"https:\/\/www.middlecreekdental.net\/","logo":{"@type":"ImageObject","inLanguage":"es","@id":"https:\/\/www.middlecreekdental.net\/#\/schema\/logo\/image\/","url":"https:\/\/cdn.webnamesandnumbers.com\/wp-content\/uploads\/sites\/950\/2024\/05\/15211734\/middle-creek-dental-e1715864487119.png","contentUrl":"https:\/\/cdn.webnamesandnumbers.com\/wp-content\/uploads\/sites\/950\/2024\/05\/15211734\/middle-creek-dental-e1715864487119.png","width":1097,"height":679,"caption":"Middle Creek Dental"},"image":{"@id":"https:\/\/www.middlecreekdental.net\/#\/schema\/logo\/image\/"}}]}},"_links":{"self":[{"href":"https:\/\/www.middlecreekdental.net\/es\/wp-json\/wp\/v2\/pages\/2043","targetHints":{"allow":["GET"]}}],"collection":[{"href":"https:\/\/www.middlecreekdental.net\/es\/wp-json\/wp\/v2\/pages"}],"about":[{"href":"https:\/\/www.middlecreekdental.net\/es\/wp-json\/wp\/v2\/types\/page"}],"author":[{"embeddable":true,"href":"https:\/\/www.middlecreekdental.net\/es\/wp-json\/wp\/v2\/users\/26"}],"replies":[{"embeddable":true,"href":"https:\/\/www.middlecreekdental.net\/es\/wp-json\/wp\/v2\/comments?post=2043"}],"version-history":[{"count":19,"href":"https:\/\/www.middlecreekdental.net\/es\/wp-json\/wp\/v2\/pages\/2043\/revisions"}],"predecessor-version":[{"id":2205,"href":"https:\/\/www.middlecreekdental.net\/es\/wp-json\/wp\/v2\/pages\/2043\/revisions\/2205"}],"wp:attachment":[{"href":"https:\/\/www.middlecreekdental.net\/es\/wp-json\/wp\/v2\/media?parent=2043"}],"curies":[{"name":"gracias","href":"https:\/\/api.w.org\/{rel}","templated":true}]}}