{"id":2090,"date":"2025-08-29T19:00:12","date_gmt":"2025-08-29T19:00:12","guid":{"rendered":"https:\/\/www.middlecreekdental.net\/?page_id=2090"},"modified":"2026-04-16T16:13:26","modified_gmt":"2026-04-16T16:13:26","slug":"plaque-tartar-removal","status":"publish","type":"page","link":"https:\/\/www.middlecreekdental.net\/es\/plaque-tartar-removal\/","title":{"rendered":"Eliminaci\u00f3n de placa y sarro"},"content":{"rendered":"<div data-elementor-type=\"wp-page\" data-elementor-id=\"2090\" class=\"elementor elementor-2090\" data-elementor-post-type=\"page\">\n\t\t\t\t<div class=\"elementor-element elementor-element-0931503 e-con-full e-flex e-con e-parent\" data-id=\"0931503\" data-element_type=\"container\" data-e-type=\"container\" data-settings=\"{&quot;background_background&quot;:&quot;classic&quot;}\">\n\t\t<div class=\"elementor-element elementor-element-62032cc e-con-full e-flex e-con e-child\" data-id=\"62032cc\" data-element_type=\"container\" data-e-type=\"container\" data-settings=\"{&quot;background_background&quot;:&quot;classic&quot;}\">\n\t\t\t\t<div class=\"elementor-element elementor-element-9935f28 elementor-widget elementor-widget-heading\" data-id=\"9935f28\" data-element_type=\"widget\" data-e-type=\"widget\" data-widget_type=\"heading.default\">\n\t\t\t\t<div class=\"elementor-widget-container\">\n\t\t\t\t\t<h1 class=\"elementor-heading-title elementor-size-default\">Limpieza de placa y sarro<\/h1>\t\t\t\t<\/div>\n\t\t\t\t<\/div>\n\t\t\t\t<div class=\"elementor-element elementor-element-bcb6a7a elementor-widget elementor-widget-text-editor\" data-id=\"bcb6a7a\" data-element_type=\"widget\" data-e-type=\"widget\" data-widget_type=\"text-editor.default\">\n\t\t\t\t<div class=\"elementor-widget-container\">\n\t\t\t\t\t\t\t\t\t<p>En Nampa, Idaho<\/p>\t\t\t\t\t\t\t\t<\/div>\n\t\t\t\t<\/div>\n\t\t\t\t<\/div>\n\t\t\t\t<\/div>\n\t\t<div class=\"elementor-element elementor-element-71229f2 e-flex e-con-boxed e-con e-parent\" data-id=\"71229f2\" data-element_type=\"container\" data-e-type=\"container\">\n\t\t\t\t\t<div class=\"e-con-inner\">\n\t\t<div class=\"elementor-element elementor-element-8e928b9 e-con-full e-flex e-con e-child\" data-id=\"8e928b9\" data-element_type=\"container\" data-e-type=\"container\">\n\t\t\t\t<div class=\"elementor-element elementor-element-d4466e5 elementor-widget-tablet_extra__width-initial elementor-widget-tablet__width-initial elementor-widget elementor-widget-heading\" data-id=\"d4466e5\" data-element_type=\"widget\" data-e-type=\"widget\" data-widget_type=\"heading.default\">\n\t\t\t\t<div class=\"elementor-widget-container\">\n\t\t\t\t\t<h2 class=\"elementor-heading-title elementor-size-default\">Eliminaci\u00f3n de placa y sarro<\/h2>\t\t\t\t<\/div>\n\t\t\t\t<\/div>\n\t\t\t\t<div class=\"elementor-element elementor-element-ef1a0aa elementor-widget elementor-widget-text-editor\" data-id=\"ef1a0aa\" data-element_type=\"widget\" data-e-type=\"widget\" data-widget_type=\"text-editor.default\">\n\t\t\t\t<div class=\"elementor-widget-container\">\n\t\t\t\t\t\t\t\t\t<p data-start=\"160\" data-end=\"592\">Una sonrisa saludable comienza por mantener los dientes libres de placa y sarro. La placa es una pel\u00edcula suave y pegajosa de bacterias que se forma naturalmente en los dientes a lo largo del d\u00eda. Si bien el cepillado y el uso de hilo dental regulares eliminan gran parte de ella, la placa puede ser persistente y dif\u00edcil de alcanzar en ciertas zonas. Si no se elimina, se endurece y se convierte en sarro, que puede irritar las enc\u00edas, causar caries e incluso provocar enfermedades periodontales si no se trata.<\/p><p data-start=\"594\" data-end=\"898\">Una vez que se forma el sarro, no se puede eliminar en casa y requiere atenci\u00f3n profesional. En Middle Creek Dental estamos aqu\u00ed para ayudarle. Nuestro equipo se dedica a brindar limpiezas suaves y profundas que no solo eliminan la placa y el sarro, sino que tambi\u00e9n mantienen su boca fresca, sana y c\u00f3moda.<\/p>\t\t\t\t\t\t\t\t<\/div>\n\t\t\t\t<\/div>\n\t\t\t\t<div class=\"elementor-element elementor-element-ec93566 elementor-widget-tablet_extra__width-initial elementor-widget-tablet__width-initial elementor-widget elementor-widget-heading\" data-id=\"ec93566\" data-element_type=\"widget\" data-e-type=\"widget\" data-widget_type=\"heading.default\">\n\t\t\t\t<div class=\"elementor-widget-container\">\n\t\t\t\t\t<h3 class=\"elementor-heading-title elementor-size-default\">Qu\u00e9 esperar de nuestras limpiezas profesionales<\/h3>\t\t\t\t<\/div>\n\t\t\t\t<\/div>\n\t\t\t\t<div class=\"elementor-element elementor-element-70597dd elementor-widget elementor-widget-text-editor\" data-id=\"70597dd\" data-element_type=\"widget\" data-e-type=\"widget\" data-widget_type=\"text-editor.default\">\n\t\t\t\t<div class=\"elementor-widget-container\">\n\t\t\t\t\t\t\t\t\t<ul><li data-start=\"957\" data-end=\"1707\"><strong data-start=\"959\" data-end=\"988\">Examen dental completo<\/strong> \u2013 Cada visita comienza con una evaluaci\u00f3n cuidadosa de sus dientes y enc\u00edas, verificando si hay acumulaci\u00f3n y signos de problemas dentales tempranos.<\/li><li data-start=\"957\" data-end=\"1707\"><strong data-start=\"1122\" data-end=\"1140\">Escalado suave<\/strong> \u2013 Nuestros higienistas utilizan herramientas especializadas para eliminar cuidadosamente el sarro por encima y por debajo de la l\u00ednea de las enc\u00edas sin causar molestias.<\/li><li data-start=\"957\" data-end=\"1707\"><strong data-start=\"1270\" data-end=\"1293\">Tratamiento de pulido<\/strong> \u2013 Los dientes se pulen para alisar la superficie, dificultando que la placa se adhiera y dejando tu sonrisa m\u00e1s brillante.<\/li><li data-start=\"957\" data-end=\"1707\"><strong data-start=\"1415\" data-end=\"1447\">Fluoruro y atenci\u00f3n preventiva<\/strong> \u2013 En algunos casos, se recomiendan tratamientos con fl\u00faor para fortalecer el esmalte y protegerlo contra las caries.<\/li><li data-start=\"957\" data-end=\"1707\"><strong data-start=\"1556\" data-end=\"1591\">Orientaci\u00f3n personalizada para el cuidado domiciliario<\/strong> \u2013 Nos tomamos el tiempo para compartir consejos sobre el cepillado, el uso del hilo dental y la dieta para que pueda mantener la placa bajo control entre visitas.<\/li><\/ul>\t\t\t\t\t\t\t\t<\/div>\n\t\t\t\t<\/div>\n\t\t\t\t<\/div>\n\t\t<div class=\"elementor-element elementor-element-a36b784 e-con-full e-flex e-con e-child\" data-id=\"a36b784\" data-element_type=\"container\" data-e-type=\"container\" data-settings=\"{&quot;background_background&quot;:&quot;classic&quot;}\">\n\t\t\t\t<div class=\"elementor-element elementor-element-bb0c8fe elementor-widget-tablet__width-inherit elementor-widget elementor-widget-image\" data-id=\"bb0c8fe\" data-element_type=\"widget\" data-e-type=\"widget\" data-widget_type=\"image.default\">\n\t\t\t\t<div class=\"elementor-widget-container\">\n\t\t\t\t\t\t\t\t\t\t\t\t\t\t\t<img fetchpriority=\"high\" decoding=\"async\" width=\"800\" height=\"534\" src=\"https:\/\/cdn.webnamesandnumbers.com\/wp-content\/uploads\/sites\/950\/2024\/05\/20190146\/dentistry-1024x683.jpg\" class=\"attachment-large size-large wp-image-722\" alt=\"Dentistry services\" srcset=\"https:\/\/cdn.webnamesandnumbers.com\/wp-content\/uploads\/sites\/950\/2024\/05\/20190146\/dentistry-1024x683.jpg 1024w, https:\/\/cdn.webnamesandnumbers.com\/wp-content\/uploads\/sites\/950\/2024\/05\/20190146\/dentistry-300x200.jpg 300w, https:\/\/cdn.webnamesandnumbers.com\/wp-content\/uploads\/sites\/950\/2024\/05\/20190146\/dentistry-768x512.jpg 768w, https:\/\/cdn.webnamesandnumbers.com\/wp-content\/uploads\/sites\/950\/2024\/05\/20190146\/dentistry-1536x1024.jpg 1536w, https:\/\/cdn.webnamesandnumbers.com\/wp-content\/uploads\/sites\/950\/2024\/05\/20190146\/dentistry.jpg 1900w\" sizes=\"(max-width: 800px) 100vw, 800px\" \/>\t\t\t\t\t\t\t\t\t\t\t\t\t\t\t<\/div>\n\t\t\t\t<\/div>\n\t\t\t\t<\/div>\n\t\t\t\t\t<\/div>\n\t\t\t\t<\/div>\n\t\t<div class=\"elementor-element elementor-element-19679f2 e-flex e-con-boxed e-con e-parent\" data-id=\"19679f2\" data-element_type=\"container\" data-e-type=\"container\" data-settings=\"{&quot;background_background&quot;:&quot;classic&quot;}\">\n\t\t\t\t\t<div class=\"e-con-inner\">\n\t\t\t\t<div class=\"elementor-element elementor-element-ae12902 elementor-widget elementor-widget-text-editor\" data-id=\"ae12902\" data-element_type=\"widget\" data-e-type=\"widget\" data-widget_type=\"text-editor.default\">\n\t\t\t\t<div class=\"elementor-widget-container\">\n\t\t\t\t\t\t\t\t\t<p>Una sonrisa m\u00e1s limpia y un yo m\u00e1s saludable<\/p>\t\t\t\t\t\t\t\t<\/div>\n\t\t\t\t<\/div>\n\t\t<div class=\"elementor-element elementor-element-7712672 e-con-full e-flex e-con e-child\" data-id=\"7712672\" data-element_type=\"container\" data-e-type=\"container\">\n\t\t<div class=\"elementor-element elementor-element-86f2000 e-con-full e-flex e-con e-child\" data-id=\"86f2000\" data-element_type=\"container\" data-e-type=\"container\">\n\t\t\t\t<div class=\"elementor-element elementor-element-dc21715 elementor-widget elementor-widget-text-editor\" data-id=\"dc21715\" data-element_type=\"widget\" data-e-type=\"widget\" data-widget_type=\"text-editor.default\">\n\t\t\t\t<div class=\"elementor-widget-container\">\n\t\t\t\t\t\t\t\t\t<h4 data-start=\"1129\" data-end=\"1156\"><em>Por qu\u00e9 son importantes las limpiezas de rutina<\/em><\/h4><p data-start=\"1745\" data-end=\"2077\">Las limpiezas dentales profesionales hacen m\u00e1s que simplemente mantener una sonrisa radiante. Ayudan a prevenir enfermedades de las enc\u00edas, caries y la p\u00e9rdida de dientes, evit\u00e1ndole tratamientos dentales m\u00e1s serios y costosos en el futuro. Lo m\u00e1s importante es que las limpiezas son c\u00f3modas, r\u00e1pidas y le dejan una sonrisa m\u00e1s fresca y saludable en la que puede confiar.<\/p>\t\t\t\t\t\t\t\t<\/div>\n\t\t\t\t<\/div>\n\t\t\t\t<\/div>\n\t\t<div class=\"elementor-element elementor-element-0fd1aa0 e-con-full e-flex e-con e-child\" data-id=\"0fd1aa0\" data-element_type=\"container\" data-e-type=\"container\">\n\t\t\t\t<div class=\"elementor-element elementor-element-b39049c elementor-widget elementor-widget-text-editor\" data-id=\"b39049c\" data-element_type=\"widget\" data-e-type=\"widget\" data-widget_type=\"text-editor.default\">\n\t\t\t\t<div class=\"elementor-widget-container\">\n\t\t\t\t\t\t\t\t\t<h4 data-start=\"1490\" data-end=\"1520\"><i>Odontolog\u00eda amable y atenta en Nampa, ID<\/i><\/h4><p data-start=\"2124\" data-end=\"2482\">En Middle Creek Dental, entendemos que ir al dentista puede resultar intimidante para algunos pacientes. Por eso, nuestro equipo se centra en la comodidad y la compasi\u00f3n, creando un ambiente acogedor donde se sienta a gusto. Ya sea que hayan pasado seis meses o varios a\u00f1os desde su \u00faltima limpieza, recibir\u00e1 un trato amable y atento de principio a fin.<\/p>\t\t\t\t\t\t\t\t<\/div>\n\t\t\t\t<\/div>\n\t\t\t\t<\/div>\n\t\t\t\t<\/div>\n\t\t\t\t\t<\/div>\n\t\t\t\t<\/div>\n\t\t<div class=\"elementor-element elementor-element-9c8caa8 e-flex e-con-boxed e-con e-parent\" data-id=\"9c8caa8\" data-element_type=\"container\" data-e-type=\"container\">\n\t\t\t\t\t<div class=\"e-con-inner\">\n\t\t<div class=\"elementor-element elementor-element-1ab0bed e-con-full e-flex e-con e-child\" data-id=\"1ab0bed\" data-element_type=\"container\" data-e-type=\"container\">\n\t\t\t\t<div class=\"elementor-element elementor-element-c8ccb4b elementor-widget-tablet__width-inherit elementor-widget elementor-widget-image\" data-id=\"c8ccb4b\" data-element_type=\"widget\" data-e-type=\"widget\" data-widget_type=\"image.default\">\n\t\t\t\t<div class=\"elementor-widget-container\">\n\t\t\t\t\t\t\t\t\t\t\t\t\t\t\t<img decoding=\"async\" width=\"800\" height=\"534\" src=\"https:\/\/cdn.webnamesandnumbers.com\/wp-content\/uploads\/sites\/950\/2024\/05\/20205810\/appointment-1024x683.jpg\" class=\"attachment-large size-large wp-image-853\" alt=\"Schedule an appointment at Middle Creek Dental\" srcset=\"https:\/\/cdn.webnamesandnumbers.com\/wp-content\/uploads\/sites\/950\/2024\/05\/20205810\/appointment-1024x683.jpg 1024w, https:\/\/cdn.webnamesandnumbers.com\/wp-content\/uploads\/sites\/950\/2024\/05\/20205810\/appointment-300x200.jpg 300w, https:\/\/cdn.webnamesandnumbers.com\/wp-content\/uploads\/sites\/950\/2024\/05\/20205810\/appointment-768x512.jpg 768w, https:\/\/cdn.webnamesandnumbers.com\/wp-content\/uploads\/sites\/950\/2024\/05\/20205810\/appointment-1536x1024.jpg 1536w, https:\/\/cdn.webnamesandnumbers.com\/wp-content\/uploads\/sites\/950\/2024\/05\/20205810\/appointment.jpg 1900w\" sizes=\"(max-width: 800px) 100vw, 800px\" \/>\t\t\t\t\t\t\t\t\t\t\t\t\t\t\t<\/div>\n\t\t\t\t<\/div>\n\t\t\t\t<\/div>\n\t\t<div class=\"elementor-element elementor-element-bb1ace7 e-con-full e-flex e-con e-child\" data-id=\"bb1ace7\" data-element_type=\"container\" data-e-type=\"container\">\n\t\t\t\t<div class=\"elementor-element elementor-element-2380116 elementor-widget elementor-widget-text-editor\" data-id=\"2380116\" data-element_type=\"widget\" data-e-type=\"widget\" data-widget_type=\"text-editor.default\">\n\t\t\t\t<div class=\"elementor-widget-container\">\n\t\t\t\t\t\t\t\t\t<p data-start=\"2520\" data-end=\"2880\">La placa y el sarro son parte de la vida, pero no tienen por qu\u00e9 amenazar su sonrisa. Deje que Middle Creek Dental le ayude a proteger su salud bucal con limpiezas profesionales suaves, efectivas y personalizadas. Llame hoy mismo a nuestra oficina en Nampa, ID para programar su cita y dar el siguiente paso hacia una sonrisa m\u00e1s brillante y saludable.<\/p><h4 data-start=\"2432\" data-end=\"2467\"><em>Programe su cita hoy<\/em><\/h4><p data-start=\"36\" data-end=\"177\">Cuida tu sonrisa antes de que surjan problemas. Programar limpiezas profesionales regulares ayuda a mantener tus dientes y enc\u00edas sanos todo el a\u00f1o.<\/p><p data-start=\"2611\" data-end=\"2726\"><strong data-start=\"2611\" data-end=\"2724\">Llame a Middle Creek Dental en Nampa, ID hoy al <a href=\"tel:208-466-7424\">(208) 466-7424<\/a> para programar su pr\u00f3xima limpieza y examen dental.<\/strong><\/p>\t\t\t\t\t\t\t\t<\/div>\n\t\t\t\t<\/div>\n\t\t\t\t<div class=\"elementor-element elementor-element-0374e4c elementor-align-justify elementor-widget__width-initial elementor-widget-tablet_extra__width-initial elementor-widget-tablet__width-initial elementor-widget-mobile__width-initial elementor-widget elementor-widget-button\" data-id=\"0374e4c\" data-element_type=\"widget\" data-e-type=\"widget\" data-widget_type=\"button.default\">\n\t\t\t\t<div class=\"elementor-widget-container\">\n\t\t\t\t\t\t\t\t\t<div class=\"elementor-button-wrapper\">\n\t\t\t\t\t<a class=\"elementor-button elementor-button-link elementor-size-sm\" href=\"https:\/\/www.middlecreekdental.net\/es\/contact-us\/\">\n\t\t\t\t\t\t<span class=\"elementor-button-content-wrapper\">\n\t\t\t\t\t\t\t\t\t<span class=\"elementor-button-text\">Cont\u00e1ctenos<\/span>\n\t\t\t\t\t<\/span>\n\t\t\t\t\t<\/a>\n\t\t\t\t<\/div>\n\t\t\t\t\t\t\t\t<\/div>\n\t\t\t\t<\/div>\n\t\t\t\t<\/div>\n\t\t\t\t\t<\/div>\n\t\t\t\t<\/div>\n\t\t\t\t<\/div>","protected":false},"excerpt":{"rendered":"<p>Plaque and Tartar Cleanings In Nampa, Idaho Plaque and Tartar Removal A healthy smile starts with keeping your teeth free of plaque and tartar. Plaque is a soft, sticky film of bacteria that naturally forms on your teeth throughout the day. While regular brushing and flossing remove much of it, plaque can be stubborn and [&hellip;]<\/p>\n","protected":false},"author":26,"featured_media":0,"parent":0,"menu_order":0,"comment_status":"closed","ping_status":"closed","template":"","meta":{"footnotes":""},"class_list":["post-2090","page","type-page","status-publish","hentry"],"yoast_head":"<!-- This site is optimized with the Yoast SEO plugin v27.3 - https:\/\/yoast.com\/product\/yoast-seo-wordpress\/ -->\n<title>Plaque &amp; Tartar Removal in Nampa, ID - Middle Creek Dental<\/title>\n<meta name=\"description\" content=\"Maintain a healthy smile with gentle plaque and tartar removal at Middle Creek Dental, serving patients in Nampa, ID. Schedule with us today!\" \/>\n<meta name=\"robots\" content=\"index, follow, max-snippet:-1, max-image-preview:large, max-video-preview:-1\" \/>\n<link rel=\"canonical\" href=\"https:\/\/www.middlecreekdental.net\/es\/plaque-tartar-removal\/\" \/>\n<meta property=\"og:locale\" content=\"es_MX\" \/>\n<meta property=\"og:type\" content=\"article\" \/>\n<meta property=\"og:title\" content=\"Plaque &amp; Tartar Removal in Nampa, ID - Middle Creek Dental\" \/>\n<meta property=\"og:description\" content=\"Maintain a healthy smile with gentle plaque and tartar removal at Middle Creek Dental, serving patients in Nampa, ID. Schedule with us today!\" \/>\n<meta property=\"og:url\" content=\"https:\/\/www.middlecreekdental.net\/es\/plaque-tartar-removal\/\" \/>\n<meta property=\"og:site_name\" content=\"Middle Creek Dental\" \/>\n<meta property=\"article:modified_time\" content=\"2026-04-16T16:13:26+00:00\" \/>\n<meta property=\"og:image\" content=\"https:\/\/www.middlecreekdental.net\/wp-content\/uploads\/sites\/950\/2024\/05\/dentistry-1024x683.jpg\" \/>\n<meta name=\"twitter:card\" content=\"summary_large_image\" \/>\n<meta name=\"twitter:label1\" content=\"Tiempo de lectura\" \/>\n\t<meta name=\"twitter:data1\" content=\"3 minutos\" \/>\n<script type=\"application\/ld+json\" class=\"yoast-schema-graph\">{\"@context\":\"https:\\\/\\\/schema.org\",\"@graph\":[{\"@type\":\"WebPage\",\"@id\":\"https:\\\/\\\/www.middlecreekdental.net\\\/plaque-tartar-removal\\\/\",\"url\":\"https:\\\/\\\/www.middlecreekdental.net\\\/plaque-tartar-removal\\\/\",\"name\":\"Plaque & Tartar Removal in Nampa, ID - Middle Creek Dental\",\"isPartOf\":{\"@id\":\"https:\\\/\\\/www.middlecreekdental.net\\\/#website\"},\"primaryImageOfPage\":{\"@id\":\"https:\\\/\\\/www.middlecreekdental.net\\\/plaque-tartar-removal\\\/#primaryimage\"},\"image\":{\"@id\":\"https:\\\/\\\/www.middlecreekdental.net\\\/plaque-tartar-removal\\\/#primaryimage\"},\"thumbnailUrl\":\"https:\\\/\\\/www.middlecreekdental.net\\\/wp-content\\\/uploads\\\/sites\\\/950\\\/2024\\\/05\\\/dentistry-1024x683.jpg\",\"datePublished\":\"2025-08-29T19:00:12+00:00\",\"dateModified\":\"2026-04-16T16:13:26+00:00\",\"description\":\"Maintain a healthy smile with gentle plaque and tartar removal at Middle Creek Dental, serving patients in Nampa, ID. Schedule with us today!\",\"breadcrumb\":{\"@id\":\"https:\\\/\\\/www.middlecreekdental.net\\\/plaque-tartar-removal\\\/#breadcrumb\"},\"inLanguage\":\"es\",\"potentialAction\":[{\"@type\":\"ReadAction\",\"target\":[\"https:\\\/\\\/www.middlecreekdental.net\\\/plaque-tartar-removal\\\/\"]}]},{\"@type\":\"ImageObject\",\"inLanguage\":\"es\",\"@id\":\"https:\\\/\\\/www.middlecreekdental.net\\\/plaque-tartar-removal\\\/#primaryimage\",\"url\":\"https:\\\/\\\/www.middlecreekdental.net\\\/wp-content\\\/uploads\\\/sites\\\/950\\\/2024\\\/05\\\/dentistry-1024x683.jpg\",\"contentUrl\":\"https:\\\/\\\/www.middlecreekdental.net\\\/wp-content\\\/uploads\\\/sites\\\/950\\\/2024\\\/05\\\/dentistry-1024x683.jpg\"},{\"@type\":\"BreadcrumbList\",\"@id\":\"https:\\\/\\\/www.middlecreekdental.net\\\/plaque-tartar-removal\\\/#breadcrumb\",\"itemListElement\":[{\"@type\":\"ListItem\",\"position\":1,\"name\":\"Home\",\"item\":\"https:\\\/\\\/www.middlecreekdental.net\\\/\"},{\"@type\":\"ListItem\",\"position\":2,\"name\":\"Plaque &amp; Tartar Removal\"}]},{\"@type\":\"WebSite\",\"@id\":\"https:\\\/\\\/www.middlecreekdental.net\\\/#website\",\"url\":\"https:\\\/\\\/www.middlecreekdental.net\\\/\",\"name\":\"Middle Creek Dental\",\"description\":\"Dentist\",\"publisher\":{\"@id\":\"https:\\\/\\\/www.middlecreekdental.net\\\/#organization\"},\"potentialAction\":[{\"@type\":\"SearchAction\",\"target\":{\"@type\":\"EntryPoint\",\"urlTemplate\":\"https:\\\/\\\/www.middlecreekdental.net\\\/?s={search_term_string}\"},\"query-input\":{\"@type\":\"PropertyValueSpecification\",\"valueRequired\":true,\"valueName\":\"search_term_string\"}}],\"inLanguage\":\"es\"},{\"@type\":\"Organization\",\"@id\":\"https:\\\/\\\/www.middlecreekdental.net\\\/#organization\",\"name\":\"Middle Creek Dental\",\"url\":\"https:\\\/\\\/www.middlecreekdental.net\\\/\",\"logo\":{\"@type\":\"ImageObject\",\"inLanguage\":\"es\",\"@id\":\"https:\\\/\\\/www.middlecreekdental.net\\\/#\\\/schema\\\/logo\\\/image\\\/\",\"url\":\"https:\\\/\\\/cdn.webnamesandnumbers.com\\\/wp-content\\\/uploads\\\/sites\\\/950\\\/2024\\\/05\\\/15211734\\\/middle-creek-dental-e1715864487119.png\",\"contentUrl\":\"https:\\\/\\\/cdn.webnamesandnumbers.com\\\/wp-content\\\/uploads\\\/sites\\\/950\\\/2024\\\/05\\\/15211734\\\/middle-creek-dental-e1715864487119.png\",\"width\":1097,\"height\":679,\"caption\":\"Middle Creek Dental\"},\"image\":{\"@id\":\"https:\\\/\\\/www.middlecreekdental.net\\\/#\\\/schema\\\/logo\\\/image\\\/\"}}]}<\/script>\n<!-- \/ Yoast SEO plugin. -->","yoast_head_json":{"title":"Plaque & Tartar Removal in Nampa, ID - Middle Creek Dental","description":"Maintain a healthy smile with gentle plaque and tartar removal at Middle Creek Dental, serving patients in Nampa, ID. Schedule with us today!","robots":{"index":"index","follow":"follow","max-snippet":"max-snippet:-1","max-image-preview":"max-image-preview:large","max-video-preview":"max-video-preview:-1"},"canonical":"https:\/\/www.middlecreekdental.net\/es\/plaque-tartar-removal\/","og_locale":"es_MX","og_type":"article","og_title":"Plaque & Tartar Removal in Nampa, ID - Middle Creek Dental","og_description":"Maintain a healthy smile with gentle plaque and tartar removal at Middle Creek Dental, serving patients in Nampa, ID. Schedule with us today!","og_url":"https:\/\/www.middlecreekdental.net\/es\/plaque-tartar-removal\/","og_site_name":"Middle Creek Dental","article_modified_time":"2026-04-16T16:13:26+00:00","og_image":[{"url":"https:\/\/www.middlecreekdental.net\/wp-content\/uploads\/sites\/950\/2024\/05\/dentistry-1024x683.jpg","type":"","width":"","height":""}],"twitter_card":"summary_large_image","twitter_misc":{"Tiempo de lectura":"3 minutos"},"schema":{"@context":"https:\/\/schema.org","@graph":[{"@type":"WebPage","@id":"https:\/\/www.middlecreekdental.net\/plaque-tartar-removal\/","url":"https:\/\/www.middlecreekdental.net\/plaque-tartar-removal\/","name":"Plaque & Tartar Removal in Nampa, ID - Middle Creek Dental","isPartOf":{"@id":"https:\/\/www.middlecreekdental.net\/#website"},"primaryImageOfPage":{"@id":"https:\/\/www.middlecreekdental.net\/plaque-tartar-removal\/#primaryimage"},"image":{"@id":"https:\/\/www.middlecreekdental.net\/plaque-tartar-removal\/#primaryimage"},"thumbnailUrl":"https:\/\/www.middlecreekdental.net\/wp-content\/uploads\/sites\/950\/2024\/05\/dentistry-1024x683.jpg","datePublished":"2025-08-29T19:00:12+00:00","dateModified":"2026-04-16T16:13:26+00:00","description":"Maintain a healthy smile with gentle plaque and tartar removal at Middle Creek Dental, serving patients in Nampa, ID. Schedule with us today!","breadcrumb":{"@id":"https:\/\/www.middlecreekdental.net\/plaque-tartar-removal\/#breadcrumb"},"inLanguage":"es","potentialAction":[{"@type":"ReadAction","target":["https:\/\/www.middlecreekdental.net\/plaque-tartar-removal\/"]}]},{"@type":"ImageObject","inLanguage":"es","@id":"https:\/\/www.middlecreekdental.net\/plaque-tartar-removal\/#primaryimage","url":"https:\/\/www.middlecreekdental.net\/wp-content\/uploads\/sites\/950\/2024\/05\/dentistry-1024x683.jpg","contentUrl":"https:\/\/www.middlecreekdental.net\/wp-content\/uploads\/sites\/950\/2024\/05\/dentistry-1024x683.jpg"},{"@type":"BreadcrumbList","@id":"https:\/\/www.middlecreekdental.net\/plaque-tartar-removal\/#breadcrumb","itemListElement":[{"@type":"ListItem","position":1,"name":"Home","item":"https:\/\/www.middlecreekdental.net\/"},{"@type":"ListItem","position":2,"name":"Plaque &amp; Tartar Removal"}]},{"@type":"WebSite","@id":"https:\/\/www.middlecreekdental.net\/#website","url":"https:\/\/www.middlecreekdental.net\/","name":"Odontolog\u00eda de Middle Creek","description":"Dentista","publisher":{"@id":"https:\/\/www.middlecreekdental.net\/#organization"},"potentialAction":[{"@type":"SearchAction","target":{"@type":"EntryPoint","urlTemplate":"https:\/\/www.middlecreekdental.net\/?s={search_term_string}"},"query-input":{"@type":"PropertyValueSpecification","valueRequired":true,"valueName":"search_term_string"}}],"inLanguage":"es"},{"@type":"Organization","@id":"https:\/\/www.middlecreekdental.net\/#organization","name":"Odontolog\u00eda de Middle Creek","url":"https:\/\/www.middlecreekdental.net\/","logo":{"@type":"ImageObject","inLanguage":"es","@id":"https:\/\/www.middlecreekdental.net\/#\/schema\/logo\/image\/","url":"https:\/\/cdn.webnamesandnumbers.com\/wp-content\/uploads\/sites\/950\/2024\/05\/15211734\/middle-creek-dental-e1715864487119.png","contentUrl":"https:\/\/cdn.webnamesandnumbers.com\/wp-content\/uploads\/sites\/950\/2024\/05\/15211734\/middle-creek-dental-e1715864487119.png","width":1097,"height":679,"caption":"Middle Creek Dental"},"image":{"@id":"https:\/\/www.middlecreekdental.net\/#\/schema\/logo\/image\/"}}]}},"_links":{"self":[{"href":"https:\/\/www.middlecreekdental.net\/es\/wp-json\/wp\/v2\/pages\/2090","targetHints":{"allow":["GET"]}}],"collection":[{"href":"https:\/\/www.middlecreekdental.net\/es\/wp-json\/wp\/v2\/pages"}],"about":[{"href":"https:\/\/www.middlecreekdental.net\/es\/wp-json\/wp\/v2\/types\/page"}],"author":[{"embeddable":true,"href":"https:\/\/www.middlecreekdental.net\/es\/wp-json\/wp\/v2\/users\/26"}],"replies":[{"embeddable":true,"href":"https:\/\/www.middlecreekdental.net\/es\/wp-json\/wp\/v2\/comments?post=2090"}],"version-history":[{"count":16,"href":"https:\/\/www.middlecreekdental.net\/es\/wp-json\/wp\/v2\/pages\/2090\/revisions"}],"predecessor-version":[{"id":2249,"href":"https:\/\/www.middlecreekdental.net\/es\/wp-json\/wp\/v2\/pages\/2090\/revisions\/2249"}],"wp:attachment":[{"href":"https:\/\/www.middlecreekdental.net\/es\/wp-json\/wp\/v2\/media?parent=2090"}],"curies":[{"name":"gracias","href":"https:\/\/api.w.org\/{rel}","templated":true}]}}