{"id":2107,"date":"2025-10-14T13:26:59","date_gmt":"2025-10-14T13:26:59","guid":{"rendered":"https:\/\/www.middlecreekdental.net\/?page_id=2107"},"modified":"2026-04-16T15:44:22","modified_gmt":"2026-04-16T15:44:22","slug":"dental-implants-in-caldwell-id","status":"publish","type":"page","link":"https:\/\/www.middlecreekdental.net\/es\/dental-implants-in-caldwell-id\/","title":{"rendered":"Implantes dentales en Caldwell, ID"},"content":{"rendered":"<div data-elementor-type=\"wp-page\" data-elementor-id=\"2107\" class=\"elementor elementor-2107\" data-elementor-post-type=\"page\">\n\t\t\t\t<div class=\"elementor-element elementor-element-c879331 e-con-full e-flex e-con e-parent\" data-id=\"c879331\" data-element_type=\"container\" data-e-type=\"container\" data-settings=\"{&quot;background_background&quot;:&quot;classic&quot;}\">\n\t\t<div class=\"elementor-element elementor-element-07bce8e e-con-full e-flex e-con e-child\" data-id=\"07bce8e\" data-element_type=\"container\" data-e-type=\"container\" data-settings=\"{&quot;background_background&quot;:&quot;classic&quot;}\">\n\t\t\t\t<div class=\"elementor-element elementor-element-e65cba5 elementor-widget elementor-widget-heading\" data-id=\"e65cba5\" data-element_type=\"widget\" data-e-type=\"widget\" data-widget_type=\"heading.default\">\n\t\t\t\t<div class=\"elementor-widget-container\">\n\t\t\t\t\t<h1 class=\"elementor-heading-title elementor-size-default\">Implantes dentales<\/h1>\t\t\t\t<\/div>\n\t\t\t\t<\/div>\n\t\t\t\t<div class=\"elementor-element elementor-element-f4d4962 elementor-widget elementor-widget-text-editor\" data-id=\"f4d4962\" data-element_type=\"widget\" data-e-type=\"widget\" data-widget_type=\"text-editor.default\">\n\t\t\t\t<div class=\"elementor-widget-container\">\n\t\t\t\t\t\t\t\t\t<p>en Caldwell, ID<\/p>\t\t\t\t\t\t\t\t<\/div>\n\t\t\t\t<\/div>\n\t\t\t\t<\/div>\n\t\t\t\t<\/div>\n\t\t<div class=\"elementor-element elementor-element-8f5708a e-flex e-con-boxed e-con e-parent\" data-id=\"8f5708a\" data-element_type=\"container\" data-e-type=\"container\" data-settings=\"{&quot;background_background&quot;:&quot;classic&quot;}\">\n\t\t\t\t\t<div class=\"e-con-inner\">\n\t\t\t\t<div class=\"elementor-element elementor-element-f2cec5d elementor-widget elementor-widget-text-editor\" data-id=\"f2cec5d\" data-element_type=\"widget\" data-e-type=\"widget\" data-widget_type=\"text-editor.default\">\n\t\t\t\t<div class=\"elementor-widget-container\">\n\t\t\t\t\t\t\t\t\t<p>Bienvenido a Middle Creek Dental, donde nos comprometemos a brindar <strong>Atenci\u00f3n dental suave y personalizada<\/strong> A las comunidades de Caldwell y alrededores. Si est\u00e1 considerando los implantes dentales como soluci\u00f3n para la falta de dientes, est\u00e1 en excelentes manos. Ubicados convenientemente en Nampa, ID, ofrecemos servicios integrales de implantes. <strong>tecnolog\u00eda de vanguardia<\/strong> Para restaurar tanto la funci\u00f3n como la est\u00e9tica de su sonrisa.<\/p>\t\t\t\t\t\t\t\t<\/div>\n\t\t\t\t<\/div>\n\t\t<div class=\"elementor-element elementor-element-be51ef8 e-con-full e-flex e-con e-child\" data-id=\"be51ef8\" data-element_type=\"container\" data-e-type=\"container\">\n\t\t<div class=\"elementor-element elementor-element-b9bfdbe e-con-full e-flex e-con e-child\" data-id=\"b9bfdbe\" data-element_type=\"container\" data-e-type=\"container\">\n\t\t\t\t<div class=\"elementor-element elementor-element-1804ea3 elementor-widget elementor-widget-text-editor\" data-id=\"1804ea3\" data-element_type=\"widget\" data-e-type=\"widget\" data-widget_type=\"text-editor.default\">\n\t\t\t\t<div class=\"elementor-widget-container\">\n\t\t\t\t\t\t\t\t\t<h2>\u00bfQu\u00e9 son los implantes dentales?<\/h2><p>Los implantes dentales son una soluci\u00f3n revolucionaria para quienes han perdido uno o m\u00e1s dientes. Son ra\u00edces dentales artificiales, generalmente de titanio, que se colocan quir\u00fargicamente en el hueso maxilar. Una vez integrados al hueso, proporcionan una base s\u00f3lida para coronas, puentes o pr\u00f3tesis dentales, reemplazando eficazmente los dientes faltantes y restaurando su sonrisa natural.<\/p><h3>\u00a0<\/h3><h3>Beneficios de los implantes dentales<\/h3><ul><li><strong><em>Durabilidad:<\/em><\/strong> Con el cuidado adecuado, los implantes dentales pueden durar toda la vida, lo que los convierte en una inversi\u00f3n valiosa.<\/li><li><strong><em>Salud bucal mejorada:<\/em><\/strong> Los implantes no requieren la reducci\u00f3n de otros dientes, como ocurre con un puente dentoportado. Esto significa que se conservan m\u00e1s dientes propios intactos, lo que mejora la salud bucal a largo plazo.<\/li><li><strong><em>Apariencia natural:<\/em><\/strong> Los implantes dentales se ven y se sienten como sus propios dientes. Son permanentes porque est\u00e1n dise\u00f1ados para fusionarse con el hueso.<\/li><li><strong><em>Funcionalidad mejorada:<\/em><\/strong> Disfrute de sus comidas favoritas con confianza. Los implantes funcionan como dientes naturales, recuperando la fuerza de su mordida.<\/li><li><strong><em>Aumento de la confianza:<\/em><\/strong> Con los implantes, usted puede sonre\u00edr sin preocuparse por espacios entre sus dientes o por el deslizamiento de las dentaduras postizas.<\/li><\/ul>\t\t\t\t\t\t\t\t<\/div>\n\t\t\t\t<\/div>\n\t\t\t\t<\/div>\n\t\t<div class=\"elementor-element elementor-element-6dba359 e-con-full e-flex e-con e-child\" data-id=\"6dba359\" data-element_type=\"container\" data-e-type=\"container\">\n\t\t\t\t<div class=\"elementor-element elementor-element-6a15323 elementor-widget elementor-widget-text-editor\" data-id=\"6a15323\" data-element_type=\"widget\" data-e-type=\"widget\" data-widget_type=\"text-editor.default\">\n\t\t\t\t<div class=\"elementor-widget-container\">\n\t\t\t\t\t\t\t\t\t<h2>\u00bfPor qu\u00e9 elegir Middle Creek Dental?<\/h2><p>En Middle Creek Dental, nos enorgullecemos de ser <u>El consultorio dental general y cosm\u00e9tico de primer nivel de Nampa<\/u>Liderados por el Dr. Shaun Christensen, nuestro equipo le ofrece una experiencia inigualable combinada con una atenci\u00f3n compasiva. Esto es lo que nos distingue. <strong>elecci\u00f3n correcta<\/strong> Para sus necesidades de implantes dentales:<\/p><ul><li><strong><em>\u00daltima tecnolog\u00eda:<\/em><\/strong> Utilizamos equipos de \u00faltima generaci\u00f3n para garantizar precisi\u00f3n y comodidad.<\/li><li><strong><em>Equipo experimentado:<\/em><\/strong> Nuestro equipo est\u00e1 altamente capacitado en implantolog\u00eda dental, garantizando que reciba la mejor atenci\u00f3n posible.<\/li><li><strong><em>Servicios Integrales:<\/em><\/strong> Desde la consulta inicial hasta el cuidado posterior al implante, ofrecemos una gama completa de servicios, incluido el injerto \u00f3seo si es necesario.<\/li><li><strong><em>Enfoque centrado en el paciente:<\/em><\/strong> Su comodidad y satisfacci\u00f3n son nuestra m\u00e1xima prioridad. Nos comprometemos a brindarle una atenci\u00f3n personalizada adaptada a sus necesidades espec\u00edficas.<\/li><li><strong><em>Se habla espa\u00f1ol:<\/em><\/strong> Estamos orgullosos de ofrecer servicios en espa\u00f1ol para servir mejor a nuestra diversa comunidad.<\/li><\/ul>\t\t\t\t\t\t\t\t<\/div>\n\t\t\t\t<\/div>\n\t\t\t\t<\/div>\n\t\t\t\t<\/div>\n\t\t\t\t\t<\/div>\n\t\t\t\t<\/div>\n\t\t<div class=\"elementor-element elementor-element-c511f22 e-flex e-con-boxed e-con e-parent\" data-id=\"c511f22\" data-element_type=\"container\" data-e-type=\"container\">\n\t\t\t\t\t<div class=\"e-con-inner\">\n\t\t<div class=\"elementor-element elementor-element-0d72d2e e-con-full e-flex e-con e-child\" data-id=\"0d72d2e\" data-element_type=\"container\" data-e-type=\"container\">\n\t\t\t\t<div class=\"elementor-element elementor-element-b96d16e elementor-widget-tablet__width-inherit elementor-widget elementor-widget-image\" data-id=\"b96d16e\" data-element_type=\"widget\" data-e-type=\"widget\" data-widget_type=\"image.default\">\n\t\t\t\t<div class=\"elementor-widget-container\">\n\t\t\t\t\t\t\t\t\t\t\t\t\t\t\t<img fetchpriority=\"high\" decoding=\"async\" width=\"800\" height=\"630\" src=\"https:\/\/cdn.webnamesandnumbers.com\/wp-content\/uploads\/sites\/950\/2024\/05\/21200653\/TOOTHBRUSH-1024x807.jpg\" class=\"attachment-large size-large wp-image-1180\" alt=\"Toothbrush\" srcset=\"https:\/\/cdn.webnamesandnumbers.com\/wp-content\/uploads\/sites\/950\/2024\/05\/21200653\/TOOTHBRUSH-1024x807.jpg 1024w, https:\/\/cdn.webnamesandnumbers.com\/wp-content\/uploads\/sites\/950\/2024\/05\/21200653\/TOOTHBRUSH-300x236.jpg 300w, https:\/\/cdn.webnamesandnumbers.com\/wp-content\/uploads\/sites\/950\/2024\/05\/21200653\/TOOTHBRUSH-768x605.jpg 768w, https:\/\/cdn.webnamesandnumbers.com\/wp-content\/uploads\/sites\/950\/2024\/05\/21200653\/TOOTHBRUSH-1536x1210.jpg 1536w, https:\/\/cdn.webnamesandnumbers.com\/wp-content\/uploads\/sites\/950\/2024\/05\/21200653\/TOOTHBRUSH.jpg 1900w\" sizes=\"(max-width: 800px) 100vw, 800px\" \/>\t\t\t\t\t\t\t\t\t\t\t\t\t\t\t<\/div>\n\t\t\t\t<\/div>\n\t\t\t\t<\/div>\n\t\t<div class=\"elementor-element elementor-element-294f433 e-con-full e-flex e-con e-child\" data-id=\"294f433\" data-element_type=\"container\" data-e-type=\"container\">\n\t\t\t\t<div class=\"elementor-element elementor-element-bbfd8a5 elementor-widget-tablet_extra__width-initial elementor-widget-tablet__width-initial elementor-widget elementor-widget-heading\" data-id=\"bbfd8a5\" data-element_type=\"widget\" data-e-type=\"widget\" data-widget_type=\"heading.default\">\n\t\t\t\t<div class=\"elementor-widget-container\">\n\t\t\t\t\t<h6 class=\"elementor-heading-title elementor-size-default\">El proceso del implante<\/h6>\t\t\t\t<\/div>\n\t\t\t\t<\/div>\n\t\t\t\t<div class=\"elementor-element elementor-element-2e1fbd7 elementor-widget elementor-widget-text-editor\" data-id=\"2e1fbd7\" data-element_type=\"widget\" data-e-type=\"widget\" data-widget_type=\"text-editor.default\">\n\t\t\t\t<div class=\"elementor-widget-container\">\n\t\t\t\t\t\t\t\t\t<p>La colocaci\u00f3n de implantes dentales es un proceso de varios pasos que comienza con una consulta y un examen exhaustivos. Nos aseguramos de que usted sea un buen candidato para los implantes y, de ser as\u00ed, los colocamos quir\u00fargicamente mediante un procedimiento m\u00ednimamente invasivo. Tras un periodo de cicatrizaci\u00f3n que permite que los implantes se integren con su mand\u00edbula, colocamos coronas personalizadas que se integran a la perfecci\u00f3n con sus dientes naturales.<\/p><p><strong>Cont\u00e1ctenos:<\/strong> Si est\u00e1 listo para dar el siguiente paso hacia la restauraci\u00f3n de su sonrisa, <em>Cont\u00e1ctanos<\/em> Ll\u00e1menos hoy para programar una consulta. <a href=\"tel:208-466-7424\">208-466-7424<\/a> o visite nuestra oficina en <strong>155 S. Midland Blvd, Nampa, ID 83686-2601<\/strong>Abrimos de lunes a s\u00e1bado para su comodidad. \u00a1Perm\u00edtanos ayudarle a recuperar la confianza y la funcionalidad de una sonrisa completa con servicios expertos en implantes dentales!<\/p>\t\t\t\t\t\t\t\t<\/div>\n\t\t\t\t<\/div>\n\t\t\t\t<div class=\"elementor-element elementor-element-5801959 elementor-align-justify elementor-widget__width-initial elementor-widget-tablet_extra__width-initial elementor-widget-tablet__width-initial elementor-widget-mobile__width-initial elementor-widget elementor-widget-button\" data-id=\"5801959\" data-element_type=\"widget\" data-e-type=\"widget\" data-widget_type=\"button.default\">\n\t\t\t\t<div class=\"elementor-widget-container\">\n\t\t\t\t\t\t\t\t\t<div class=\"elementor-button-wrapper\">\n\t\t\t\t\t<a class=\"elementor-button elementor-button-link elementor-size-sm\" href=\"https:\/\/www.middlecreekdental.net\/es\/contact-us\/\">\n\t\t\t\t\t\t<span class=\"elementor-button-content-wrapper\">\n\t\t\t\t\t\t\t\t\t<span class=\"elementor-button-text\">Cont\u00e1ctenos<\/span>\n\t\t\t\t\t<\/span>\n\t\t\t\t\t<\/a>\n\t\t\t\t<\/div>\n\t\t\t\t\t\t\t\t<\/div>\n\t\t\t\t<\/div>\n\t\t\t\t<\/div>\n\t\t\t\t\t<\/div>\n\t\t\t\t<\/div>\n\t\t\t\t<\/div>","protected":false},"excerpt":{"rendered":"<p>Dental Implants in Caldwell, ID Welcome to Middle Creek Dental, where we are committed to providing gentle and personalized dental care to the communities of Caldwell and beyond. If you&#8217;re considering dental implants as a solution for missing teeth, you&#8217;re in excellent hands. Located conveniently in Nampa, ID, we offer comprehensive implant services using cutting-edge [&hellip;]<\/p>\n","protected":false},"author":13,"featured_media":0,"parent":0,"menu_order":0,"comment_status":"closed","ping_status":"closed","template":"","meta":{"footnotes":""},"class_list":["post-2107","page","type-page","status-publish","hentry"],"yoast_head":"<!-- This site is optimized with the Yoast SEO plugin v27.3 - https:\/\/yoast.com\/product\/yoast-seo-wordpress\/ -->\n<title>Dental implants in Caldwell, ID - Middle Creek Dental<\/title>\n<meta name=\"description\" content=\"Dental implants in Caldwell, ID at Middle Creek Dental. Gentle, personalized care in Nampa; learn about implants, their benefits, and the implant process.\" \/>\n<meta name=\"robots\" content=\"index, follow, max-snippet:-1, max-image-preview:large, max-video-preview:-1\" \/>\n<link rel=\"canonical\" href=\"https:\/\/www.middlecreekdental.net\/es\/dental-implants-in-caldwell-id\/\" \/>\n<meta property=\"og:locale\" content=\"es_MX\" \/>\n<meta property=\"og:type\" content=\"article\" \/>\n<meta property=\"og:title\" content=\"Dental implants in Caldwell, ID - Middle Creek Dental\" \/>\n<meta property=\"og:description\" content=\"Dental implants in Caldwell, ID at Middle Creek Dental. Gentle, personalized care in Nampa; learn about implants, their benefits, and the implant process.\" \/>\n<meta property=\"og:url\" content=\"https:\/\/www.middlecreekdental.net\/es\/dental-implants-in-caldwell-id\/\" \/>\n<meta property=\"og:site_name\" content=\"Middle Creek Dental\" \/>\n<meta property=\"article:modified_time\" content=\"2026-04-16T15:44:22+00:00\" \/>\n<meta property=\"og:image\" content=\"https:\/\/www.middlecreekdental.net\/wp-content\/uploads\/sites\/950\/2024\/05\/TOOTHBRUSH-1024x807.jpg\" \/>\n<meta name=\"twitter:card\" content=\"summary_large_image\" \/>\n<meta name=\"twitter:label1\" content=\"Tiempo de lectura\" \/>\n\t<meta name=\"twitter:data1\" content=\"3 minutos\" \/>\n<script type=\"application\/ld+json\" class=\"yoast-schema-graph\">{\"@context\":\"https:\\\/\\\/schema.org\",\"@graph\":[{\"@type\":\"WebPage\",\"@id\":\"https:\\\/\\\/www.middlecreekdental.net\\\/dental-implants-in-caldwell-id\\\/\",\"url\":\"https:\\\/\\\/www.middlecreekdental.net\\\/dental-implants-in-caldwell-id\\\/\",\"name\":\"Dental implants in Caldwell, ID - Middle Creek Dental\",\"isPartOf\":{\"@id\":\"https:\\\/\\\/www.middlecreekdental.net\\\/#website\"},\"primaryImageOfPage\":{\"@id\":\"https:\\\/\\\/www.middlecreekdental.net\\\/dental-implants-in-caldwell-id\\\/#primaryimage\"},\"image\":{\"@id\":\"https:\\\/\\\/www.middlecreekdental.net\\\/dental-implants-in-caldwell-id\\\/#primaryimage\"},\"thumbnailUrl\":\"https:\\\/\\\/www.middlecreekdental.net\\\/wp-content\\\/uploads\\\/sites\\\/950\\\/2024\\\/05\\\/TOOTHBRUSH-1024x807.jpg\",\"datePublished\":\"2025-10-14T13:26:59+00:00\",\"dateModified\":\"2026-04-16T15:44:22+00:00\",\"description\":\"Dental implants in Caldwell, ID at Middle Creek Dental. Gentle, personalized care in Nampa; learn about implants, their benefits, and the implant process.\",\"breadcrumb\":{\"@id\":\"https:\\\/\\\/www.middlecreekdental.net\\\/dental-implants-in-caldwell-id\\\/#breadcrumb\"},\"inLanguage\":\"es\",\"potentialAction\":[{\"@type\":\"ReadAction\",\"target\":[\"https:\\\/\\\/www.middlecreekdental.net\\\/dental-implants-in-caldwell-id\\\/\"]}]},{\"@type\":\"ImageObject\",\"inLanguage\":\"es\",\"@id\":\"https:\\\/\\\/www.middlecreekdental.net\\\/dental-implants-in-caldwell-id\\\/#primaryimage\",\"url\":\"https:\\\/\\\/www.middlecreekdental.net\\\/wp-content\\\/uploads\\\/sites\\\/950\\\/2024\\\/05\\\/TOOTHBRUSH-1024x807.jpg\",\"contentUrl\":\"https:\\\/\\\/www.middlecreekdental.net\\\/wp-content\\\/uploads\\\/sites\\\/950\\\/2024\\\/05\\\/TOOTHBRUSH-1024x807.jpg\"},{\"@type\":\"BreadcrumbList\",\"@id\":\"https:\\\/\\\/www.middlecreekdental.net\\\/dental-implants-in-caldwell-id\\\/#breadcrumb\",\"itemListElement\":[{\"@type\":\"ListItem\",\"position\":1,\"name\":\"Home\",\"item\":\"https:\\\/\\\/www.middlecreekdental.net\\\/\"},{\"@type\":\"ListItem\",\"position\":2,\"name\":\"Dental implants in Caldwell, ID\"}]},{\"@type\":\"WebSite\",\"@id\":\"https:\\\/\\\/www.middlecreekdental.net\\\/#website\",\"url\":\"https:\\\/\\\/www.middlecreekdental.net\\\/\",\"name\":\"Middle Creek Dental\",\"description\":\"Dentist\",\"publisher\":{\"@id\":\"https:\\\/\\\/www.middlecreekdental.net\\\/#organization\"},\"potentialAction\":[{\"@type\":\"SearchAction\",\"target\":{\"@type\":\"EntryPoint\",\"urlTemplate\":\"https:\\\/\\\/www.middlecreekdental.net\\\/?s={search_term_string}\"},\"query-input\":{\"@type\":\"PropertyValueSpecification\",\"valueRequired\":true,\"valueName\":\"search_term_string\"}}],\"inLanguage\":\"es\"},{\"@type\":\"Organization\",\"@id\":\"https:\\\/\\\/www.middlecreekdental.net\\\/#organization\",\"name\":\"Middle Creek Dental\",\"url\":\"https:\\\/\\\/www.middlecreekdental.net\\\/\",\"logo\":{\"@type\":\"ImageObject\",\"inLanguage\":\"es\",\"@id\":\"https:\\\/\\\/www.middlecreekdental.net\\\/#\\\/schema\\\/logo\\\/image\\\/\",\"url\":\"https:\\\/\\\/cdn.webnamesandnumbers.com\\\/wp-content\\\/uploads\\\/sites\\\/950\\\/2024\\\/05\\\/15211734\\\/middle-creek-dental-e1715864487119.png\",\"contentUrl\":\"https:\\\/\\\/cdn.webnamesandnumbers.com\\\/wp-content\\\/uploads\\\/sites\\\/950\\\/2024\\\/05\\\/15211734\\\/middle-creek-dental-e1715864487119.png\",\"width\":1097,\"height\":679,\"caption\":\"Middle Creek Dental\"},\"image\":{\"@id\":\"https:\\\/\\\/www.middlecreekdental.net\\\/#\\\/schema\\\/logo\\\/image\\\/\"}}]}<\/script>\n<!-- \/ Yoast SEO plugin. -->","yoast_head_json":{"title":"Dental implants in Caldwell, ID - Middle Creek Dental","description":"Dental implants in Caldwell, ID at Middle Creek Dental. Gentle, personalized care in Nampa; learn about implants, their benefits, and the implant process.","robots":{"index":"index","follow":"follow","max-snippet":"max-snippet:-1","max-image-preview":"max-image-preview:large","max-video-preview":"max-video-preview:-1"},"canonical":"https:\/\/www.middlecreekdental.net\/es\/dental-implants-in-caldwell-id\/","og_locale":"es_MX","og_type":"article","og_title":"Dental implants in Caldwell, ID - Middle Creek Dental","og_description":"Dental implants in Caldwell, ID at Middle Creek Dental. Gentle, personalized care in Nampa; learn about implants, their benefits, and the implant process.","og_url":"https:\/\/www.middlecreekdental.net\/es\/dental-implants-in-caldwell-id\/","og_site_name":"Middle Creek Dental","article_modified_time":"2026-04-16T15:44:22+00:00","og_image":[{"url":"https:\/\/www.middlecreekdental.net\/wp-content\/uploads\/sites\/950\/2024\/05\/TOOTHBRUSH-1024x807.jpg","type":"","width":"","height":""}],"twitter_card":"summary_large_image","twitter_misc":{"Tiempo de lectura":"3 minutos"},"schema":{"@context":"https:\/\/schema.org","@graph":[{"@type":"WebPage","@id":"https:\/\/www.middlecreekdental.net\/dental-implants-in-caldwell-id\/","url":"https:\/\/www.middlecreekdental.net\/dental-implants-in-caldwell-id\/","name":"Dental implants in Caldwell, ID - Middle Creek Dental","isPartOf":{"@id":"https:\/\/www.middlecreekdental.net\/#website"},"primaryImageOfPage":{"@id":"https:\/\/www.middlecreekdental.net\/dental-implants-in-caldwell-id\/#primaryimage"},"image":{"@id":"https:\/\/www.middlecreekdental.net\/dental-implants-in-caldwell-id\/#primaryimage"},"thumbnailUrl":"https:\/\/www.middlecreekdental.net\/wp-content\/uploads\/sites\/950\/2024\/05\/TOOTHBRUSH-1024x807.jpg","datePublished":"2025-10-14T13:26:59+00:00","dateModified":"2026-04-16T15:44:22+00:00","description":"Dental implants in Caldwell, ID at Middle Creek Dental. Gentle, personalized care in Nampa; learn about implants, their benefits, and the implant process.","breadcrumb":{"@id":"https:\/\/www.middlecreekdental.net\/dental-implants-in-caldwell-id\/#breadcrumb"},"inLanguage":"es","potentialAction":[{"@type":"ReadAction","target":["https:\/\/www.middlecreekdental.net\/dental-implants-in-caldwell-id\/"]}]},{"@type":"ImageObject","inLanguage":"es","@id":"https:\/\/www.middlecreekdental.net\/dental-implants-in-caldwell-id\/#primaryimage","url":"https:\/\/www.middlecreekdental.net\/wp-content\/uploads\/sites\/950\/2024\/05\/TOOTHBRUSH-1024x807.jpg","contentUrl":"https:\/\/www.middlecreekdental.net\/wp-content\/uploads\/sites\/950\/2024\/05\/TOOTHBRUSH-1024x807.jpg"},{"@type":"BreadcrumbList","@id":"https:\/\/www.middlecreekdental.net\/dental-implants-in-caldwell-id\/#breadcrumb","itemListElement":[{"@type":"ListItem","position":1,"name":"Home","item":"https:\/\/www.middlecreekdental.net\/"},{"@type":"ListItem","position":2,"name":"Dental implants in Caldwell, ID"}]},{"@type":"WebSite","@id":"https:\/\/www.middlecreekdental.net\/#website","url":"https:\/\/www.middlecreekdental.net\/","name":"Odontolog\u00eda de Middle Creek","description":"Dentista","publisher":{"@id":"https:\/\/www.middlecreekdental.net\/#organization"},"potentialAction":[{"@type":"SearchAction","target":{"@type":"EntryPoint","urlTemplate":"https:\/\/www.middlecreekdental.net\/?s={search_term_string}"},"query-input":{"@type":"PropertyValueSpecification","valueRequired":true,"valueName":"search_term_string"}}],"inLanguage":"es"},{"@type":"Organization","@id":"https:\/\/www.middlecreekdental.net\/#organization","name":"Odontolog\u00eda de Middle Creek","url":"https:\/\/www.middlecreekdental.net\/","logo":{"@type":"ImageObject","inLanguage":"es","@id":"https:\/\/www.middlecreekdental.net\/#\/schema\/logo\/image\/","url":"https:\/\/cdn.webnamesandnumbers.com\/wp-content\/uploads\/sites\/950\/2024\/05\/15211734\/middle-creek-dental-e1715864487119.png","contentUrl":"https:\/\/cdn.webnamesandnumbers.com\/wp-content\/uploads\/sites\/950\/2024\/05\/15211734\/middle-creek-dental-e1715864487119.png","width":1097,"height":679,"caption":"Middle Creek Dental"},"image":{"@id":"https:\/\/www.middlecreekdental.net\/#\/schema\/logo\/image\/"}}]}},"_links":{"self":[{"href":"https:\/\/www.middlecreekdental.net\/es\/wp-json\/wp\/v2\/pages\/2107","targetHints":{"allow":["GET"]}}],"collection":[{"href":"https:\/\/www.middlecreekdental.net\/es\/wp-json\/wp\/v2\/pages"}],"about":[{"href":"https:\/\/www.middlecreekdental.net\/es\/wp-json\/wp\/v2\/types\/page"}],"author":[{"embeddable":true,"href":"https:\/\/www.middlecreekdental.net\/es\/wp-json\/wp\/v2\/users\/13"}],"replies":[{"embeddable":true,"href":"https:\/\/www.middlecreekdental.net\/es\/wp-json\/wp\/v2\/comments?post=2107"}],"version-history":[{"count":7,"href":"https:\/\/www.middlecreekdental.net\/es\/wp-json\/wp\/v2\/pages\/2107\/revisions"}],"predecessor-version":[{"id":2217,"href":"https:\/\/www.middlecreekdental.net\/es\/wp-json\/wp\/v2\/pages\/2107\/revisions\/2217"}],"wp:attachment":[{"href":"https:\/\/www.middlecreekdental.net\/es\/wp-json\/wp\/v2\/media?parent=2107"}],"curies":[{"name":"gracias","href":"https:\/\/api.w.org\/{rel}","templated":true}]}}