{"id":2114,"date":"2025-11-07T12:55:56","date_gmt":"2025-11-07T12:55:56","guid":{"rendered":"https:\/\/www.middlecreekdental.net\/?page_id=2114"},"modified":"2026-04-16T16:09:35","modified_gmt":"2026-04-16T16:09:35","slug":"pediatric-dentistry-in-caldwell-id","status":"publish","type":"page","link":"https:\/\/www.middlecreekdental.net\/es\/pediatric-dentistry-in-caldwell-id\/","title":{"rendered":"Odontolog\u00eda pedi\u00e1trica en Caldwell, Idaho"},"content":{"rendered":"<div data-elementor-type=\"wp-page\" data-elementor-id=\"2114\" class=\"elementor elementor-2114\" data-elementor-post-type=\"page\">\n\t\t\t\t<div class=\"elementor-element elementor-element-601079d e-con-full e-flex e-con e-parent\" data-id=\"601079d\" data-element_type=\"container\" data-e-type=\"container\" data-settings=\"{&quot;background_background&quot;:&quot;classic&quot;}\">\n\t\t<div class=\"elementor-element elementor-element-2039304 e-con-full e-flex e-con e-child\" data-id=\"2039304\" data-element_type=\"container\" data-e-type=\"container\" data-settings=\"{&quot;background_background&quot;:&quot;classic&quot;}\">\n\t\t\t\t<div class=\"elementor-element elementor-element-6c0fec5 elementor-widget elementor-widget-heading\" data-id=\"6c0fec5\" data-element_type=\"widget\" data-e-type=\"widget\" data-widget_type=\"heading.default\">\n\t\t\t\t<div class=\"elementor-widget-container\">\n\t\t\t\t\t<h1 class=\"elementor-heading-title elementor-size-default\">Odontolog\u00eda pedi\u00e1trica<\/h1>\t\t\t\t<\/div>\n\t\t\t\t<\/div>\n\t\t\t\t<div class=\"elementor-element elementor-element-e48b8d5 elementor-widget elementor-widget-text-editor\" data-id=\"e48b8d5\" data-element_type=\"widget\" data-e-type=\"widget\" data-widget_type=\"text-editor.default\">\n\t\t\t\t<div class=\"elementor-widget-container\">\n\t\t\t\t\t\t\t\t\t<p>en Caldwell, ID<\/p>\t\t\t\t\t\t\t\t<\/div>\n\t\t\t\t<\/div>\n\t\t\t\t<\/div>\n\t\t\t\t<\/div>\n\t\t<div class=\"elementor-element elementor-element-c3e7719 e-flex e-con-boxed e-con e-parent\" data-id=\"c3e7719\" data-element_type=\"container\" data-e-type=\"container\" data-settings=\"{&quot;background_background&quot;:&quot;classic&quot;}\">\n\t\t\t\t\t<div class=\"e-con-inner\">\n\t\t\t\t<div class=\"elementor-element elementor-element-39bd742 elementor-widget elementor-widget-text-editor\" data-id=\"39bd742\" data-element_type=\"widget\" data-e-type=\"widget\" data-widget_type=\"text-editor.default\">\n\t\t\t\t<div class=\"elementor-widget-container\">\n\t\t\t\t\t\t\t\t\t<p>Bienvenidos a Middle Creek Dental, donde nos enorgullecemos enormemente de ofrecer <strong>atenci\u00f3n dental pedi\u00e1trica delicada y personalizada<\/strong> para las comunidades de Nampa y Caldwell, Idaho. Nuestro compromiso de utilizar <em>tecnolog\u00eda de vanguardia<\/em> Garantizamos que su hijo reciba la mejor atenci\u00f3n dental en un ambiente c\u00e1lido y amigable. Bajo la supervisi\u00f3n experta del Dr. Shaun Christensen, nuestro objetivo es sentar las bases para una excelente salud bucal de por vida, asegurando que cada visita sea una experiencia agradable y enriquecedora.<\/p>\t\t\t\t\t\t\t\t<\/div>\n\t\t\t\t<\/div>\n\t\t<div class=\"elementor-element elementor-element-b215da9 e-con-full e-flex e-con e-child\" data-id=\"b215da9\" data-element_type=\"container\" data-e-type=\"container\">\n\t\t<div class=\"elementor-element elementor-element-477d0b9 e-con-full e-flex e-con e-child\" data-id=\"477d0b9\" data-element_type=\"container\" data-e-type=\"container\">\n\t\t\t\t<div class=\"elementor-element elementor-element-66e4a32 elementor-widget elementor-widget-text-editor\" data-id=\"66e4a32\" data-element_type=\"widget\" data-e-type=\"widget\" data-widget_type=\"text-editor.default\">\n\t\t\t\t<div class=\"elementor-widget-container\">\n\t\t\t\t\t\t\t\t\t<h2>\u00bfPor qu\u00e9 elegir Middle Creek Dental para su hijo?<\/h2><p>Entendemos la importancia de la primera visita dental de un ni\u00f1o. Nuestro equipo, experimentado y atento, se centra en crear un ambiente c\u00e1lido y positivo para aliviar cualquier ansiedad y generar confianza desde el principio. Por eso, Middle Creek Dental es la opci\u00f3n preferida para la odontolog\u00eda pedi\u00e1trica en Caldwell, Idaho:<\/p><ul><li><strong>Servicios integrales espec\u00edficos para ni\u00f1os:<\/strong> Nuestra gama de servicios est\u00e1 dise\u00f1ada espec\u00edficamente para atender a nuestros pacientes m\u00e1s j\u00f3venes, garantizando que se cubran todos los aspectos de la salud bucal pedi\u00e1trica, incluyendo la atenci\u00f3n preventiva, los tratamientos restaurativos y la odontolog\u00eda de urgencia.<\/li><li><strong>Planes de tratamiento personalizados:<\/strong> Cada ni\u00f1o es \u00fanico, y tambi\u00e9n lo son sus necesidades dentales. Ofrecemos planes de atenci\u00f3n personalizados que se adaptan espec\u00edficamente a las necesidades individuales de su hijo.<\/li><li><strong>Equipo experimentado:<\/strong> Nuestros profesionales dentales cuentan con una amplia formaci\u00f3n en odontolog\u00eda pedi\u00e1trica, lo que garantiza que su hijo est\u00e9 en manos seguras y capaces.<\/li><li><strong>Ambiente familiar:<\/strong> Nos enorgullecemos de fomentar un ambiente acogedor y c\u00f3modo tanto para nuestros j\u00f3venes pacientes como para sus padres.<\/li><li><strong>Enfoque educativo:<\/strong> Creemos firmemente en la importancia de educar a nuestros j\u00f3venes pacientes sobre pr\u00e1cticas de higiene bucal que conduzcan a h\u00e1bitos saludables para toda la vida.<\/li><\/ul>\t\t\t\t\t\t\t\t<\/div>\n\t\t\t\t<\/div>\n\t\t\t\t<\/div>\n\t\t<div class=\"elementor-element elementor-element-76529ea e-con-full e-flex e-con e-child\" data-id=\"76529ea\" data-element_type=\"container\" data-e-type=\"container\">\n\t\t\t\t<div class=\"elementor-element elementor-element-fabfbbd elementor-widget elementor-widget-text-editor\" data-id=\"fabfbbd\" data-element_type=\"widget\" data-e-type=\"widget\" data-widget_type=\"text-editor.default\">\n\t\t\t\t<div class=\"elementor-widget-container\">\n\t\t\t\t\t\t\t\t\t<h2>Nuestros servicios de odontolog\u00eda pedi\u00e1trica<\/h2><p>En Middle Creek Dental, nuestros servicios de odontolog\u00eda pedi\u00e1trica est\u00e1n dise\u00f1ados para cubrir todos los aspectos de la salud dental de su hijo:<\/p><h3>Odontolog\u00eda Preventiva<\/h3><p>M\u00e1s vale prevenir que curar. Nuestro cuidado dental preventivo incluye revisiones peri\u00f3dicas, limpiezas y educaci\u00f3n sobre t\u00e9cnicas adecuadas de cepillado y uso de hilo dental. Nuestro objetivo es prevenir las caries y otros problemas dentales antes de que aparezcan.<\/p><h3>Ex\u00e1menes y limpiezas dentales<\/h3><p>Las revisiones y limpiezas dentales rutinarias son esenciales para mantener una buena salud bucal. Nuestros higienistas especializados eliminan suavemente la placa y el sarro, mientras que nuestros ex\u00e1menes exhaustivos ayudan a detectar posibles problemas a tiempo.<\/p><h3>Tratamientos con fl\u00faor y selladores<\/h3><p>Los tratamientos con fl\u00faor y los selladores dentales son eficaces para prevenir las caries en los ni\u00f1os. Estos tratamientos son r\u00e1pidos e indoloros y proporcionan una capa adicional de protecci\u00f3n contra las caries.<\/p><h3>Odontolog\u00eda restaurativa para ni\u00f1os<\/h3><p>Si su hijo tiene caries o dientes da\u00f1ados, nuestros servicios de restauraci\u00f3n, como empastes y coronas, devolver\u00e1n a su sonrisa su funcionalidad y apariencia completas.<\/p><h3>Odontolog\u00eda pedi\u00e1trica de urgencia<\/h3><p>Las urgencias dentales pueden ser aterradoras, sobre todo para los ni\u00f1os. Nuestro equipo est\u00e1 aqu\u00ed para brindar atenci\u00f3n r\u00e1pida y compasiva en casos de urgencias dentales, garantizando la comodidad y seguridad de su hijo.<\/p><h3>Evaluaciones ortod\u00f3ncicas<\/h3><p>Aunque ahora mismo no est\u00e9 pensando en aparatos de ortodoncia, las evaluaciones ortod\u00f3ncicas tempranas son importantes. Ofrecemos evaluaciones para determinar si un tratamiento de ortodoncia podr\u00eda ser beneficioso para su hijo y cu\u00e1ndo.<\/p>\t\t\t\t\t\t\t\t<\/div>\n\t\t\t\t<\/div>\n\t\t\t\t<\/div>\n\t\t\t\t<\/div>\n\t\t\t\t\t<\/div>\n\t\t\t\t<\/div>\n\t\t<div class=\"elementor-element elementor-element-a0b49fd e-flex e-con-boxed e-con e-parent\" data-id=\"a0b49fd\" data-element_type=\"container\" data-e-type=\"container\">\n\t\t\t\t\t<div class=\"e-con-inner\">\n\t\t<div class=\"elementor-element elementor-element-1868241 e-con-full e-flex e-con e-child\" data-id=\"1868241\" data-element_type=\"container\" data-e-type=\"container\">\n\t\t\t\t<div class=\"elementor-element elementor-element-f1de7a9 elementor-widget-tablet__width-inherit elementor-widget elementor-widget-image\" data-id=\"f1de7a9\" data-element_type=\"widget\" data-e-type=\"widget\" data-widget_type=\"image.default\">\n\t\t\t\t<div class=\"elementor-widget-container\">\n\t\t\t\t\t\t\t\t\t\t\t\t\t\t\t<img fetchpriority=\"high\" decoding=\"async\" width=\"667\" height=\"1000\" src=\"https:\/\/cdn.webnamesandnumbers.com\/wp-content\/uploads\/sites\/950\/2025\/11\/07125746\/shutterstock_2585828391.jpg\" class=\"attachment-large size-large wp-image-2120\" alt=\"\" srcset=\"https:\/\/cdn.webnamesandnumbers.com\/wp-content\/uploads\/sites\/950\/2025\/11\/07125746\/shutterstock_2585828391.jpg 667w, https:\/\/cdn.webnamesandnumbers.com\/wp-content\/uploads\/sites\/950\/2025\/11\/07125746\/shutterstock_2585828391-200x300.jpg 200w, https:\/\/cdn.webnamesandnumbers.com\/wp-content\/uploads\/sites\/950\/2025\/11\/07125746\/shutterstock_2585828391-8x12.jpg 8w\" sizes=\"(max-width: 667px) 100vw, 667px\" \/>\t\t\t\t\t\t\t\t\t\t\t\t\t\t\t<\/div>\n\t\t\t\t<\/div>\n\t\t\t\t<\/div>\n\t\t<div class=\"elementor-element elementor-element-91cfe2f e-con-full e-flex e-con e-child\" data-id=\"91cfe2f\" data-element_type=\"container\" data-e-type=\"container\">\n\t\t\t\t<div class=\"elementor-element elementor-element-73c3122 elementor-widget-tablet_extra__width-initial elementor-widget-tablet__width-initial elementor-widget elementor-widget-heading\" data-id=\"73c3122\" data-element_type=\"widget\" data-e-type=\"widget\" data-widget_type=\"heading.default\">\n\t\t\t\t<div class=\"elementor-widget-container\">\n\t\t\t\t\t<h6 class=\"elementor-heading-title elementor-size-default\">Cont\u00e1ctenos para una atenci\u00f3n dental pedi\u00e1trica integral.<\/h6>\t\t\t\t<\/div>\n\t\t\t\t<\/div>\n\t\t\t\t<div class=\"elementor-element elementor-element-e09d220 elementor-widget elementor-widget-text-editor\" data-id=\"e09d220\" data-element_type=\"widget\" data-e-type=\"widget\" data-widget_type=\"text-editor.default\">\n\t\t\t\t<div class=\"elementor-widget-container\">\n\t\t\t\t\t\t\t\t\t<p>La salud bucal de su hijo es nuestra m\u00e1xima prioridad en <strong>Odontolog\u00eda de Middle Creek<\/strong>. Nuestro equipo, amigable con la familia y con amplia experiencia, se dedica a brindar la mejor atenci\u00f3n dental para su hijo. Cont\u00e1ctenos en <a href=\"tel:208-466-7424\">(208) 466-7424<\/a> O bien, visite nuestra oficina en 155 S. Midland Blvd, Nampa, ID 83686-2601 para programar una cita. \u00a1Esperamos ser su socio de confianza para garantizarle a su hijo sonrisas para toda la vida!<\/p><p><em>Horario de oficina: lunes a jueves de 8:00 a 18:00, viernes de 8:00 a 17:00, s\u00e1bado de 8:00 a 14:00. Domingo cerrado.<\/em><\/p>\t\t\t\t\t\t\t\t<\/div>\n\t\t\t\t<\/div>\n\t\t\t\t<div class=\"elementor-element elementor-element-0aee693 elementor-align-justify elementor-widget__width-initial elementor-widget-tablet_extra__width-initial elementor-widget-tablet__width-initial elementor-widget-mobile__width-initial elementor-widget elementor-widget-button\" data-id=\"0aee693\" data-element_type=\"widget\" data-e-type=\"widget\" data-widget_type=\"button.default\">\n\t\t\t\t<div class=\"elementor-widget-container\">\n\t\t\t\t\t\t\t\t\t<div class=\"elementor-button-wrapper\">\n\t\t\t\t\t<a class=\"elementor-button elementor-button-link elementor-size-sm\" href=\"https:\/\/www.middlecreekdental.net\/es\/contact-us\/\">\n\t\t\t\t\t\t<span class=\"elementor-button-content-wrapper\">\n\t\t\t\t\t\t\t\t\t<span class=\"elementor-button-text\">Cont\u00e1ctenos<\/span>\n\t\t\t\t\t<\/span>\n\t\t\t\t\t<\/a>\n\t\t\t\t<\/div>\n\t\t\t\t\t\t\t\t<\/div>\n\t\t\t\t<\/div>\n\t\t\t\t<\/div>\n\t\t\t\t\t<\/div>\n\t\t\t\t<\/div>\n\t\t\t\t<\/div>","protected":false},"excerpt":{"rendered":"<p>Pediatric Dentistry in Caldwell, ID Welcome to Middle Creek Dental, where we take immense pride in offering gentle and personalized pediatric dental care for the communities of Nampa and Caldwell, ID. Our commitment to utilizing the latest technology ensures that your child receives the highest quality dental care in a warm and friendly environment. Under [&hellip;]<\/p>\n","protected":false},"author":13,"featured_media":0,"parent":0,"menu_order":0,"comment_status":"closed","ping_status":"closed","template":"","meta":{"footnotes":""},"class_list":["post-2114","page","type-page","status-publish","hentry"],"yoast_head":"<!-- This site is optimized with the Yoast SEO plugin v27.3 - https:\/\/yoast.com\/product\/yoast-seo-wordpress\/ -->\n<title>Pediatric Dentistry Services in Caldwell, ID | Middle Creek Dental<\/title>\n<meta name=\"description\" content=\"Experience gentle and personalized pediatric dentistry in Caldwell, ID with Middle Creek Dental. Our dedicated team ensures your child&#039;s vibrant smile from an early age.\" \/>\n<meta name=\"robots\" content=\"index, follow, max-snippet:-1, max-image-preview:large, max-video-preview:-1\" \/>\n<link rel=\"canonical\" href=\"https:\/\/www.middlecreekdental.net\/es\/pediatric-dentistry-in-caldwell-id\/\" \/>\n<meta property=\"og:locale\" content=\"es_MX\" \/>\n<meta property=\"og:type\" content=\"article\" \/>\n<meta property=\"og:title\" content=\"Pediatric Dentistry Services in Caldwell, ID | Middle Creek Dental\" \/>\n<meta property=\"og:description\" content=\"Experience gentle and personalized pediatric dentistry in Caldwell, ID with Middle Creek Dental. Our dedicated team ensures your child&#039;s vibrant smile from an early age.\" \/>\n<meta property=\"og:url\" content=\"https:\/\/www.middlecreekdental.net\/es\/pediatric-dentistry-in-caldwell-id\/\" \/>\n<meta property=\"og:site_name\" content=\"Middle Creek Dental\" \/>\n<meta property=\"article:modified_time\" content=\"2026-04-16T16:09:35+00:00\" \/>\n<meta property=\"og:image\" content=\"https:\/\/www.middlecreekdental.net\/wp-content\/uploads\/sites\/950\/2025\/11\/shutterstock_2585828391.jpg\" \/>\n<meta name=\"twitter:card\" content=\"summary_large_image\" \/>\n<meta name=\"twitter:label1\" content=\"Tiempo de lectura\" \/>\n\t<meta name=\"twitter:data1\" content=\"3 minutos\" \/>\n<script type=\"application\/ld+json\" class=\"yoast-schema-graph\">{\"@context\":\"https:\\\/\\\/schema.org\",\"@graph\":[{\"@type\":\"WebPage\",\"@id\":\"https:\\\/\\\/www.middlecreekdental.net\\\/pediatric-dentistry-in-caldwell-id\\\/\",\"url\":\"https:\\\/\\\/www.middlecreekdental.net\\\/pediatric-dentistry-in-caldwell-id\\\/\",\"name\":\"Pediatric Dentistry Services in Caldwell, ID | Middle Creek Dental\",\"isPartOf\":{\"@id\":\"https:\\\/\\\/www.middlecreekdental.net\\\/#website\"},\"primaryImageOfPage\":{\"@id\":\"https:\\\/\\\/www.middlecreekdental.net\\\/pediatric-dentistry-in-caldwell-id\\\/#primaryimage\"},\"image\":{\"@id\":\"https:\\\/\\\/www.middlecreekdental.net\\\/pediatric-dentistry-in-caldwell-id\\\/#primaryimage\"},\"thumbnailUrl\":\"https:\\\/\\\/www.middlecreekdental.net\\\/wp-content\\\/uploads\\\/sites\\\/950\\\/2025\\\/11\\\/shutterstock_2585828391.jpg\",\"datePublished\":\"2025-11-07T12:55:56+00:00\",\"dateModified\":\"2026-04-16T16:09:35+00:00\",\"description\":\"Experience gentle and personalized pediatric dentistry in Caldwell, ID with Middle Creek Dental. Our dedicated team ensures your child's vibrant smile from an early age.\",\"breadcrumb\":{\"@id\":\"https:\\\/\\\/www.middlecreekdental.net\\\/pediatric-dentistry-in-caldwell-id\\\/#breadcrumb\"},\"inLanguage\":\"es\",\"potentialAction\":[{\"@type\":\"ReadAction\",\"target\":[\"https:\\\/\\\/www.middlecreekdental.net\\\/pediatric-dentistry-in-caldwell-id\\\/\"]}]},{\"@type\":\"ImageObject\",\"inLanguage\":\"es\",\"@id\":\"https:\\\/\\\/www.middlecreekdental.net\\\/pediatric-dentistry-in-caldwell-id\\\/#primaryimage\",\"url\":\"https:\\\/\\\/www.middlecreekdental.net\\\/wp-content\\\/uploads\\\/sites\\\/950\\\/2025\\\/11\\\/shutterstock_2585828391.jpg\",\"contentUrl\":\"https:\\\/\\\/www.middlecreekdental.net\\\/wp-content\\\/uploads\\\/sites\\\/950\\\/2025\\\/11\\\/shutterstock_2585828391.jpg\"},{\"@type\":\"BreadcrumbList\",\"@id\":\"https:\\\/\\\/www.middlecreekdental.net\\\/pediatric-dentistry-in-caldwell-id\\\/#breadcrumb\",\"itemListElement\":[{\"@type\":\"ListItem\",\"position\":1,\"name\":\"Home\",\"item\":\"https:\\\/\\\/www.middlecreekdental.net\\\/\"},{\"@type\":\"ListItem\",\"position\":2,\"name\":\"Pediatric dentistry in Caldwell, ID\"}]},{\"@type\":\"WebSite\",\"@id\":\"https:\\\/\\\/www.middlecreekdental.net\\\/#website\",\"url\":\"https:\\\/\\\/www.middlecreekdental.net\\\/\",\"name\":\"Middle Creek Dental\",\"description\":\"Dentist\",\"publisher\":{\"@id\":\"https:\\\/\\\/www.middlecreekdental.net\\\/#organization\"},\"potentialAction\":[{\"@type\":\"SearchAction\",\"target\":{\"@type\":\"EntryPoint\",\"urlTemplate\":\"https:\\\/\\\/www.middlecreekdental.net\\\/?s={search_term_string}\"},\"query-input\":{\"@type\":\"PropertyValueSpecification\",\"valueRequired\":true,\"valueName\":\"search_term_string\"}}],\"inLanguage\":\"es\"},{\"@type\":\"Organization\",\"@id\":\"https:\\\/\\\/www.middlecreekdental.net\\\/#organization\",\"name\":\"Middle Creek Dental\",\"url\":\"https:\\\/\\\/www.middlecreekdental.net\\\/\",\"logo\":{\"@type\":\"ImageObject\",\"inLanguage\":\"es\",\"@id\":\"https:\\\/\\\/www.middlecreekdental.net\\\/#\\\/schema\\\/logo\\\/image\\\/\",\"url\":\"https:\\\/\\\/cdn.webnamesandnumbers.com\\\/wp-content\\\/uploads\\\/sites\\\/950\\\/2024\\\/05\\\/15211734\\\/middle-creek-dental-e1715864487119.png\",\"contentUrl\":\"https:\\\/\\\/cdn.webnamesandnumbers.com\\\/wp-content\\\/uploads\\\/sites\\\/950\\\/2024\\\/05\\\/15211734\\\/middle-creek-dental-e1715864487119.png\",\"width\":1097,\"height\":679,\"caption\":\"Middle Creek Dental\"},\"image\":{\"@id\":\"https:\\\/\\\/www.middlecreekdental.net\\\/#\\\/schema\\\/logo\\\/image\\\/\"}}]}<\/script>\n<!-- \/ Yoast SEO plugin. -->","yoast_head_json":{"title":"Servicios de odontolog\u00eda pedi\u00e1trica en Caldwell, ID | Middle Creek Dental","description":"Disfrute de una odontolog\u00eda pedi\u00e1trica amable y personalizada en Caldwell, ID, con Middle Creek Dental. Nuestro equipo dedicado garantiza una sonrisa radiante para su hijo desde una edad temprana.","robots":{"index":"index","follow":"follow","max-snippet":"max-snippet:-1","max-image-preview":"max-image-preview:large","max-video-preview":"max-video-preview:-1"},"canonical":"https:\/\/www.middlecreekdental.net\/es\/pediatric-dentistry-in-caldwell-id\/","og_locale":"es_MX","og_type":"article","og_title":"Pediatric Dentistry Services in Caldwell, ID | Middle Creek Dental","og_description":"Experience gentle and personalized pediatric dentistry in Caldwell, ID with Middle Creek Dental. Our dedicated team ensures your child's vibrant smile from an early age.","og_url":"https:\/\/www.middlecreekdental.net\/es\/pediatric-dentistry-in-caldwell-id\/","og_site_name":"Middle Creek Dental","article_modified_time":"2026-04-16T16:09:35+00:00","og_image":[{"url":"https:\/\/www.middlecreekdental.net\/wp-content\/uploads\/sites\/950\/2025\/11\/shutterstock_2585828391.jpg","type":"","width":"","height":""}],"twitter_card":"summary_large_image","twitter_misc":{"Tiempo de lectura":"3 minutos"},"schema":{"@context":"https:\/\/schema.org","@graph":[{"@type":"WebPage","@id":"https:\/\/www.middlecreekdental.net\/pediatric-dentistry-in-caldwell-id\/","url":"https:\/\/www.middlecreekdental.net\/pediatric-dentistry-in-caldwell-id\/","name":"Servicios de odontolog\u00eda pedi\u00e1trica en Caldwell, ID | Middle Creek Dental","isPartOf":{"@id":"https:\/\/www.middlecreekdental.net\/#website"},"primaryImageOfPage":{"@id":"https:\/\/www.middlecreekdental.net\/pediatric-dentistry-in-caldwell-id\/#primaryimage"},"image":{"@id":"https:\/\/www.middlecreekdental.net\/pediatric-dentistry-in-caldwell-id\/#primaryimage"},"thumbnailUrl":"https:\/\/www.middlecreekdental.net\/wp-content\/uploads\/sites\/950\/2025\/11\/shutterstock_2585828391.jpg","datePublished":"2025-11-07T12:55:56+00:00","dateModified":"2026-04-16T16:09:35+00:00","description":"Disfrute de una odontolog\u00eda pedi\u00e1trica amable y personalizada en Caldwell, ID, con Middle Creek Dental. Nuestro equipo dedicado garantiza una sonrisa radiante para su hijo desde una edad temprana.","breadcrumb":{"@id":"https:\/\/www.middlecreekdental.net\/pediatric-dentistry-in-caldwell-id\/#breadcrumb"},"inLanguage":"es","potentialAction":[{"@type":"ReadAction","target":["https:\/\/www.middlecreekdental.net\/pediatric-dentistry-in-caldwell-id\/"]}]},{"@type":"ImageObject","inLanguage":"es","@id":"https:\/\/www.middlecreekdental.net\/pediatric-dentistry-in-caldwell-id\/#primaryimage","url":"https:\/\/www.middlecreekdental.net\/wp-content\/uploads\/sites\/950\/2025\/11\/shutterstock_2585828391.jpg","contentUrl":"https:\/\/www.middlecreekdental.net\/wp-content\/uploads\/sites\/950\/2025\/11\/shutterstock_2585828391.jpg"},{"@type":"BreadcrumbList","@id":"https:\/\/www.middlecreekdental.net\/pediatric-dentistry-in-caldwell-id\/#breadcrumb","itemListElement":[{"@type":"ListItem","position":1,"name":"Home","item":"https:\/\/www.middlecreekdental.net\/"},{"@type":"ListItem","position":2,"name":"Pediatric dentistry in Caldwell, ID"}]},{"@type":"WebSite","@id":"https:\/\/www.middlecreekdental.net\/#website","url":"https:\/\/www.middlecreekdental.net\/","name":"Odontolog\u00eda de Middle Creek","description":"Dentista","publisher":{"@id":"https:\/\/www.middlecreekdental.net\/#organization"},"potentialAction":[{"@type":"SearchAction","target":{"@type":"EntryPoint","urlTemplate":"https:\/\/www.middlecreekdental.net\/?s={search_term_string}"},"query-input":{"@type":"PropertyValueSpecification","valueRequired":true,"valueName":"search_term_string"}}],"inLanguage":"es"},{"@type":"Organization","@id":"https:\/\/www.middlecreekdental.net\/#organization","name":"Odontolog\u00eda de Middle Creek","url":"https:\/\/www.middlecreekdental.net\/","logo":{"@type":"ImageObject","inLanguage":"es","@id":"https:\/\/www.middlecreekdental.net\/#\/schema\/logo\/image\/","url":"https:\/\/cdn.webnamesandnumbers.com\/wp-content\/uploads\/sites\/950\/2024\/05\/15211734\/middle-creek-dental-e1715864487119.png","contentUrl":"https:\/\/cdn.webnamesandnumbers.com\/wp-content\/uploads\/sites\/950\/2024\/05\/15211734\/middle-creek-dental-e1715864487119.png","width":1097,"height":679,"caption":"Middle Creek Dental"},"image":{"@id":"https:\/\/www.middlecreekdental.net\/#\/schema\/logo\/image\/"}}]}},"_links":{"self":[{"href":"https:\/\/www.middlecreekdental.net\/es\/wp-json\/wp\/v2\/pages\/2114","targetHints":{"allow":["GET"]}}],"collection":[{"href":"https:\/\/www.middlecreekdental.net\/es\/wp-json\/wp\/v2\/pages"}],"about":[{"href":"https:\/\/www.middlecreekdental.net\/es\/wp-json\/wp\/v2\/types\/page"}],"author":[{"embeddable":true,"href":"https:\/\/www.middlecreekdental.net\/es\/wp-json\/wp\/v2\/users\/13"}],"replies":[{"embeddable":true,"href":"https:\/\/www.middlecreekdental.net\/es\/wp-json\/wp\/v2\/comments?post=2114"}],"version-history":[{"count":10,"href":"https:\/\/www.middlecreekdental.net\/es\/wp-json\/wp\/v2\/pages\/2114\/revisions"}],"predecessor-version":[{"id":2245,"href":"https:\/\/www.middlecreekdental.net\/es\/wp-json\/wp\/v2\/pages\/2114\/revisions\/2245"}],"wp:attachment":[{"href":"https:\/\/www.middlecreekdental.net\/es\/wp-json\/wp\/v2\/media?parent=2114"}],"curies":[{"name":"gracias","href":"https:\/\/api.w.org\/{rel}","templated":true}]}}