{"id":2125,"date":"2025-12-05T11:53:55","date_gmt":"2025-12-05T11:53:55","guid":{"rendered":"https:\/\/www.middlecreekdental.net\/?page_id=2125"},"modified":"2026-04-16T15:43:21","modified_gmt":"2026-04-16T15:43:21","slug":"dental-implants-in-caldwell-id-2","status":"publish","type":"page","link":"https:\/\/www.middlecreekdental.net\/es\/dental-implants-in-caldwell-id-2\/","title":{"rendered":"Implantes dentales en Caldwell, ID"},"content":{"rendered":"<div data-elementor-type=\"wp-page\" data-elementor-id=\"2125\" class=\"elementor elementor-2125\" data-elementor-post-type=\"page\">\n\t\t\t\t<div class=\"elementor-element elementor-element-4415cbb e-con-full e-flex e-con e-parent\" data-id=\"4415cbb\" data-element_type=\"container\" data-e-type=\"container\" data-settings=\"{&quot;background_background&quot;:&quot;classic&quot;}\">\n\t\t<div class=\"elementor-element elementor-element-7e6c0cc e-con-full e-flex e-con e-child\" data-id=\"7e6c0cc\" data-element_type=\"container\" data-e-type=\"container\" data-settings=\"{&quot;background_background&quot;:&quot;classic&quot;}\">\n\t\t\t\t<div class=\"elementor-element elementor-element-76066c9 elementor-widget elementor-widget-heading\" data-id=\"76066c9\" data-element_type=\"widget\" data-e-type=\"widget\" data-widget_type=\"heading.default\">\n\t\t\t\t<div class=\"elementor-widget-container\">\n\t\t\t\t\t<h1 class=\"elementor-heading-title elementor-size-default\">Implantes dentales <\/h1>\t\t\t\t<\/div>\n\t\t\t\t<\/div>\n\t\t\t\t<div class=\"elementor-element elementor-element-4487469 elementor-widget elementor-widget-text-editor\" data-id=\"4487469\" data-element_type=\"widget\" data-e-type=\"widget\" data-widget_type=\"text-editor.default\">\n\t\t\t\t<div class=\"elementor-widget-container\">\n\t\t\t\t\t\t\t\t\t<p>en Caldwell, ID<\/p>\t\t\t\t\t\t\t\t<\/div>\n\t\t\t\t<\/div>\n\t\t\t\t<\/div>\n\t\t\t\t<\/div>\n\t\t<div class=\"elementor-element elementor-element-695defb e-flex e-con-boxed e-con e-parent\" data-id=\"695defb\" data-element_type=\"container\" data-e-type=\"container\">\n\t\t\t\t\t<div class=\"e-con-inner\">\n\t\t<div class=\"elementor-element elementor-element-eaff06e e-con-full e-flex e-con e-child\" data-id=\"eaff06e\" data-element_type=\"container\" data-e-type=\"container\">\n\t\t\t\t<div class=\"elementor-element elementor-element-3a940bb elementor-widget elementor-widget-text-editor\" data-id=\"3a940bb\" data-element_type=\"widget\" data-e-type=\"widget\" data-widget_type=\"text-editor.default\">\n\t\t\t\t<div class=\"elementor-widget-container\">\n\t\t\t\t\t\t\t\t\t<p>En Middle Creek Dental, comprendemos la importancia de una sonrisa sana, funcional y hermosa. Si le faltan dientes o usa pr\u00f3tesis dentales inc\u00f3modas, los implantes dentales podr\u00edan ser la soluci\u00f3n ideal. Convenientemente ubicados en Nampa, ID, a un corto trayecto en coche de Caldwell, ofrecemos servicios de implantes dentales de vanguardia para ayudarle a recuperar su confianza y calidad de vida.<\/p>\t\t\t\t\t\t\t\t<\/div>\n\t\t\t\t<\/div>\n\t\t\t\t<div class=\"elementor-element elementor-element-0afeb31 elementor-widget-tablet_extra__width-initial elementor-widget-tablet__width-initial elementor-widget elementor-widget-heading\" data-id=\"0afeb31\" data-element_type=\"widget\" data-e-type=\"widget\" data-widget_type=\"heading.default\">\n\t\t\t\t<div class=\"elementor-widget-container\">\n\t\t\t\t\t<p class=\"elementor-heading-title elementor-size-default\">\u00bfQu\u00e9 son los implantes dentales?<\/p>\t\t\t\t<\/div>\n\t\t\t\t<\/div>\n\t\t\t\t<div class=\"elementor-element elementor-element-1de992a elementor-widget elementor-widget-text-editor\" data-id=\"1de992a\" data-element_type=\"widget\" data-e-type=\"widget\" data-widget_type=\"text-editor.default\">\n\t\t\t\t<div class=\"elementor-widget-container\">\n\t\t\t\t\t\t\t\t\t<p><strong>implantes dentales<\/strong> Son una soluci\u00f3n revolucionaria para la p\u00e9rdida de dientes. Se trata de postes de titanio que se colocan quir\u00fargicamente en el hueso maxilar y sirven como anclajes resistentes para los dientes de reemplazo. Los implantes dentales imitan la estructura dental natural, ofreciendo una soluci\u00f3n permanente, duradera y est\u00e9tica para la p\u00e9rdida de piezas dentales. Pueden soportar coronas individuales, puentes o incluso pr\u00f3tesis dentales completas.<\/p>\t\t\t\t\t\t\t\t<\/div>\n\t\t\t\t<\/div>\n\t\t\t\t<div class=\"elementor-element elementor-element-bf4b131 elementor-widget-tablet_extra__width-initial elementor-widget-tablet__width-initial elementor-widget elementor-widget-heading\" data-id=\"bf4b131\" data-element_type=\"widget\" data-e-type=\"widget\" data-widget_type=\"heading.default\">\n\t\t\t\t<div class=\"elementor-widget-container\">\n\t\t\t\t\t<p class=\"elementor-heading-title elementor-size-default\">Beneficios de los implantes dentales<\/p>\t\t\t\t<\/div>\n\t\t\t\t<\/div>\n\t\t\t\t<div class=\"elementor-element elementor-element-060e5f0 elementor-widget__width-initial elementor-widget elementor-widget-text-editor\" data-id=\"060e5f0\" data-element_type=\"widget\" data-e-type=\"widget\" data-widget_type=\"text-editor.default\">\n\t\t\t\t<div class=\"elementor-widget-container\">\n\t\t\t\t\t\t\t\t\t<ul><li style=\"text-align: left;\"><strong>Apariencia natural:<\/strong> Los implantes dentales se ven y se sienten como sus propios dientes, proporcionando una apariencia natural.<\/li><li style=\"text-align: left;\"><strong>Habla mejorada:<\/strong> A diferencia de las dentaduras postizas mal ajustadas que pueden resbalarse, los implantes le permiten hablar sin preocuparse por el movimiento de los dientes.<\/li><li style=\"text-align: left;\"><strong>Comodidad mejorada:<\/strong> Al convertirse en parte de usted, los implantes eliminan la incomodidad de las dentaduras postizas removibles.<\/li><li style=\"text-align: left;\"><strong>Mejor salud bucal:<\/strong> Los implantes no requieren la alteraci\u00f3n de los dientes vecinos para su soporte, mejorando la salud bucal a largo plazo.<\/li><li style=\"text-align: left;\"><strong>Durabilidad:<\/strong> Con el cuidado adecuado, los implantes son muy duraderos y pueden durar toda la vida.<\/li><li style=\"text-align: left;\"><strong>Conveniencia:<\/strong> A diferencia de las dentaduras postizas removibles, los implantes eliminan la molestia de quitarlos y la necesidad de utilizar adhesivos.<\/li><\/ul>\t\t\t\t\t\t\t\t<\/div>\n\t\t\t\t<\/div>\n\t\t\t\t<\/div>\n\t\t<div class=\"elementor-element elementor-element-3e56c30 e-con-full e-flex e-con e-child\" data-id=\"3e56c30\" data-element_type=\"container\" data-e-type=\"container\" data-settings=\"{&quot;background_background&quot;:&quot;classic&quot;}\">\n\t\t\t\t<div class=\"elementor-element elementor-element-3bafc40 elementor-widget-tablet__width-inherit elementor-widget elementor-widget-image\" data-id=\"3bafc40\" data-element_type=\"widget\" data-e-type=\"widget\" data-widget_type=\"image.default\">\n\t\t\t\t<div class=\"elementor-widget-container\">\n\t\t\t\t\t\t\t\t\t\t\t\t\t\t\t<img fetchpriority=\"high\" decoding=\"async\" width=\"800\" height=\"534\" src=\"https:\/\/cdn.webnamesandnumbers.com\/wp-content\/uploads\/sites\/950\/2025\/12\/05115630\/shutterstock_2652490123.jpg\" class=\"attachment-large size-large wp-image-2130\" alt=\"\" srcset=\"https:\/\/cdn.webnamesandnumbers.com\/wp-content\/uploads\/sites\/950\/2025\/12\/05115630\/shutterstock_2652490123.jpg 1000w, https:\/\/cdn.webnamesandnumbers.com\/wp-content\/uploads\/sites\/950\/2025\/12\/05115630\/shutterstock_2652490123-300x200.jpg 300w, https:\/\/cdn.webnamesandnumbers.com\/wp-content\/uploads\/sites\/950\/2025\/12\/05115630\/shutterstock_2652490123-768x512.jpg 768w, https:\/\/cdn.webnamesandnumbers.com\/wp-content\/uploads\/sites\/950\/2025\/12\/05115630\/shutterstock_2652490123-18x12.jpg 18w\" sizes=\"(max-width: 800px) 100vw, 800px\" \/>\t\t\t\t\t\t\t\t\t\t\t\t\t\t\t<\/div>\n\t\t\t\t<\/div>\n\t\t\t\t<\/div>\n\t\t\t\t\t<\/div>\n\t\t\t\t<\/div>\n\t\t<div class=\"elementor-element elementor-element-a4ecf93 e-flex e-con-boxed e-con e-parent\" data-id=\"a4ecf93\" data-element_type=\"container\" data-e-type=\"container\" data-settings=\"{&quot;background_background&quot;:&quot;classic&quot;}\">\n\t\t\t\t\t<div class=\"e-con-inner\">\n\t\t\t\t<div class=\"elementor-element elementor-element-ee84c29 elementor-widget elementor-widget-text-editor\" data-id=\"ee84c29\" data-element_type=\"widget\" data-e-type=\"widget\" data-widget_type=\"text-editor.default\">\n\t\t\t\t<div class=\"elementor-widget-container\">\n\t\t\t\t\t\t\t\t\t<p>Nuestro proceso en Middle Creek Dental<\/p>\t\t\t\t\t\t\t\t<\/div>\n\t\t\t\t<\/div>\n\t\t<div class=\"elementor-element elementor-element-03f3269 e-con-full e-flex e-con e-child\" data-id=\"03f3269\" data-element_type=\"container\" data-e-type=\"container\">\n\t\t<div class=\"elementor-element elementor-element-a4499c9 e-con-full e-flex e-con e-child\" data-id=\"a4499c9\" data-element_type=\"container\" data-e-type=\"container\">\n\t\t\t\t<div class=\"elementor-element elementor-element-3d4fd13 elementor-widget elementor-widget-text-editor\" data-id=\"3d4fd13\" data-element_type=\"widget\" data-e-type=\"widget\" data-widget_type=\"text-editor.default\">\n\t\t\t\t<div class=\"elementor-widget-container\">\n\t\t\t\t\t\t\t\t\t<p>En Middle Creek Dental en Nampa, ID, ofrecemos un enfoque integral y personalizado para implantes dentales. Esto es lo que puede esperar al elegirnos para sus necesidades de implantes dentales:<\/p><h3>1. Consulta inicial<\/h3><p>Durante su primera visita, el Dr. Shaun Christensen le realizar\u00e1 un examen bucal completo, que incluir\u00e1 radiograf\u00edas y otras herramientas de diagn\u00f3stico. Esto nos ayudar\u00e1 a determinar si los implantes dentales son la soluci\u00f3n adecuada para usted.<\/p><h3>2. Plan de tratamiento personalizado<\/h3><p>Desarrollaremos un plan de tratamiento personalizado que se adapte a sus necesidades y objetivos espec\u00edficos. Este plan detallar\u00e1 todo el proceso, desde la preparaci\u00f3n inicial hasta la restauraci\u00f3n final.<\/p><h3>3. Colocaci\u00f3n del implante<\/h3><p>Nuestro equipo de expertos colocar\u00e1 cuidadosamente los implantes en su mand\u00edbula. Este procedimiento generalmente se realiza con anestesia local para su comodidad.<\/p>\t\t\t\t\t\t\t\t<\/div>\n\t\t\t\t<\/div>\n\t\t\t\t<\/div>\n\t\t<div class=\"elementor-element elementor-element-10c5071 e-con-full e-flex e-con e-child\" data-id=\"10c5071\" data-element_type=\"container\" data-e-type=\"container\">\n\t\t\t\t<div class=\"elementor-element elementor-element-b4c7273 elementor-widget elementor-widget-text-editor\" data-id=\"b4c7273\" data-element_type=\"widget\" data-e-type=\"widget\" data-widget_type=\"text-editor.default\">\n\t\t\t\t<div class=\"elementor-widget-container\">\n\t\t\t\t\t\t\t\t\t<h3>4. Periodo de curaci\u00f3n<\/h3><p>Durante los pr\u00f3ximos meses, los implantes se fusionar\u00e1n con la mand\u00edbula, asegurando una base s\u00f3lida para sus nuevos dientes. Le proporcionaremos instrucciones detalladas sobre el cuidado durante este periodo para asegurar una cicatrizaci\u00f3n \u00f3ptima.<\/p><h3>5. Restauraci\u00f3n final<\/h3><p>Una vez que los implantes est\u00e9n completamente integrados, colocaremos coronas, puentes o dentaduras postizas personalizadas, devolvi\u00e9ndole a su sonrisa su belleza y funci\u00f3n naturales.<\/p>\t\t\t\t\t\t\t\t<\/div>\n\t\t\t\t<\/div>\n\t\t\t\t<\/div>\n\t\t\t\t<\/div>\n\t\t\t\t\t<\/div>\n\t\t\t\t<\/div>\n\t\t<div class=\"elementor-element elementor-element-0da6de7 e-flex e-con-boxed e-con e-parent\" data-id=\"0da6de7\" data-element_type=\"container\" data-e-type=\"container\">\n\t\t\t\t\t<div class=\"e-con-inner\">\n\t\t<div class=\"elementor-element elementor-element-e7a122d e-con-full e-flex e-con e-child\" data-id=\"e7a122d\" data-element_type=\"container\" data-e-type=\"container\">\n\t\t\t\t<div class=\"elementor-element elementor-element-2a54138 elementor-widget-tablet__width-inherit elementor-widget elementor-widget-image\" data-id=\"2a54138\" data-element_type=\"widget\" data-e-type=\"widget\" data-widget_type=\"image.default\">\n\t\t\t\t<div class=\"elementor-widget-container\">\n\t\t\t\t\t\t\t\t\t\t\t\t\t\t\t<img fetchpriority=\"high\" decoding=\"async\" width=\"800\" height=\"534\" src=\"https:\/\/cdn.webnamesandnumbers.com\/wp-content\/uploads\/sites\/950\/2025\/12\/05115630\/shutterstock_2652490123.jpg\" class=\"attachment-large size-large wp-image-2130\" alt=\"\" srcset=\"https:\/\/cdn.webnamesandnumbers.com\/wp-content\/uploads\/sites\/950\/2025\/12\/05115630\/shutterstock_2652490123.jpg 1000w, https:\/\/cdn.webnamesandnumbers.com\/wp-content\/uploads\/sites\/950\/2025\/12\/05115630\/shutterstock_2652490123-300x200.jpg 300w, https:\/\/cdn.webnamesandnumbers.com\/wp-content\/uploads\/sites\/950\/2025\/12\/05115630\/shutterstock_2652490123-768x512.jpg 768w, https:\/\/cdn.webnamesandnumbers.com\/wp-content\/uploads\/sites\/950\/2025\/12\/05115630\/shutterstock_2652490123-18x12.jpg 18w\" sizes=\"(max-width: 800px) 100vw, 800px\" \/>\t\t\t\t\t\t\t\t\t\t\t\t\t\t\t<\/div>\n\t\t\t\t<\/div>\n\t\t\t\t<\/div>\n\t\t<div class=\"elementor-element elementor-element-a43368d e-con-full e-flex e-con e-child\" data-id=\"a43368d\" data-element_type=\"container\" data-e-type=\"container\">\n\t\t\t\t<div class=\"elementor-element elementor-element-a0e9665 elementor-widget-tablet_extra__width-initial elementor-widget-tablet__width-initial elementor-widget elementor-widget-heading\" data-id=\"a0e9665\" data-element_type=\"widget\" data-e-type=\"widget\" data-widget_type=\"heading.default\">\n\t\t\t\t<div class=\"elementor-widget-container\">\n\t\t\t\t\t<h6 class=\"elementor-heading-title elementor-size-default\">\u00bfPor qu\u00e9 elegir Middle Creek Dental?<\/h6>\t\t\t\t<\/div>\n\t\t\t\t<\/div>\n\t\t\t\t<div class=\"elementor-element elementor-element-ccdfdab elementor-widget elementor-widget-text-editor\" data-id=\"ccdfdab\" data-element_type=\"widget\" data-e-type=\"widget\" data-widget_type=\"text-editor.default\">\n\t\t\t\t<div class=\"elementor-widget-container\">\n\t\t\t\t\t\t\t\t\t<p>En Middle Creek Dental, nos enorgullecemos de brindar atenci\u00f3n personalizada y delicada con la \u00faltima tecnolog\u00eda. Nuestro equipo de expertos, dirigido por el Dr. Shaun Christensen, se dedica a brindar servicios integrales para restaurar no solo su sonrisa, sino tambi\u00e9n su confianza y calidad de vida. Priorizamos la educaci\u00f3n y la comodidad del paciente, asegur\u00e1ndonos de que est\u00e9 informado y c\u00f3modo durante todo el proceso de su implante.<\/p><p><strong>Cont\u00e1ctenos hoy<\/strong> Para obtener m\u00e1s informaci\u00f3n sobre nuestros servicios de implantes dentales en Caldwell, ID, o para programar una consulta, ll\u00e1menos al <a href=\"tel:208-466-7424\"><u>208-466-7424<\/u><\/a> O visite nuestra cl\u00ednica en Nampa, ID. \u00a1Perm\u00edtanos ayudarle a lograr la sonrisa hermosa y funcional que se merece!<\/p><p>En Middle Creek Dental, su sonrisa es nuestra principal prioridad.<\/p>\t\t\t\t\t\t\t\t<\/div>\n\t\t\t\t<\/div>\n\t\t\t\t<div class=\"elementor-element elementor-element-44bd26b elementor-align-justify elementor-widget__width-initial elementor-widget-tablet_extra__width-initial elementor-widget-tablet__width-initial elementor-widget-mobile__width-initial elementor-widget elementor-widget-button\" data-id=\"44bd26b\" data-element_type=\"widget\" data-e-type=\"widget\" data-widget_type=\"button.default\">\n\t\t\t\t<div class=\"elementor-widget-container\">\n\t\t\t\t\t\t\t\t\t<div class=\"elementor-button-wrapper\">\n\t\t\t\t\t<a class=\"elementor-button elementor-button-link elementor-size-sm\" href=\"https:\/\/www.middlecreekdental.net\/es\/contact-us\/\">\n\t\t\t\t\t\t<span class=\"elementor-button-content-wrapper\">\n\t\t\t\t\t\t\t\t\t<span class=\"elementor-button-text\">Cont\u00e1ctenos<\/span>\n\t\t\t\t\t<\/span>\n\t\t\t\t\t<\/a>\n\t\t\t\t<\/div>\n\t\t\t\t\t\t\t\t<\/div>\n\t\t\t\t<\/div>\n\t\t\t\t<\/div>\n\t\t\t\t\t<\/div>\n\t\t\t\t<\/div>\n\t\t\t\t<\/div>","protected":false},"excerpt":{"rendered":"<p>Dental Implants in Caldwell, ID At Middle Creek Dental, we understand the importance of a healthy, functional, and beautiful smile. If you&#8217;re missing teeth or dealing with uncomfortable dentures, dental implants could be the ideal solution for you. Located conveniently in Nampa, ID, just a short drive from Caldwell, we offer state-of-the-art dental implant services [&hellip;]<\/p>\n","protected":false},"author":13,"featured_media":0,"parent":0,"menu_order":0,"comment_status":"closed","ping_status":"closed","template":"elementor_header_footer","meta":{"footnotes":""},"class_list":["post-2125","page","type-page","status-publish","hentry"],"yoast_head":"<!-- This site is optimized with the Yoast SEO plugin v27.3 - https:\/\/yoast.com\/product\/yoast-seo-wordpress\/ -->\n<title>Dental Implants in Caldwell, ID - Middle Creek Dental<\/title>\n<meta name=\"description\" content=\"Middle Creek Dental offers dental implants in Nampa\/Caldwell, ID: natural-looking titanium posts, comfort and speech, with a personalized 5-step treatment.\" \/>\n<meta name=\"robots\" content=\"index, follow, max-snippet:-1, max-image-preview:large, max-video-preview:-1\" \/>\n<link rel=\"canonical\" href=\"https:\/\/www.middlecreekdental.net\/es\/dental-implants-in-caldwell-id-2\/\" \/>\n<meta property=\"og:locale\" content=\"es_MX\" \/>\n<meta property=\"og:type\" content=\"article\" \/>\n<meta property=\"og:title\" content=\"Dental Implants in Caldwell, ID - Middle Creek Dental\" \/>\n<meta property=\"og:description\" content=\"Middle Creek Dental offers dental implants in Nampa\/Caldwell, ID: natural-looking titanium posts, comfort and speech, with a personalized 5-step treatment.\" \/>\n<meta property=\"og:url\" content=\"https:\/\/www.middlecreekdental.net\/es\/dental-implants-in-caldwell-id-2\/\" \/>\n<meta property=\"og:site_name\" content=\"Middle Creek Dental\" \/>\n<meta property=\"article:modified_time\" content=\"2026-04-16T15:43:21+00:00\" \/>\n<meta property=\"og:image\" content=\"https:\/\/www.middlecreekdental.net\/wp-content\/uploads\/sites\/950\/2025\/12\/shutterstock_2652490123.jpg\" \/>\n<meta name=\"twitter:card\" content=\"summary_large_image\" \/>\n<meta name=\"twitter:label1\" content=\"Tiempo de lectura\" \/>\n\t<meta name=\"twitter:data1\" content=\"3 minutos\" \/>\n<script type=\"application\/ld+json\" class=\"yoast-schema-graph\">{\"@context\":\"https:\\\/\\\/schema.org\",\"@graph\":[{\"@type\":\"WebPage\",\"@id\":\"https:\\\/\\\/www.middlecreekdental.net\\\/dental-implants-in-caldwell-id-2\\\/\",\"url\":\"https:\\\/\\\/www.middlecreekdental.net\\\/dental-implants-in-caldwell-id-2\\\/\",\"name\":\"Dental Implants in Caldwell, ID - Middle Creek Dental\",\"isPartOf\":{\"@id\":\"https:\\\/\\\/www.middlecreekdental.net\\\/#website\"},\"primaryImageOfPage\":{\"@id\":\"https:\\\/\\\/www.middlecreekdental.net\\\/dental-implants-in-caldwell-id-2\\\/#primaryimage\"},\"image\":{\"@id\":\"https:\\\/\\\/www.middlecreekdental.net\\\/dental-implants-in-caldwell-id-2\\\/#primaryimage\"},\"thumbnailUrl\":\"https:\\\/\\\/www.middlecreekdental.net\\\/wp-content\\\/uploads\\\/sites\\\/950\\\/2025\\\/12\\\/shutterstock_2652490123.jpg\",\"datePublished\":\"2025-12-05T11:53:55+00:00\",\"dateModified\":\"2026-04-16T15:43:21+00:00\",\"description\":\"Middle Creek Dental offers dental implants in Nampa\\\/Caldwell, ID: natural-looking titanium posts, comfort and speech, with a personalized 5-step treatment.\",\"breadcrumb\":{\"@id\":\"https:\\\/\\\/www.middlecreekdental.net\\\/dental-implants-in-caldwell-id-2\\\/#breadcrumb\"},\"inLanguage\":\"es\",\"potentialAction\":[{\"@type\":\"ReadAction\",\"target\":[\"https:\\\/\\\/www.middlecreekdental.net\\\/dental-implants-in-caldwell-id-2\\\/\"]}]},{\"@type\":\"ImageObject\",\"inLanguage\":\"es\",\"@id\":\"https:\\\/\\\/www.middlecreekdental.net\\\/dental-implants-in-caldwell-id-2\\\/#primaryimage\",\"url\":\"https:\\\/\\\/www.middlecreekdental.net\\\/wp-content\\\/uploads\\\/sites\\\/950\\\/2025\\\/12\\\/shutterstock_2652490123.jpg\",\"contentUrl\":\"https:\\\/\\\/www.middlecreekdental.net\\\/wp-content\\\/uploads\\\/sites\\\/950\\\/2025\\\/12\\\/shutterstock_2652490123.jpg\"},{\"@type\":\"BreadcrumbList\",\"@id\":\"https:\\\/\\\/www.middlecreekdental.net\\\/dental-implants-in-caldwell-id-2\\\/#breadcrumb\",\"itemListElement\":[{\"@type\":\"ListItem\",\"position\":1,\"name\":\"Home\",\"item\":\"https:\\\/\\\/www.middlecreekdental.net\\\/\"},{\"@type\":\"ListItem\",\"position\":2,\"name\":\"Dental Implants in Caldwell, ID\"}]},{\"@type\":\"WebSite\",\"@id\":\"https:\\\/\\\/www.middlecreekdental.net\\\/#website\",\"url\":\"https:\\\/\\\/www.middlecreekdental.net\\\/\",\"name\":\"Middle Creek Dental\",\"description\":\"Dentist\",\"publisher\":{\"@id\":\"https:\\\/\\\/www.middlecreekdental.net\\\/#organization\"},\"potentialAction\":[{\"@type\":\"SearchAction\",\"target\":{\"@type\":\"EntryPoint\",\"urlTemplate\":\"https:\\\/\\\/www.middlecreekdental.net\\\/?s={search_term_string}\"},\"query-input\":{\"@type\":\"PropertyValueSpecification\",\"valueRequired\":true,\"valueName\":\"search_term_string\"}}],\"inLanguage\":\"es\"},{\"@type\":\"Organization\",\"@id\":\"https:\\\/\\\/www.middlecreekdental.net\\\/#organization\",\"name\":\"Middle Creek Dental\",\"url\":\"https:\\\/\\\/www.middlecreekdental.net\\\/\",\"logo\":{\"@type\":\"ImageObject\",\"inLanguage\":\"es\",\"@id\":\"https:\\\/\\\/www.middlecreekdental.net\\\/#\\\/schema\\\/logo\\\/image\\\/\",\"url\":\"https:\\\/\\\/cdn.webnamesandnumbers.com\\\/wp-content\\\/uploads\\\/sites\\\/950\\\/2024\\\/05\\\/15211734\\\/middle-creek-dental-e1715864487119.png\",\"contentUrl\":\"https:\\\/\\\/cdn.webnamesandnumbers.com\\\/wp-content\\\/uploads\\\/sites\\\/950\\\/2024\\\/05\\\/15211734\\\/middle-creek-dental-e1715864487119.png\",\"width\":1097,\"height\":679,\"caption\":\"Middle Creek Dental\"},\"image\":{\"@id\":\"https:\\\/\\\/www.middlecreekdental.net\\\/#\\\/schema\\\/logo\\\/image\\\/\"}}]}<\/script>\n<!-- \/ Yoast SEO plugin. -->","yoast_head_json":{"title":"Dental Implants in Caldwell, ID - Middle Creek Dental","description":"Middle Creek Dental offers dental implants in Nampa\/Caldwell, ID: natural-looking titanium posts, comfort and speech, with a personalized 5-step treatment.","robots":{"index":"index","follow":"follow","max-snippet":"max-snippet:-1","max-image-preview":"max-image-preview:large","max-video-preview":"max-video-preview:-1"},"canonical":"https:\/\/www.middlecreekdental.net\/es\/dental-implants-in-caldwell-id-2\/","og_locale":"es_MX","og_type":"article","og_title":"Dental Implants in Caldwell, ID - Middle Creek Dental","og_description":"Middle Creek Dental offers dental implants in Nampa\/Caldwell, ID: natural-looking titanium posts, comfort and speech, with a personalized 5-step treatment.","og_url":"https:\/\/www.middlecreekdental.net\/es\/dental-implants-in-caldwell-id-2\/","og_site_name":"Middle Creek Dental","article_modified_time":"2026-04-16T15:43:21+00:00","og_image":[{"url":"https:\/\/www.middlecreekdental.net\/wp-content\/uploads\/sites\/950\/2025\/12\/shutterstock_2652490123.jpg","type":"","width":"","height":""}],"twitter_card":"summary_large_image","twitter_misc":{"Tiempo de lectura":"3 minutos"},"schema":{"@context":"https:\/\/schema.org","@graph":[{"@type":"WebPage","@id":"https:\/\/www.middlecreekdental.net\/dental-implants-in-caldwell-id-2\/","url":"https:\/\/www.middlecreekdental.net\/dental-implants-in-caldwell-id-2\/","name":"Dental Implants in Caldwell, ID - Middle Creek Dental","isPartOf":{"@id":"https:\/\/www.middlecreekdental.net\/#website"},"primaryImageOfPage":{"@id":"https:\/\/www.middlecreekdental.net\/dental-implants-in-caldwell-id-2\/#primaryimage"},"image":{"@id":"https:\/\/www.middlecreekdental.net\/dental-implants-in-caldwell-id-2\/#primaryimage"},"thumbnailUrl":"https:\/\/www.middlecreekdental.net\/wp-content\/uploads\/sites\/950\/2025\/12\/shutterstock_2652490123.jpg","datePublished":"2025-12-05T11:53:55+00:00","dateModified":"2026-04-16T15:43:21+00:00","description":"Middle Creek Dental offers dental implants in Nampa\/Caldwell, ID: natural-looking titanium posts, comfort and speech, with a personalized 5-step treatment.","breadcrumb":{"@id":"https:\/\/www.middlecreekdental.net\/dental-implants-in-caldwell-id-2\/#breadcrumb"},"inLanguage":"es","potentialAction":[{"@type":"ReadAction","target":["https:\/\/www.middlecreekdental.net\/dental-implants-in-caldwell-id-2\/"]}]},{"@type":"ImageObject","inLanguage":"es","@id":"https:\/\/www.middlecreekdental.net\/dental-implants-in-caldwell-id-2\/#primaryimage","url":"https:\/\/www.middlecreekdental.net\/wp-content\/uploads\/sites\/950\/2025\/12\/shutterstock_2652490123.jpg","contentUrl":"https:\/\/www.middlecreekdental.net\/wp-content\/uploads\/sites\/950\/2025\/12\/shutterstock_2652490123.jpg"},{"@type":"BreadcrumbList","@id":"https:\/\/www.middlecreekdental.net\/dental-implants-in-caldwell-id-2\/#breadcrumb","itemListElement":[{"@type":"ListItem","position":1,"name":"Home","item":"https:\/\/www.middlecreekdental.net\/"},{"@type":"ListItem","position":2,"name":"Dental Implants in Caldwell, ID"}]},{"@type":"WebSite","@id":"https:\/\/www.middlecreekdental.net\/#website","url":"https:\/\/www.middlecreekdental.net\/","name":"Odontolog\u00eda de Middle Creek","description":"Dentista","publisher":{"@id":"https:\/\/www.middlecreekdental.net\/#organization"},"potentialAction":[{"@type":"SearchAction","target":{"@type":"EntryPoint","urlTemplate":"https:\/\/www.middlecreekdental.net\/?s={search_term_string}"},"query-input":{"@type":"PropertyValueSpecification","valueRequired":true,"valueName":"search_term_string"}}],"inLanguage":"es"},{"@type":"Organization","@id":"https:\/\/www.middlecreekdental.net\/#organization","name":"Odontolog\u00eda de Middle Creek","url":"https:\/\/www.middlecreekdental.net\/","logo":{"@type":"ImageObject","inLanguage":"es","@id":"https:\/\/www.middlecreekdental.net\/#\/schema\/logo\/image\/","url":"https:\/\/cdn.webnamesandnumbers.com\/wp-content\/uploads\/sites\/950\/2024\/05\/15211734\/middle-creek-dental-e1715864487119.png","contentUrl":"https:\/\/cdn.webnamesandnumbers.com\/wp-content\/uploads\/sites\/950\/2024\/05\/15211734\/middle-creek-dental-e1715864487119.png","width":1097,"height":679,"caption":"Middle Creek Dental"},"image":{"@id":"https:\/\/www.middlecreekdental.net\/#\/schema\/logo\/image\/"}}]}},"_links":{"self":[{"href":"https:\/\/www.middlecreekdental.net\/es\/wp-json\/wp\/v2\/pages\/2125","targetHints":{"allow":["GET"]}}],"collection":[{"href":"https:\/\/www.middlecreekdental.net\/es\/wp-json\/wp\/v2\/pages"}],"about":[{"href":"https:\/\/www.middlecreekdental.net\/es\/wp-json\/wp\/v2\/types\/page"}],"author":[{"embeddable":true,"href":"https:\/\/www.middlecreekdental.net\/es\/wp-json\/wp\/v2\/users\/13"}],"replies":[{"embeddable":true,"href":"https:\/\/www.middlecreekdental.net\/es\/wp-json\/wp\/v2\/comments?post=2125"}],"version-history":[{"count":7,"href":"https:\/\/www.middlecreekdental.net\/es\/wp-json\/wp\/v2\/pages\/2125\/revisions"}],"predecessor-version":[{"id":2214,"href":"https:\/\/www.middlecreekdental.net\/es\/wp-json\/wp\/v2\/pages\/2125\/revisions\/2214"}],"wp:attachment":[{"href":"https:\/\/www.middlecreekdental.net\/es\/wp-json\/wp\/v2\/media?parent=2125"}],"curies":[{"name":"gracias","href":"https:\/\/api.w.org\/{rel}","templated":true}]}}