{"id":2152,"date":"2025-12-26T11:04:55","date_gmt":"2025-12-26T11:04:55","guid":{"rendered":"https:\/\/www.middlecreekdental.net\/?page_id=2152"},"modified":"2026-04-16T16:52:57","modified_gmt":"2026-04-16T16:52:57","slug":"teeth-whitening-in-nampa-id","status":"publish","type":"page","link":"https:\/\/www.middlecreekdental.net\/es\/teeth-whitening-in-nampa-id\/","title":{"rendered":"Blanqueamiento dental en Nampa, ID"},"content":{"rendered":"<div data-elementor-type=\"wp-page\" data-elementor-id=\"2152\" class=\"elementor elementor-2152\" data-elementor-post-type=\"page\">\n\t\t\t\t<div class=\"elementor-element elementor-element-f200f15 e-con-full e-flex e-con e-parent\" data-id=\"f200f15\" data-element_type=\"container\" data-e-type=\"container\" data-settings=\"{&quot;background_background&quot;:&quot;classic&quot;}\">\n\t\t<div class=\"elementor-element elementor-element-041c54a e-con-full e-flex e-con e-child\" data-id=\"041c54a\" data-element_type=\"container\" data-e-type=\"container\" data-settings=\"{&quot;background_background&quot;:&quot;classic&quot;}\">\n\t\t\t\t<div class=\"elementor-element elementor-element-3c46e19 elementor-widget elementor-widget-heading\" data-id=\"3c46e19\" data-element_type=\"widget\" data-e-type=\"widget\" data-widget_type=\"heading.default\">\n\t\t\t\t<div class=\"elementor-widget-container\">\n\t\t\t\t\t<h1 class=\"elementor-heading-title elementor-size-default\">Blanqueamiento dental<\/h1>\t\t\t\t<\/div>\n\t\t\t\t<\/div>\n\t\t\t\t<div class=\"elementor-element elementor-element-344ab41 elementor-widget elementor-widget-text-editor\" data-id=\"344ab41\" data-element_type=\"widget\" data-e-type=\"widget\" data-widget_type=\"text-editor.default\">\n\t\t\t\t<div class=\"elementor-widget-container\">\n\t\t\t\t\t\t\t\t\t<p>en Nampa, ID<\/p>\t\t\t\t\t\t\t\t<\/div>\n\t\t\t\t<\/div>\n\t\t\t\t<\/div>\n\t\t\t\t<\/div>\n\t\t<div class=\"elementor-element elementor-element-a0ade5b e-flex e-con-boxed e-con e-parent\" data-id=\"a0ade5b\" data-element_type=\"container\" data-e-type=\"container\" data-settings=\"{&quot;background_background&quot;:&quot;classic&quot;}\">\n\t\t\t\t\t<div class=\"e-con-inner\">\n\t\t\t\t<div class=\"elementor-element elementor-element-cac5e64 elementor-widget elementor-widget-text-editor\" data-id=\"cac5e64\" data-element_type=\"widget\" data-e-type=\"widget\" data-widget_type=\"text-editor.default\">\n\t\t\t\t<div class=\"elementor-widget-container\">\n\t\t\t\t\t\t\t\t\t<p>En <em>Odontolog\u00eda de Middle Creek<\/em>, ubicado en el coraz\u00f3n de Nampa, ID, nos dedicamos a brindar <strong>Atenci\u00f3n dental suave y personalizada<\/strong> A todos nuestros pacientes. Entre nuestros servicios integrales de odontolog\u00eda cosm\u00e9tica, el blanqueamiento dental destaca como uno de los tratamientos m\u00e1s solicitados por quienes buscan mejorar su sonrisa con una apariencia m\u00e1s brillante y radiante.<\/p>\t\t\t\t\t\t\t\t<\/div>\n\t\t\t\t<\/div>\n\t\t<div class=\"elementor-element elementor-element-0cd1ecc e-con-full e-flex e-con e-child\" data-id=\"0cd1ecc\" data-element_type=\"container\" data-e-type=\"container\">\n\t\t<div class=\"elementor-element elementor-element-447f9d0 e-con-full e-flex e-con e-child\" data-id=\"447f9d0\" data-element_type=\"container\" data-e-type=\"container\">\n\t\t\t\t<div class=\"elementor-element elementor-element-f75eab7 elementor-widget elementor-widget-text-editor\" data-id=\"f75eab7\" data-element_type=\"widget\" data-e-type=\"widget\" data-widget_type=\"text-editor.default\">\n\t\t\t\t<div class=\"elementor-widget-container\">\n\t\t\t\t\t\t\t\t\t<h2>\u00bfPor qu\u00e9 elegir el blanqueamiento dental?<\/h2><p><u>Blanqueamiento dental<\/u> Es una excelente soluci\u00f3n para abordar la decoloraci\u00f3n y lograr una sonrisa radiante que mejore su apariencia general. Diversos factores, como el envejecimiento y el consumo de sustancias colorantes como el caf\u00e9, el t\u00e9, el vino y el tabaco, pueden provocar la decoloraci\u00f3n de los dientes. El blanqueamiento dental profesional es una forma segura, r\u00e1pida y eficaz de contrarrestar estos efectos y aumentar su confianza.<\/p><h3>Tecnolog\u00eda avanzada de blanqueamiento<\/h3><p>En Middle Creek Dental, utilizamos la tecnolog\u00eda m\u00e1s avanzada para garantizar resultados excepcionales. Nuestros procedimientos de blanqueamiento dental est\u00e1n dise\u00f1ados para ser seguros y efectivos, brindando mejoras notables que se adaptan a sus necesidades espec\u00edficas. Entendemos que cada sonrisa es \u00fanica, por lo que nuestro equipo de expertos adapta cada tratamiento a sus necesidades, garantizando resultados \u00f3ptimos.<\/p><ul><li><strong>Tratamientos personalizables<\/strong>Nuestros tratamientos de blanqueamiento est\u00e1n dise\u00f1ados para adaptarse a las necesidades individuales, garantizando que usted obtenga el tono de blanco perfecto.<\/li><li><strong>Seguro y c\u00f3modo<\/strong>Priorizamos tu seguridad y comodidad, utilizando m\u00e9todos suaves para tus dientes y enc\u00edas.<\/li><li><strong>Resultados inmediatos<\/strong>Con nuestras soluciones profesionales de blanqueamiento podr\u00e1s disfrutar de una sonrisa notablemente m\u00e1s brillante en una sola cita.<\/li><\/ul>\t\t\t\t\t\t\t\t<\/div>\n\t\t\t\t<\/div>\n\t\t\t\t<\/div>\n\t\t<div class=\"elementor-element elementor-element-1c3fc55 e-con-full e-flex e-con e-child\" data-id=\"1c3fc55\" data-element_type=\"container\" data-e-type=\"container\">\n\t\t\t\t<div class=\"elementor-element elementor-element-827212d elementor-widget elementor-widget-text-editor\" data-id=\"827212d\" data-element_type=\"widget\" data-e-type=\"widget\" data-widget_type=\"text-editor.default\">\n\t\t\t\t<div class=\"elementor-widget-container\">\n\t\t\t\t\t\t\t\t\t<h2>Qu\u00e9 esperar durante su visita<\/h2><p>Nuestro personal amable y atento en <strong>Odontolog\u00eda de Middle Creek<\/strong> Le guiaremos en cada paso del proceso de blanqueamiento dental. Comenzamos con un examen exhaustivo para determinar el mejor m\u00e9todo para sus necesidades de blanqueamiento. El Dr. Shaun Christensen, su dentista de confianza en Nampa, supervisar\u00e1 el procedimiento para garantizar que cumpla con los m\u00e1s altos est\u00e1ndares de cuidado bucal.<\/p><p>Una vez establecido el plan de tratamiento, aplicamos nuestros agentes blanqueadores avanzados de forma controlada y meticulosa, garantizando resultados uniformes y consistentes, a la vez que protegemos sus enc\u00edas y otras zonas sensibles. Saldr\u00e1 de nuestra consulta con una sonrisa notablemente m\u00e1s brillante, que reflejar\u00e1 su belleza interior y exterior.<\/p><h2>Resultados duraderos con el cuidado adecuado<\/h2><p>Para maximizar la duraci\u00f3n de sus dientes reci\u00e9n blanqueados, le recomendamos seguir una rutina de higiene dental adecuada, que incluya cepillado y uso de hilo dental con regularidad. Adem\u00e1s, considere reducir el consumo de alimentos y bebidas que puedan causar manchas. Las visitas regulares a Middle Creek Dental para atenci\u00f3n preventiva y revisiones le ayudar\u00e1n a garantizar que su sonrisa se mantenga radiante y saludable durante a\u00f1os.<\/p>\t\t\t\t\t\t\t\t<\/div>\n\t\t\t\t<\/div>\n\t\t\t\t<\/div>\n\t\t\t\t<\/div>\n\t\t\t\t\t<\/div>\n\t\t\t\t<\/div>\n\t\t<div class=\"elementor-element elementor-element-726fb75 e-flex e-con-boxed e-con e-parent\" data-id=\"726fb75\" data-element_type=\"container\" data-e-type=\"container\">\n\t\t\t\t\t<div class=\"e-con-inner\">\n\t\t<div class=\"elementor-element elementor-element-b8b731d e-con-full e-flex e-con e-child\" data-id=\"b8b731d\" data-element_type=\"container\" data-e-type=\"container\">\n\t\t\t\t<div class=\"elementor-element elementor-element-3b09ba1 elementor-widget-tablet__width-inherit elementor-widget elementor-widget-image\" data-id=\"3b09ba1\" data-element_type=\"widget\" data-e-type=\"widget\" data-widget_type=\"image.default\">\n\t\t\t\t<div class=\"elementor-widget-container\">\n\t\t\t\t\t\t\t\t\t\t\t\t\t\t\t<img fetchpriority=\"high\" decoding=\"async\" width=\"800\" height=\"534\" src=\"https:\/\/cdn.webnamesandnumbers.com\/wp-content\/uploads\/sites\/950\/2025\/12\/05115630\/shutterstock_2652490123.jpg\" class=\"attachment-large size-large wp-image-2130\" alt=\"\" srcset=\"https:\/\/cdn.webnamesandnumbers.com\/wp-content\/uploads\/sites\/950\/2025\/12\/05115630\/shutterstock_2652490123.jpg 1000w, https:\/\/cdn.webnamesandnumbers.com\/wp-content\/uploads\/sites\/950\/2025\/12\/05115630\/shutterstock_2652490123-300x200.jpg 300w, https:\/\/cdn.webnamesandnumbers.com\/wp-content\/uploads\/sites\/950\/2025\/12\/05115630\/shutterstock_2652490123-768x512.jpg 768w, https:\/\/cdn.webnamesandnumbers.com\/wp-content\/uploads\/sites\/950\/2025\/12\/05115630\/shutterstock_2652490123-18x12.jpg 18w\" sizes=\"(max-width: 800px) 100vw, 800px\" \/>\t\t\t\t\t\t\t\t\t\t\t\t\t\t\t<\/div>\n\t\t\t\t<\/div>\n\t\t\t\t<\/div>\n\t\t<div class=\"elementor-element elementor-element-84a6ae0 e-con-full e-flex e-con e-child\" data-id=\"84a6ae0\" data-element_type=\"container\" data-e-type=\"container\">\n\t\t\t\t<div class=\"elementor-element elementor-element-fcd8588 elementor-widget-tablet_extra__width-initial elementor-widget-tablet__width-initial elementor-widget elementor-widget-heading\" data-id=\"fcd8588\" data-element_type=\"widget\" data-e-type=\"widget\" data-widget_type=\"heading.default\">\n\t\t\t\t<div class=\"elementor-widget-container\">\n\t\t\t\t\t<h6 class=\"elementor-heading-title elementor-size-default\">\u00a1Empiece hoy mismo a conseguir una sonrisa m\u00e1s brillante!<\/h6>\t\t\t\t<\/div>\n\t\t\t\t<\/div>\n\t\t\t\t<div class=\"elementor-element elementor-element-1c1694c elementor-widget elementor-widget-text-editor\" data-id=\"1c1694c\" data-element_type=\"widget\" data-e-type=\"widget\" data-widget_type=\"text-editor.default\">\n\t\t\t\t<div class=\"elementor-widget-container\">\n\t\t\t\t\t\t\t\t\t<p>Si se encuentra en Nampa, ID, y busca un consultorio dental de confianza para blanqueamiento dental, no busque m\u00e1s: Middle Creek Dental es la soluci\u00f3n. Nuestro equipo de expertos est\u00e1 listo para ayudarle a lograr la sonrisa radiante que se merece. <strong>Se habla espa\u00f1ol<\/strong> Para su conveniencia.<\/p><p>Cont\u00e1ctenos hoy en <a href=\"tel:208-466-7424\">208-466-7424<\/a> O vis\u00edtenos en 155 S. Midland Blvd, Nampa, ID 83686-2601. Nuestro horario de atenci\u00f3n es de lunes a jueves de 8:00 a 18:00, viernes de 8:00 a 17:00 y s\u00e1bado de 8:00 a 14:00. Cerramos los domingos. \u00a1Esperamos acompa\u00f1arle en su camino hacia una sonrisa m\u00e1s radiante!<\/p>\t\t\t\t\t\t\t\t<\/div>\n\t\t\t\t<\/div>\n\t\t\t\t<div class=\"elementor-element elementor-element-e26aa80 elementor-align-justify elementor-widget__width-initial elementor-widget-tablet_extra__width-initial elementor-widget-tablet__width-initial elementor-widget-mobile__width-initial elementor-widget elementor-widget-button\" data-id=\"e26aa80\" data-element_type=\"widget\" data-e-type=\"widget\" data-widget_type=\"button.default\">\n\t\t\t\t<div class=\"elementor-widget-container\">\n\t\t\t\t\t\t\t\t\t<div class=\"elementor-button-wrapper\">\n\t\t\t\t\t<a class=\"elementor-button elementor-button-link elementor-size-sm\" href=\"https:\/\/www.middlecreekdental.net\/es\/contact-us\/\">\n\t\t\t\t\t\t<span class=\"elementor-button-content-wrapper\">\n\t\t\t\t\t\t\t\t\t<span class=\"elementor-button-text\">Cont\u00e1ctenos<\/span>\n\t\t\t\t\t<\/span>\n\t\t\t\t\t<\/a>\n\t\t\t\t<\/div>\n\t\t\t\t\t\t\t\t<\/div>\n\t\t\t\t<\/div>\n\t\t\t\t<\/div>\n\t\t\t\t\t<\/div>\n\t\t\t\t<\/div>\n\t\t\t\t<\/div>","protected":false},"excerpt":{"rendered":"<p>Teeth Whitening in Nampa, ID At Middle Creek Dental, located in the heart of Nampa, ID, we are dedicated to providing gentle and personalized dental care to all our patients. Among our comprehensive cosmetic dental services, teeth whitening stands out as one of the most sought-after treatments for individuals looking to enhance their smile with [&hellip;]<\/p>\n","protected":false},"author":13,"featured_media":0,"parent":0,"menu_order":0,"comment_status":"closed","ping_status":"closed","template":"","meta":{"footnotes":""},"class_list":["post-2152","page","type-page","status-publish","hentry"],"yoast_head":"<!-- This site is optimized with the Yoast SEO plugin v27.3 - https:\/\/yoast.com\/product\/yoast-seo-wordpress\/ -->\n<title>Teeth Whitening in Nampa, ID | Middle Creek Dental<\/title>\n<meta name=\"description\" content=\"Brighten your smile with advanced teeth whitening solutions at Middle Creek Dental. Serving Nampa, ID, our expert team offers personalized and effective treatments to enhance your dental aesthetics. Contact us today for a vibrant smile.\" \/>\n<meta name=\"robots\" content=\"index, follow, max-snippet:-1, max-image-preview:large, max-video-preview:-1\" \/>\n<link rel=\"canonical\" href=\"https:\/\/www.middlecreekdental.net\/es\/teeth-whitening-in-nampa-id\/\" \/>\n<meta property=\"og:locale\" content=\"es_MX\" \/>\n<meta property=\"og:type\" content=\"article\" \/>\n<meta property=\"og:title\" content=\"Teeth Whitening in Nampa, ID | Middle Creek Dental\" \/>\n<meta property=\"og:description\" content=\"Brighten your smile with advanced teeth whitening solutions at Middle Creek Dental. Serving Nampa, ID, our expert team offers personalized and effective treatments to enhance your dental aesthetics. Contact us today for a vibrant smile.\" \/>\n<meta property=\"og:url\" content=\"https:\/\/www.middlecreekdental.net\/es\/teeth-whitening-in-nampa-id\/\" \/>\n<meta property=\"og:site_name\" content=\"Middle Creek Dental\" \/>\n<meta property=\"article:modified_time\" content=\"2026-04-16T16:52:57+00:00\" \/>\n<meta property=\"og:image\" content=\"https:\/\/www.middlecreekdental.net\/wp-content\/uploads\/sites\/950\/2025\/12\/shutterstock_2652490123.jpg\" \/>\n<meta name=\"twitter:card\" content=\"summary_large_image\" \/>\n<meta name=\"twitter:label1\" content=\"Tiempo de lectura\" \/>\n\t<meta name=\"twitter:data1\" content=\"3 minutos\" \/>\n<script type=\"application\/ld+json\" class=\"yoast-schema-graph\">{\"@context\":\"https:\\\/\\\/schema.org\",\"@graph\":[{\"@type\":\"WebPage\",\"@id\":\"https:\\\/\\\/www.middlecreekdental.net\\\/teeth-whitening-in-nampa-id\\\/\",\"url\":\"https:\\\/\\\/www.middlecreekdental.net\\\/teeth-whitening-in-nampa-id\\\/\",\"name\":\"Teeth Whitening in Nampa, ID | Middle Creek Dental\",\"isPartOf\":{\"@id\":\"https:\\\/\\\/www.middlecreekdental.net\\\/#website\"},\"primaryImageOfPage\":{\"@id\":\"https:\\\/\\\/www.middlecreekdental.net\\\/teeth-whitening-in-nampa-id\\\/#primaryimage\"},\"image\":{\"@id\":\"https:\\\/\\\/www.middlecreekdental.net\\\/teeth-whitening-in-nampa-id\\\/#primaryimage\"},\"thumbnailUrl\":\"https:\\\/\\\/www.middlecreekdental.net\\\/wp-content\\\/uploads\\\/sites\\\/950\\\/2025\\\/12\\\/shutterstock_2652490123.jpg\",\"datePublished\":\"2025-12-26T11:04:55+00:00\",\"dateModified\":\"2026-04-16T16:52:57+00:00\",\"description\":\"Brighten your smile with advanced teeth whitening solutions at Middle Creek Dental. Serving Nampa, ID, our expert team offers personalized and effective treatments to enhance your dental aesthetics. Contact us today for a vibrant smile.\",\"breadcrumb\":{\"@id\":\"https:\\\/\\\/www.middlecreekdental.net\\\/teeth-whitening-in-nampa-id\\\/#breadcrumb\"},\"inLanguage\":\"es\",\"potentialAction\":[{\"@type\":\"ReadAction\",\"target\":[\"https:\\\/\\\/www.middlecreekdental.net\\\/teeth-whitening-in-nampa-id\\\/\"]}]},{\"@type\":\"ImageObject\",\"inLanguage\":\"es\",\"@id\":\"https:\\\/\\\/www.middlecreekdental.net\\\/teeth-whitening-in-nampa-id\\\/#primaryimage\",\"url\":\"https:\\\/\\\/www.middlecreekdental.net\\\/wp-content\\\/uploads\\\/sites\\\/950\\\/2025\\\/12\\\/shutterstock_2652490123.jpg\",\"contentUrl\":\"https:\\\/\\\/www.middlecreekdental.net\\\/wp-content\\\/uploads\\\/sites\\\/950\\\/2025\\\/12\\\/shutterstock_2652490123.jpg\"},{\"@type\":\"BreadcrumbList\",\"@id\":\"https:\\\/\\\/www.middlecreekdental.net\\\/teeth-whitening-in-nampa-id\\\/#breadcrumb\",\"itemListElement\":[{\"@type\":\"ListItem\",\"position\":1,\"name\":\"Home\",\"item\":\"https:\\\/\\\/www.middlecreekdental.net\\\/\"},{\"@type\":\"ListItem\",\"position\":2,\"name\":\"Teeth whitening in Nampa, ID\"}]},{\"@type\":\"WebSite\",\"@id\":\"https:\\\/\\\/www.middlecreekdental.net\\\/#website\",\"url\":\"https:\\\/\\\/www.middlecreekdental.net\\\/\",\"name\":\"Middle Creek Dental\",\"description\":\"Dentist\",\"publisher\":{\"@id\":\"https:\\\/\\\/www.middlecreekdental.net\\\/#organization\"},\"potentialAction\":[{\"@type\":\"SearchAction\",\"target\":{\"@type\":\"EntryPoint\",\"urlTemplate\":\"https:\\\/\\\/www.middlecreekdental.net\\\/?s={search_term_string}\"},\"query-input\":{\"@type\":\"PropertyValueSpecification\",\"valueRequired\":true,\"valueName\":\"search_term_string\"}}],\"inLanguage\":\"es\"},{\"@type\":\"Organization\",\"@id\":\"https:\\\/\\\/www.middlecreekdental.net\\\/#organization\",\"name\":\"Middle Creek Dental\",\"url\":\"https:\\\/\\\/www.middlecreekdental.net\\\/\",\"logo\":{\"@type\":\"ImageObject\",\"inLanguage\":\"es\",\"@id\":\"https:\\\/\\\/www.middlecreekdental.net\\\/#\\\/schema\\\/logo\\\/image\\\/\",\"url\":\"https:\\\/\\\/cdn.webnamesandnumbers.com\\\/wp-content\\\/uploads\\\/sites\\\/950\\\/2024\\\/05\\\/15211734\\\/middle-creek-dental-e1715864487119.png\",\"contentUrl\":\"https:\\\/\\\/cdn.webnamesandnumbers.com\\\/wp-content\\\/uploads\\\/sites\\\/950\\\/2024\\\/05\\\/15211734\\\/middle-creek-dental-e1715864487119.png\",\"width\":1097,\"height\":679,\"caption\":\"Middle Creek Dental\"},\"image\":{\"@id\":\"https:\\\/\\\/www.middlecreekdental.net\\\/#\\\/schema\\\/logo\\\/image\\\/\"}}]}<\/script>\n<!-- \/ Yoast SEO plugin. -->","yoast_head_json":{"title":"Blanqueamiento dental en Nampa, ID | Middle Creek Dental","description":"Ilumine su sonrisa con las soluciones avanzadas de blanqueamiento dental de Middle Creek Dental. En Nampa, ID, nuestro equipo de expertos ofrece tratamientos personalizados y efectivos para mejorar su est\u00e9tica dental. Cont\u00e1ctenos hoy mismo para una sonrisa radiante.","robots":{"index":"index","follow":"follow","max-snippet":"max-snippet:-1","max-image-preview":"max-image-preview:large","max-video-preview":"max-video-preview:-1"},"canonical":"https:\/\/www.middlecreekdental.net\/es\/teeth-whitening-in-nampa-id\/","og_locale":"es_MX","og_type":"article","og_title":"Teeth Whitening in Nampa, ID | Middle Creek Dental","og_description":"Brighten your smile with advanced teeth whitening solutions at Middle Creek Dental. Serving Nampa, ID, our expert team offers personalized and effective treatments to enhance your dental aesthetics. Contact us today for a vibrant smile.","og_url":"https:\/\/www.middlecreekdental.net\/es\/teeth-whitening-in-nampa-id\/","og_site_name":"Middle Creek Dental","article_modified_time":"2026-04-16T16:52:57+00:00","og_image":[{"url":"https:\/\/www.middlecreekdental.net\/wp-content\/uploads\/sites\/950\/2025\/12\/shutterstock_2652490123.jpg","type":"","width":"","height":""}],"twitter_card":"summary_large_image","twitter_misc":{"Tiempo de lectura":"3 minutos"},"schema":{"@context":"https:\/\/schema.org","@graph":[{"@type":"WebPage","@id":"https:\/\/www.middlecreekdental.net\/teeth-whitening-in-nampa-id\/","url":"https:\/\/www.middlecreekdental.net\/teeth-whitening-in-nampa-id\/","name":"Blanqueamiento dental en Nampa, ID | Middle Creek Dental","isPartOf":{"@id":"https:\/\/www.middlecreekdental.net\/#website"},"primaryImageOfPage":{"@id":"https:\/\/www.middlecreekdental.net\/teeth-whitening-in-nampa-id\/#primaryimage"},"image":{"@id":"https:\/\/www.middlecreekdental.net\/teeth-whitening-in-nampa-id\/#primaryimage"},"thumbnailUrl":"https:\/\/www.middlecreekdental.net\/wp-content\/uploads\/sites\/950\/2025\/12\/shutterstock_2652490123.jpg","datePublished":"2025-12-26T11:04:55+00:00","dateModified":"2026-04-16T16:52:57+00:00","description":"Ilumine su sonrisa con las soluciones avanzadas de blanqueamiento dental de Middle Creek Dental. En Nampa, ID, nuestro equipo de expertos ofrece tratamientos personalizados y efectivos para mejorar su est\u00e9tica dental. Cont\u00e1ctenos hoy mismo para una sonrisa radiante.","breadcrumb":{"@id":"https:\/\/www.middlecreekdental.net\/teeth-whitening-in-nampa-id\/#breadcrumb"},"inLanguage":"es","potentialAction":[{"@type":"ReadAction","target":["https:\/\/www.middlecreekdental.net\/teeth-whitening-in-nampa-id\/"]}]},{"@type":"ImageObject","inLanguage":"es","@id":"https:\/\/www.middlecreekdental.net\/teeth-whitening-in-nampa-id\/#primaryimage","url":"https:\/\/www.middlecreekdental.net\/wp-content\/uploads\/sites\/950\/2025\/12\/shutterstock_2652490123.jpg","contentUrl":"https:\/\/www.middlecreekdental.net\/wp-content\/uploads\/sites\/950\/2025\/12\/shutterstock_2652490123.jpg"},{"@type":"BreadcrumbList","@id":"https:\/\/www.middlecreekdental.net\/teeth-whitening-in-nampa-id\/#breadcrumb","itemListElement":[{"@type":"ListItem","position":1,"name":"Home","item":"https:\/\/www.middlecreekdental.net\/"},{"@type":"ListItem","position":2,"name":"Teeth whitening in Nampa, ID"}]},{"@type":"WebSite","@id":"https:\/\/www.middlecreekdental.net\/#website","url":"https:\/\/www.middlecreekdental.net\/","name":"Odontolog\u00eda de Middle Creek","description":"Dentista","publisher":{"@id":"https:\/\/www.middlecreekdental.net\/#organization"},"potentialAction":[{"@type":"SearchAction","target":{"@type":"EntryPoint","urlTemplate":"https:\/\/www.middlecreekdental.net\/?s={search_term_string}"},"query-input":{"@type":"PropertyValueSpecification","valueRequired":true,"valueName":"search_term_string"}}],"inLanguage":"es"},{"@type":"Organization","@id":"https:\/\/www.middlecreekdental.net\/#organization","name":"Odontolog\u00eda de Middle Creek","url":"https:\/\/www.middlecreekdental.net\/","logo":{"@type":"ImageObject","inLanguage":"es","@id":"https:\/\/www.middlecreekdental.net\/#\/schema\/logo\/image\/","url":"https:\/\/cdn.webnamesandnumbers.com\/wp-content\/uploads\/sites\/950\/2024\/05\/15211734\/middle-creek-dental-e1715864487119.png","contentUrl":"https:\/\/cdn.webnamesandnumbers.com\/wp-content\/uploads\/sites\/950\/2024\/05\/15211734\/middle-creek-dental-e1715864487119.png","width":1097,"height":679,"caption":"Middle Creek Dental"},"image":{"@id":"https:\/\/www.middlecreekdental.net\/#\/schema\/logo\/image\/"}}]}},"_links":{"self":[{"href":"https:\/\/www.middlecreekdental.net\/es\/wp-json\/wp\/v2\/pages\/2152","targetHints":{"allow":["GET"]}}],"collection":[{"href":"https:\/\/www.middlecreekdental.net\/es\/wp-json\/wp\/v2\/pages"}],"about":[{"href":"https:\/\/www.middlecreekdental.net\/es\/wp-json\/wp\/v2\/types\/page"}],"author":[{"embeddable":true,"href":"https:\/\/www.middlecreekdental.net\/es\/wp-json\/wp\/v2\/users\/13"}],"replies":[{"embeddable":true,"href":"https:\/\/www.middlecreekdental.net\/es\/wp-json\/wp\/v2\/comments?post=2152"}],"version-history":[{"count":10,"href":"https:\/\/www.middlecreekdental.net\/es\/wp-json\/wp\/v2\/pages\/2152\/revisions"}],"predecessor-version":[{"id":2284,"href":"https:\/\/www.middlecreekdental.net\/es\/wp-json\/wp\/v2\/pages\/2152\/revisions\/2284"}],"wp:attachment":[{"href":"https:\/\/www.middlecreekdental.net\/es\/wp-json\/wp\/v2\/media?parent=2152"}],"curies":[{"name":"gracias","href":"https:\/\/api.w.org\/{rel}","templated":true}]}}