{"id":2169,"date":"2026-02-19T13:43:01","date_gmt":"2026-02-19T13:43:01","guid":{"rendered":"https:\/\/www.middlecreekdental.net\/?page_id=2169"},"modified":"2026-02-19T13:45:44","modified_gmt":"2026-02-19T13:45:44","slug":"sedation-dentistry-in-caldwell-id","status":"publish","type":"page","link":"https:\/\/www.middlecreekdental.net\/es\/sedation-dentistry-in-caldwell-id\/","title":{"rendered":"Odontolog\u00eda con sedaci\u00f3n en Caldwell, ID"},"content":{"rendered":"<div data-elementor-type=\"wp-page\" data-elementor-id=\"2169\" class=\"elementor elementor-2169\" data-elementor-post-type=\"page\">\n\t\t\t\t<div class=\"elementor-element elementor-element-ce1f7c9 e-con-full e-flex e-con e-parent\" data-id=\"ce1f7c9\" data-element_type=\"container\" data-settings=\"{&quot;background_background&quot;:&quot;classic&quot;}\">\n\t\t<div class=\"elementor-element elementor-element-38aadfd e-con-full e-flex e-con e-child\" data-id=\"38aadfd\" data-element_type=\"container\" data-settings=\"{&quot;background_background&quot;:&quot;classic&quot;}\">\n\t\t\t\t<div class=\"elementor-element elementor-element-22c3b6e elementor-widget elementor-widget-heading\" data-id=\"22c3b6e\" data-element_type=\"widget\" data-widget_type=\"heading.default\">\n\t\t\t\t<div class=\"elementor-widget-container\">\n\t\t\t\t\t<h1 class=\"elementor-heading-title elementor-size-default\">Odontolog\u00eda con sedaci\u00f3n <\/h1>\t\t\t\t<\/div>\n\t\t\t\t<\/div>\n\t\t\t\t<div class=\"elementor-element elementor-element-ab37c48 elementor-widget elementor-widget-text-editor\" data-id=\"ab37c48\" data-element_type=\"widget\" data-widget_type=\"text-editor.default\">\n\t\t\t\t<div class=\"elementor-widget-container\">\n\t\t\t\t\t\t\t\t\t<p>En Caldwell, ID<\/p>\t\t\t\t\t\t\t\t<\/div>\n\t\t\t\t<\/div>\n\t\t\t\t<\/div>\n\t\t\t\t<\/div>\n\t\t<div class=\"elementor-element elementor-element-ddae889 e-flex e-con-boxed e-con e-parent\" data-id=\"ddae889\" data-element_type=\"container\" data-settings=\"{&quot;background_background&quot;:&quot;classic&quot;}\">\n\t\t\t\t\t<div class=\"e-con-inner\">\n\t\t\t\t<div class=\"elementor-element elementor-element-77d7029 elementor-widget elementor-widget-text-editor\" data-id=\"77d7029\" data-element_type=\"widget\" data-widget_type=\"text-editor.default\">\n\t\t\t\t<div class=\"elementor-widget-container\">\n\t\t\t\t\t\t\t\t\t<p>Las visitas al dentista no tienen por qu\u00e9 ser estresantes. En <strong>Odontolog\u00eda de Middle Creek<\/strong>, Ofrecemos gentileza <strong>odontolog\u00eda con sedaci\u00f3n y \u00f3xido nitroso<\/strong> para ayudar a los pacientes de <strong>Caldwell, Idaho<\/strong> y el gran Treasure Valley se relaja y se siente c\u00f3modo durante el tratamiento.<\/p><p>Ubicado a solo un corto trayecto en auto en Nampa, ID, nuestro equipo combina <strong>tecnolog\u00eda moderna<\/strong> con un enfoque tranquilo y atento para que puedas obtener la atenci\u00f3n que necesitas sin miedo ni ansiedad.<\/p>\t\t\t\t\t\t\t\t<\/div>\n\t\t\t\t<\/div>\n\t\t<div class=\"elementor-element elementor-element-d24fa5a e-con-full e-flex e-con e-child\" data-id=\"d24fa5a\" data-element_type=\"container\">\n\t\t<div class=\"elementor-element elementor-element-06bc296 e-con-full e-flex e-con e-child\" data-id=\"06bc296\" data-element_type=\"container\">\n\t\t\t\t<div class=\"elementor-element elementor-element-0bfe3a5 elementor-widget elementor-widget-text-editor\" data-id=\"0bfe3a5\" data-element_type=\"widget\" data-widget_type=\"text-editor.default\">\n\t\t\t\t<div class=\"elementor-widget-container\">\n\t\t\t\t\t\t\t\t\t<h2>\u00bfQu\u00e9 es la odontolog\u00eda con sedaci\u00f3n?<\/h2><p><strong>Odontolog\u00eda con sedaci\u00f3n<\/strong> Utilizamos m\u00e9todos seguros y controlados por m\u00e9dicos para ayudarle a sentirse relajado en el sill\u00f3n dental. En Middle Creek Dental, ofrecemos:<\/p><ul><li><strong>Sedaci\u00f3n con \u00f3xido nitroso<\/strong> (tambi\u00e9n llamado \u201cgas de la risa\u201d)<\/li><\/ul><p>El \u00f3xido nitroso es una forma leve de sedaci\u00f3n que se inhala a trav\u00e9s de una peque\u00f1a y c\u00f3moda mascarilla que se coloca sobre la nariz. Usted permanece despierto y capaz de reaccionar, pero se siente tranquilo, menos preocupado y, a menudo, menos consciente de los sonidos y sensaciones que le rodean.<\/p><h2>\u00a0<\/h2><h2>\u00bfQui\u00e9n puede beneficiarse de la odontolog\u00eda con sedaci\u00f3n?<\/h2><p>La odontolog\u00eda con sedaci\u00f3n es una excelente opci\u00f3n para muchos pacientes de Caldwell y comunidades aleda\u00f1as que experimentan:<\/p><ul><li><strong>Ansiedad o miedo al dentista<\/strong> sobre el tratamiento<\/li><li><strong>Experiencias dentales negativas pasadas<\/strong><\/li><li><strong>Dientes o enc\u00edas sensibles<\/strong><\/li><li><strong>Fuerte reflejo nauseoso<\/strong><\/li><li><strong>Dificultad para permanecer sentado<\/strong> para citas m\u00e1s largas<\/li><li><strong>M\u00faltiples procedimientos<\/strong> planificado en una sola visita<\/li><\/ul><p>Si ha estado posponiendo el cuidado dental debido al miedo o la incomodidad, la sedaci\u00f3n con \u00f3xido nitroso puede hacer que sea mucho m\u00e1s f\u00e1cil obtener el tratamiento que necesita.<\/p>\t\t\t\t\t\t\t\t<\/div>\n\t\t\t\t<\/div>\n\t\t\t\t<\/div>\n\t\t<div class=\"elementor-element elementor-element-d53bea2 e-con-full e-flex e-con e-child\" data-id=\"d53bea2\" data-element_type=\"container\">\n\t\t\t\t<div class=\"elementor-element elementor-element-dee3f1d elementor-widget elementor-widget-text-editor\" data-id=\"dee3f1d\" data-element_type=\"widget\" data-widget_type=\"text-editor.default\">\n\t\t\t\t<div class=\"elementor-widget-container\">\n\t\t\t\t\t\t\t\t\t<h2>C\u00f3mo funciona la sedaci\u00f3n con \u00f3xido nitroso<\/h2><ul><li><strong>Antes de su visita:<\/strong> Revisamos su historial m\u00e9dico, analizamos sus inquietudes y determinamos si el \u00f3xido nitroso es adecuado para usted.<ul><li><strong>Durante su cita:<\/strong>Se coloca una peque\u00f1a m\u00e1scara sobre la nariz.<\/li><li>Respiras una mezcla de \u00f3xido nitroso y ox\u00edgeno.<\/li><li>En pocos minutos te sentir\u00e1s relajado y menos ansioso.<\/li><li>Todav\u00eda se utiliza anestesia local seg\u00fan sea necesario para mantenerlo c\u00f3modo y sin dolor.<\/li><li><strong>Despu\u00e9s de su cita:<\/strong>Apagamos el \u00f3xido nitroso y te damos ox\u00edgeno puro.<\/li><li>Los efectos desaparecen r\u00e1pidamente: la mayor\u00eda de los pacientes se sienten normales en cuesti\u00f3n de minutos.<\/li><li>En muchos casos, usted puede regresar a casa de manera segura despu\u00e9s del tratamiento.<\/li><\/ul><\/li><\/ul><h2>\u00a0<\/h2><h2>\u00bfEs segura la sedaci\u00f3n con \u00f3xido nitroso?<\/h2><p><strong>S\u00ed.<\/strong> El \u00f3xido nitroso se ha utilizado de forma segura en odontolog\u00eda durante muchos a\u00f1os. En Middle Creek Dental, su dentista especializado en sedaci\u00f3n en el \u00e1rea de Caldwell:<\/p><ul><li>Controla y monitorea cuidadosamente la cantidad de gas que recibe<\/li><li>Comprueba continuamente tu comodidad y respuesta.<\/li><li>Sigue estrictos est\u00e1ndares de seguridad y control de infecciones.<\/li><\/ul><p>La mayor\u00eda de los adultos sanos y muchos ni\u00f1os son buenos candidatos, pero siempre revisaremos su historial de salud y sus medicamentos para asegurarnos de que la sedaci\u00f3n sea adecuada para usted.<\/p>\t\t\t\t\t\t\t\t<\/div>\n\t\t\t\t<\/div>\n\t\t\t\t<\/div>\n\t\t\t\t<\/div>\n\t\t\t\t\t<\/div>\n\t\t\t\t<\/div>\n\t\t<div class=\"elementor-element elementor-element-423b235 e-flex e-con-boxed e-con e-parent\" data-id=\"423b235\" data-element_type=\"container\">\n\t\t\t\t\t<div class=\"e-con-inner\">\n\t\t<div class=\"elementor-element elementor-element-ba7af71 e-con-full e-flex e-con e-child\" data-id=\"ba7af71\" data-element_type=\"container\">\n\t\t\t\t<div class=\"elementor-element elementor-element-0c42253 elementor-widget-tablet__width-inherit elementor-widget elementor-widget-image\" data-id=\"0c42253\" data-element_type=\"widget\" data-widget_type=\"image.default\">\n\t\t\t\t<div class=\"elementor-widget-container\">\n\t\t\t\t\t\t\t\t\t\t\t\t\t\t\t<img fetchpriority=\"high\" decoding=\"async\" width=\"800\" height=\"534\" src=\"https:\/\/cdn.webnamesandnumbers.com\/wp-content\/uploads\/sites\/950\/2026\/02\/19134454\/shutterstock_2150875733.jpg\" class=\"attachment-large size-large wp-image-2173\" alt=\"\" srcset=\"https:\/\/cdn.webnamesandnumbers.com\/wp-content\/uploads\/sites\/950\/2026\/02\/19134454\/shutterstock_2150875733.jpg 1000w, https:\/\/cdn.webnamesandnumbers.com\/wp-content\/uploads\/sites\/950\/2026\/02\/19134454\/shutterstock_2150875733-300x200.jpg 300w, https:\/\/cdn.webnamesandnumbers.com\/wp-content\/uploads\/sites\/950\/2026\/02\/19134454\/shutterstock_2150875733-768x512.jpg 768w, https:\/\/cdn.webnamesandnumbers.com\/wp-content\/uploads\/sites\/950\/2026\/02\/19134454\/shutterstock_2150875733-18x12.jpg 18w\" sizes=\"(max-width: 800px) 100vw, 800px\" \/>\t\t\t\t\t\t\t\t\t\t\t\t\t\t\t<\/div>\n\t\t\t\t<\/div>\n\t\t\t\t<\/div>\n\t\t<div class=\"elementor-element elementor-element-92b1c77 e-con-full e-flex e-con e-child\" data-id=\"92b1c77\" data-element_type=\"container\">\n\t\t\t\t<div class=\"elementor-element elementor-element-7495005 elementor-widget-tablet_extra__width-initial elementor-widget-tablet__width-initial elementor-widget elementor-widget-heading\" data-id=\"7495005\" data-element_type=\"widget\" data-widget_type=\"heading.default\">\n\t\t\t\t<div class=\"elementor-widget-container\">\n\t\t\t\t\t<h6 class=\"elementor-heading-title elementor-size-default\">Tratamientos dentales que podemos realizar con sedaci\u00f3n<\/h6>\t\t\t\t<\/div>\n\t\t\t\t<\/div>\n\t\t\t\t<div class=\"elementor-element elementor-element-be5311b elementor-widget elementor-widget-text-editor\" data-id=\"be5311b\" data-element_type=\"widget\" data-widget_type=\"text-editor.default\">\n\t\t\t\t<div class=\"elementor-widget-container\">\n\t\t\t\t\t\t\t\t\t<p>La sedaci\u00f3n con \u00f3xido nitroso se puede utilizar para muchos de los servicios que ofrecemos, incluidos:<\/p><ul><li>Rutina <strong>limpiezas y ex\u00e1menes<\/strong> para pacientes ansiosos<\/li><li><strong>Rellenos<\/strong> y <strong>coronas<\/strong><\/li><li><strong>Conductos radiculares<\/strong><\/li><li><strong>Extracciones dentales simples<\/strong> y <strong>extracci\u00f3n de muelas del juicio<\/strong><\/li><li><strong>Terapia periodontal (de enc\u00edas)<\/strong><\/li><li>Cierto <strong>cosm\u00e9tica y restauradora<\/strong> procedimientos<\/li><\/ul><p>Discutiremos su plan de tratamiento espec\u00edfico y c\u00f3mo se puede utilizar la sedaci\u00f3n para que cada visita sea lo m\u00e1s c\u00f3moda posible.<\/p><h2>Por qu\u00e9 los pacientes de Caldwell eligen Middle Creek Dental<\/h2><ul><li><strong>Atenci\u00f3n personalizada y suave:<\/strong> Nos tomamos el tiempo para comprender sus preocupaciones y explicarle cada paso.<\/li><li><strong>Equipo experimentado y atento:<\/strong> Nuestro personal est\u00e1 capacitado para trabajar con pacientes ansiosos de todas las edades.<\/li><li><strong>Tecnolog\u00eda moderna:<\/strong> Los equipos avanzados ayudan a que el tratamiento sea m\u00e1s preciso y c\u00f3modo.<\/li><li><strong>Servicios integrales:<\/strong> Desde cuidados preventivos hasta implantes y odontolog\u00eda cosm\u00e9tica, la mayor\u00eda de los tratamientos se pueden realizar en un solo consultorio.<\/li><li><strong>Ubicaci\u00f3n conveniente para Caldwell:<\/strong> Nuestra oficina de Nampa est\u00e1 a un corto trayecto en auto desde Caldwell, ID.<\/li><li><strong>Se habla espa\u00f1ol:<\/strong> Damos la bienvenida a pacientes de habla hispana de Caldwell y sus alrededores.<\/li><\/ul>\t\t\t\t\t\t\t\t<\/div>\n\t\t\t\t<\/div>\n\t\t\t\t<div class=\"elementor-element elementor-element-f1a3eeb elementor-align-justify elementor-widget__width-initial elementor-widget-tablet_extra__width-initial elementor-widget-tablet__width-initial elementor-widget-mobile__width-initial elementor-widget elementor-widget-button\" data-id=\"f1a3eeb\" data-element_type=\"widget\" data-widget_type=\"button.default\">\n\t\t\t\t<div class=\"elementor-widget-container\">\n\t\t\t\t\t\t\t\t\t<div class=\"elementor-button-wrapper\">\n\t\t\t\t\t<a class=\"elementor-button elementor-button-link elementor-size-sm\" href=\"https:\/\/www.middlecreekdental.net\/es\/contact-us\/\">\n\t\t\t\t\t\t<span class=\"elementor-button-content-wrapper\">\n\t\t\t\t\t\t\t\t\t<span class=\"elementor-button-text\">Cont\u00e1ctenos<\/span>\n\t\t\t\t\t<\/span>\n\t\t\t\t\t<\/a>\n\t\t\t\t<\/div>\n\t\t\t\t\t\t\t\t<\/div>\n\t\t\t\t<\/div>\n\t\t\t\t<\/div>\n\t\t\t\t\t<\/div>\n\t\t\t\t<\/div>\n\t\t<div class=\"elementor-element elementor-element-c588a52 e-flex e-con-boxed e-con e-parent\" data-id=\"c588a52\" data-element_type=\"container\" data-settings=\"{&quot;background_background&quot;:&quot;classic&quot;}\">\n\t\t\t\t\t<div class=\"e-con-inner\">\n\t\t\t\t<div class=\"elementor-element elementor-element-a5a1620 elementor-widget elementor-widget-text-editor\" data-id=\"a5a1620\" data-element_type=\"widget\" data-widget_type=\"text-editor.default\">\n\t\t\t\t<div class=\"elementor-widget-container\">\n\t\t\t\t\t\t\t\t\t<h2>Programe su visita de odontolog\u00eda con sedaci\u00f3n<\/h2><p>Descubra lo f\u00e1cil y c\u00f3moda que puede ser la odontolog\u00eda con sedaci\u00f3n con \u00f3xido nitroso.<\/p><p><strong>Ll\u00e1manos hoy:<\/strong> 208-466-7424<\/p><p><strong>Vis\u00edtanos:<\/strong> 155 S. Midland Blvd, Nampa, ID 83686-2601<\/p><p><strong>Horas:<\/strong> Lunes a jueves de 8:00 a 18:00 | Viernes de 8:00 a 17:00 | S\u00e1bado de 8:00 a 14:00 | Domingo cerrado<\/p><p>Comun\u00edquese con Middle Creek Dental para programar su <strong>Cita de odontolog\u00eda con sedaci\u00f3n en Caldwell, ID<\/strong> y d\u00e9 el primer paso hacia un cuidado dental sin estr\u00e9s.<\/p>\t\t\t\t\t\t\t\t<\/div>\n\t\t\t\t<\/div>\n\t\t\t\t\t<\/div>\n\t\t\t\t<\/div>\n\t\t\t\t<\/div>","protected":false},"excerpt":{"rendered":"<p>Odontolog\u00eda con sedaci\u00f3n en Caldwell, ID. Las visitas al dentista no tienen por qu\u00e9 ser estresantes. En Middle Creek Dental, ofrecemos odontolog\u00eda con sedaci\u00f3n suave con \u00f3xido nitroso para ayudar a los pacientes de Caldwell, ID y del \u00e1rea metropolitana de Treasure Valley a relajarse y sentirse c\u00f3modos durante el tratamiento. Ubicado a poca distancia en auto en Nampa, ID, nuestro equipo combina tecnolog\u00eda moderna [\u2026]<\/p>","protected":false},"author":13,"featured_media":0,"parent":0,"menu_order":0,"comment_status":"closed","ping_status":"closed","template":"elementor_header_footer","meta":{"footnotes":""},"class_list":["post-2169","page","type-page","status-publish","hentry"],"yoast_head":"<!-- This site is optimized with the Yoast SEO plugin v26.7 - https:\/\/yoast.com\/wordpress\/plugins\/seo\/ -->\n<title>Sedation Dentistry in Caldwell, ID | Gentle Dental Anxiety Relief at Middle Creek Dental<\/title>\n<meta name=\"description\" content=\"Experience stress\u2011free dental care near Caldwell, ID with nitrous oxide sedation at Middle Creek Dental in Nampa. Our gentle, experienced team helps anxious patients relax during cleanings, fillings, extractions, root canals, and more. Call today to schedule comfortable, personalized care.\" \/>\n<meta name=\"robots\" content=\"index, follow, max-snippet:-1, max-image-preview:large, max-video-preview:-1\" \/>\n<link rel=\"canonical\" href=\"https:\/\/www.middlecreekdental.net\/es\/sedation-dentistry-in-caldwell-id\/\" \/>\n<meta property=\"og:locale\" content=\"es_MX\" \/>\n<meta property=\"og:type\" content=\"article\" \/>\n<meta property=\"og:title\" content=\"Sedation Dentistry in Caldwell, ID | Gentle Dental Anxiety Relief at Middle Creek Dental\" \/>\n<meta property=\"og:description\" content=\"Experience stress\u2011free dental care near Caldwell, ID with nitrous oxide sedation at Middle Creek Dental in Nampa. Our gentle, experienced team helps anxious patients relax during cleanings, fillings, extractions, root canals, and more. Call today to schedule comfortable, personalized care.\" \/>\n<meta property=\"og:url\" content=\"https:\/\/www.middlecreekdental.net\/es\/sedation-dentistry-in-caldwell-id\/\" \/>\n<meta property=\"og:site_name\" content=\"Middle Creek Dental\" \/>\n<meta property=\"article:modified_time\" content=\"2026-02-19T13:45:44+00:00\" \/>\n<meta property=\"og:image\" content=\"https:\/\/www.middlecreekdental.net\/wp-content\/uploads\/sites\/950\/2026\/02\/shutterstock_2150875733.jpg\" \/>\n<meta name=\"twitter:card\" content=\"summary_large_image\" \/>\n<meta name=\"twitter:label1\" content=\"Tiempo de lectura\" \/>\n\t<meta name=\"twitter:data1\" content=\"3 minutos\" \/>\n<script type=\"application\/ld+json\" class=\"yoast-schema-graph\">{\"@context\":\"https:\/\/schema.org\",\"@graph\":[{\"@type\":\"WebPage\",\"@id\":\"https:\/\/www.middlecreekdental.net\/sedation-dentistry-in-caldwell-id\/\",\"url\":\"https:\/\/www.middlecreekdental.net\/sedation-dentistry-in-caldwell-id\/\",\"name\":\"Sedation Dentistry in Caldwell, ID | Gentle Dental Anxiety Relief at Middle Creek Dental\",\"isPartOf\":{\"@id\":\"https:\/\/www.middlecreekdental.net\/#website\"},\"primaryImageOfPage\":{\"@id\":\"https:\/\/www.middlecreekdental.net\/sedation-dentistry-in-caldwell-id\/#primaryimage\"},\"image\":{\"@id\":\"https:\/\/www.middlecreekdental.net\/sedation-dentistry-in-caldwell-id\/#primaryimage\"},\"thumbnailUrl\":\"https:\/\/www.middlecreekdental.net\/wp-content\/uploads\/sites\/950\/2026\/02\/shutterstock_2150875733.jpg\",\"datePublished\":\"2026-02-19T13:43:01+00:00\",\"dateModified\":\"2026-02-19T13:45:44+00:00\",\"description\":\"Experience stress\u2011free dental care near Caldwell, ID with nitrous oxide sedation at Middle Creek Dental in Nampa. Our gentle, experienced team helps anxious patients relax during cleanings, fillings, extractions, root canals, and more. Call today to schedule comfortable, personalized care.\",\"breadcrumb\":{\"@id\":\"https:\/\/www.middlecreekdental.net\/sedation-dentistry-in-caldwell-id\/#breadcrumb\"},\"inLanguage\":\"es\",\"potentialAction\":[{\"@type\":\"ReadAction\",\"target\":[\"https:\/\/www.middlecreekdental.net\/sedation-dentistry-in-caldwell-id\/\"]}]},{\"@type\":\"ImageObject\",\"inLanguage\":\"es\",\"@id\":\"https:\/\/www.middlecreekdental.net\/sedation-dentistry-in-caldwell-id\/#primaryimage\",\"url\":\"https:\/\/www.middlecreekdental.net\/wp-content\/uploads\/sites\/950\/2026\/02\/shutterstock_2150875733.jpg\",\"contentUrl\":\"https:\/\/www.middlecreekdental.net\/wp-content\/uploads\/sites\/950\/2026\/02\/shutterstock_2150875733.jpg\"},{\"@type\":\"BreadcrumbList\",\"@id\":\"https:\/\/www.middlecreekdental.net\/sedation-dentistry-in-caldwell-id\/#breadcrumb\",\"itemListElement\":[{\"@type\":\"ListItem\",\"position\":1,\"name\":\"Home\",\"item\":\"https:\/\/www.middlecreekdental.net\/\"},{\"@type\":\"ListItem\",\"position\":2,\"name\":\"Sedation Dentistry In Caldwell, ID\"}]},{\"@type\":\"WebSite\",\"@id\":\"https:\/\/www.middlecreekdental.net\/#website\",\"url\":\"https:\/\/www.middlecreekdental.net\/\",\"name\":\"Middle Creek Dental\",\"description\":\"Dentist\",\"publisher\":{\"@id\":\"https:\/\/www.middlecreekdental.net\/#organization\"},\"potentialAction\":[{\"@type\":\"SearchAction\",\"target\":{\"@type\":\"EntryPoint\",\"urlTemplate\":\"https:\/\/www.middlecreekdental.net\/?s={search_term_string}\"},\"query-input\":{\"@type\":\"PropertyValueSpecification\",\"valueRequired\":true,\"valueName\":\"search_term_string\"}}],\"inLanguage\":\"es\"},{\"@type\":\"Organization\",\"@id\":\"https:\/\/www.middlecreekdental.net\/#organization\",\"name\":\"Middle Creek Dental\",\"url\":\"https:\/\/www.middlecreekdental.net\/\",\"logo\":{\"@type\":\"ImageObject\",\"inLanguage\":\"es\",\"@id\":\"https:\/\/www.middlecreekdental.net\/#\/schema\/logo\/image\/\",\"url\":\"https:\/\/cdn.webnamesandnumbers.com\/wp-content\/uploads\/sites\/950\/2024\/05\/15211734\/middle-creek-dental-e1715864487119.png\",\"contentUrl\":\"https:\/\/cdn.webnamesandnumbers.com\/wp-content\/uploads\/sites\/950\/2024\/05\/15211734\/middle-creek-dental-e1715864487119.png\",\"width\":1097,\"height\":679,\"caption\":\"Middle Creek Dental\"},\"image\":{\"@id\":\"https:\/\/www.middlecreekdental.net\/#\/schema\/logo\/image\/\"}}]}<\/script>\n<!-- \/ Yoast SEO plugin. -->","yoast_head_json":{"title":"Odontolog\u00eda con sedaci\u00f3n en Caldwell, ID | Alivio suave de la ansiedad dental en Middle Creek Dental","description":"Disfrute de una atenci\u00f3n dental sin estr\u00e9s cerca de Caldwell, Idaho, con sedaci\u00f3n con \u00f3xido nitroso en Middle Creek Dental en Nampa. Nuestro equipo amable y experimentado ayuda a los pacientes ansiosos a relajarse durante limpiezas, empastes, extracciones, endodoncias y m\u00e1s. Llame hoy para programar una cita c\u00f3moda y personalizada.","robots":{"index":"index","follow":"follow","max-snippet":"max-snippet:-1","max-image-preview":"max-image-preview:large","max-video-preview":"max-video-preview:-1"},"canonical":"https:\/\/www.middlecreekdental.net\/es\/sedation-dentistry-in-caldwell-id\/","og_locale":"es_MX","og_type":"article","og_title":"Sedation Dentistry in Caldwell, ID | Gentle Dental Anxiety Relief at Middle Creek Dental","og_description":"Experience stress\u2011free dental care near Caldwell, ID with nitrous oxide sedation at Middle Creek Dental in Nampa. Our gentle, experienced team helps anxious patients relax during cleanings, fillings, extractions, root canals, and more. Call today to schedule comfortable, personalized care.","og_url":"https:\/\/www.middlecreekdental.net\/es\/sedation-dentistry-in-caldwell-id\/","og_site_name":"Middle Creek Dental","article_modified_time":"2026-02-19T13:45:44+00:00","og_image":[{"url":"https:\/\/www.middlecreekdental.net\/wp-content\/uploads\/sites\/950\/2026\/02\/shutterstock_2150875733.jpg","type":"","width":"","height":""}],"twitter_card":"summary_large_image","twitter_misc":{"Tiempo de lectura":"3 minutos"},"schema":{"@context":"https:\/\/schema.org","@graph":[{"@type":"WebPage","@id":"https:\/\/www.middlecreekdental.net\/sedation-dentistry-in-caldwell-id\/","url":"https:\/\/www.middlecreekdental.net\/sedation-dentistry-in-caldwell-id\/","name":"Odontolog\u00eda con sedaci\u00f3n en Caldwell, ID | Alivio suave de la ansiedad dental en Middle Creek Dental","isPartOf":{"@id":"https:\/\/www.middlecreekdental.net\/#website"},"primaryImageOfPage":{"@id":"https:\/\/www.middlecreekdental.net\/sedation-dentistry-in-caldwell-id\/#primaryimage"},"image":{"@id":"https:\/\/www.middlecreekdental.net\/sedation-dentistry-in-caldwell-id\/#primaryimage"},"thumbnailUrl":"https:\/\/www.middlecreekdental.net\/wp-content\/uploads\/sites\/950\/2026\/02\/shutterstock_2150875733.jpg","datePublished":"2026-02-19T13:43:01+00:00","dateModified":"2026-02-19T13:45:44+00:00","description":"Disfrute de una atenci\u00f3n dental sin estr\u00e9s cerca de Caldwell, Idaho, con sedaci\u00f3n con \u00f3xido nitroso en Middle Creek Dental en Nampa. Nuestro equipo amable y experimentado ayuda a los pacientes ansiosos a relajarse durante limpiezas, empastes, extracciones, endodoncias y m\u00e1s. Llame hoy para programar una cita c\u00f3moda y personalizada.","breadcrumb":{"@id":"https:\/\/www.middlecreekdental.net\/sedation-dentistry-in-caldwell-id\/#breadcrumb"},"inLanguage":"es","potentialAction":[{"@type":"ReadAction","target":["https:\/\/www.middlecreekdental.net\/sedation-dentistry-in-caldwell-id\/"]}]},{"@type":"ImageObject","inLanguage":"es","@id":"https:\/\/www.middlecreekdental.net\/sedation-dentistry-in-caldwell-id\/#primaryimage","url":"https:\/\/www.middlecreekdental.net\/wp-content\/uploads\/sites\/950\/2026\/02\/shutterstock_2150875733.jpg","contentUrl":"https:\/\/www.middlecreekdental.net\/wp-content\/uploads\/sites\/950\/2026\/02\/shutterstock_2150875733.jpg"},{"@type":"BreadcrumbList","@id":"https:\/\/www.middlecreekdental.net\/sedation-dentistry-in-caldwell-id\/#breadcrumb","itemListElement":[{"@type":"ListItem","position":1,"name":"Home","item":"https:\/\/www.middlecreekdental.net\/"},{"@type":"ListItem","position":2,"name":"Sedation Dentistry In Caldwell, ID"}]},{"@type":"WebSite","@id":"https:\/\/www.middlecreekdental.net\/#website","url":"https:\/\/www.middlecreekdental.net\/","name":"Odontolog\u00eda de Middle Creek","description":"Dentista","publisher":{"@id":"https:\/\/www.middlecreekdental.net\/#organization"},"potentialAction":[{"@type":"SearchAction","target":{"@type":"EntryPoint","urlTemplate":"https:\/\/www.middlecreekdental.net\/?s={search_term_string}"},"query-input":{"@type":"PropertyValueSpecification","valueRequired":true,"valueName":"search_term_string"}}],"inLanguage":"es"},{"@type":"Organization","@id":"https:\/\/www.middlecreekdental.net\/#organization","name":"Odontolog\u00eda de Middle Creek","url":"https:\/\/www.middlecreekdental.net\/","logo":{"@type":"ImageObject","inLanguage":"es","@id":"https:\/\/www.middlecreekdental.net\/#\/schema\/logo\/image\/","url":"https:\/\/cdn.webnamesandnumbers.com\/wp-content\/uploads\/sites\/950\/2024\/05\/15211734\/middle-creek-dental-e1715864487119.png","contentUrl":"https:\/\/cdn.webnamesandnumbers.com\/wp-content\/uploads\/sites\/950\/2024\/05\/15211734\/middle-creek-dental-e1715864487119.png","width":1097,"height":679,"caption":"Middle Creek Dental"},"image":{"@id":"https:\/\/www.middlecreekdental.net\/#\/schema\/logo\/image\/"}}]}},"_links":{"self":[{"href":"https:\/\/www.middlecreekdental.net\/es\/wp-json\/wp\/v2\/pages\/2169","targetHints":{"allow":["GET"]}}],"collection":[{"href":"https:\/\/www.middlecreekdental.net\/es\/wp-json\/wp\/v2\/pages"}],"about":[{"href":"https:\/\/www.middlecreekdental.net\/es\/wp-json\/wp\/v2\/types\/page"}],"author":[{"embeddable":true,"href":"https:\/\/www.middlecreekdental.net\/es\/wp-json\/wp\/v2\/users\/13"}],"replies":[{"embeddable":true,"href":"https:\/\/www.middlecreekdental.net\/es\/wp-json\/wp\/v2\/comments?post=2169"}],"version-history":[{"count":4,"href":"https:\/\/www.middlecreekdental.net\/es\/wp-json\/wp\/v2\/pages\/2169\/revisions"}],"predecessor-version":[{"id":2177,"href":"https:\/\/www.middlecreekdental.net\/es\/wp-json\/wp\/v2\/pages\/2169\/revisions\/2177"}],"wp:attachment":[{"href":"https:\/\/www.middlecreekdental.net\/es\/wp-json\/wp\/v2\/media?parent=2169"}],"curies":[{"name":"gracias","href":"https:\/\/api.w.org\/{rel}","templated":true}]}}