{"id":2179,"date":"2026-04-08T13:02:01","date_gmt":"2026-04-08T13:02:01","guid":{"rendered":"https:\/\/www.middlecreekdental.net\/?page_id=2179"},"modified":"2026-04-08T13:05:52","modified_gmt":"2026-04-08T13:05:52","slug":"teeth-whitening-in-caldwell-id","status":"publish","type":"page","link":"https:\/\/www.middlecreekdental.net\/es\/teeth-whitening-in-caldwell-id\/","title":{"rendered":"Blanqueamiento dental en Caldwell, Idaho"},"content":{"rendered":"<div data-elementor-type=\"wp-page\" data-elementor-id=\"2179\" class=\"elementor elementor-2179\" data-elementor-post-type=\"page\">\n\t\t\t\t<div class=\"elementor-element elementor-element-a242ffd e-con-full e-flex e-con e-parent\" data-id=\"a242ffd\" data-element_type=\"container\" data-e-type=\"container\" data-settings=\"{&quot;background_background&quot;:&quot;classic&quot;}\">\n\t\t<div class=\"elementor-element elementor-element-9b908e0 e-con-full e-flex e-con e-child\" data-id=\"9b908e0\" data-element_type=\"container\" data-e-type=\"container\" data-settings=\"{&quot;background_background&quot;:&quot;classic&quot;}\">\n\t\t\t\t<div class=\"elementor-element elementor-element-85576d7 elementor-widget elementor-widget-heading\" data-id=\"85576d7\" data-element_type=\"widget\" data-e-type=\"widget\" data-widget_type=\"heading.default\">\n\t\t\t\t<div class=\"elementor-widget-container\">\n\t\t\t\t\t<h1 class=\"elementor-heading-title elementor-size-default\">Blanqueamiento dental<\/h1>\t\t\t\t<\/div>\n\t\t\t\t<\/div>\n\t\t\t\t<div class=\"elementor-element elementor-element-1dd2447 elementor-widget elementor-widget-text-editor\" data-id=\"1dd2447\" data-element_type=\"widget\" data-e-type=\"widget\" data-widget_type=\"text-editor.default\">\n\t\t\t\t<div class=\"elementor-widget-container\">\n\t\t\t\t\t\t\t\t\t<p>en Caldwell, ID<\/p>\t\t\t\t\t\t\t\t<\/div>\n\t\t\t\t<\/div>\n\t\t\t\t<\/div>\n\t\t\t\t<\/div>\n\t\t<div class=\"elementor-element elementor-element-59343e8 e-flex e-con-boxed e-con e-parent\" data-id=\"59343e8\" data-element_type=\"container\" data-e-type=\"container\" data-settings=\"{&quot;background_background&quot;:&quot;classic&quot;}\">\n\t\t\t\t\t<div class=\"e-con-inner\">\n\t\t\t\t<div class=\"elementor-element elementor-element-d7fb0ff elementor-widget elementor-widget-text-editor\" data-id=\"d7fb0ff\" data-element_type=\"widget\" data-e-type=\"widget\" data-widget_type=\"text-editor.default\">\n\t\t\t\t<div class=\"elementor-widget-container\">\n\t\t\t\t\t\t\t\t\t<p>Si el caf\u00e9, el t\u00e9, el vino tinto, el tabaco o el envejecimiento diario han dejado su sonrisa opaca o amarillenta, el blanqueamiento dental profesional puede ayudarle a lucir renovado y seguro. <strong>Odontolog\u00eda de Middle Creek<\/strong>, nosotros proporcionamos <strong>Cuidado dental delicado y personalizado<\/strong> para pacientes de <strong>Caldwell, Idaho<\/strong> y sus alrededores, un servicio prestado por un equipo experimentado y atento que utiliza tecnolog\u00eda moderna.<\/p>\t\t\t\t\t\t\t\t<\/div>\n\t\t\t\t<\/div>\n\t\t<div class=\"elementor-element elementor-element-25beb7d e-con-full e-flex e-con e-child\" data-id=\"25beb7d\" data-element_type=\"container\" data-e-type=\"container\">\n\t\t<div class=\"elementor-element elementor-element-3a0785a e-con-full e-flex e-con e-child\" data-id=\"3a0785a\" data-element_type=\"container\" data-e-type=\"container\">\n\t\t\t\t<div class=\"elementor-element elementor-element-7b88d32 elementor-widget elementor-widget-text-editor\" data-id=\"7b88d32\" data-element_type=\"widget\" data-e-type=\"widget\" data-widget_type=\"text-editor.default\">\n\t\t\t\t<div class=\"elementor-widget-container\">\n\t\t\t\t\t\t\t\t\t<h2>Blanqueamiento dental profesional que se adapta a tus objetivos de sonrisa.<\/h2><p>Los productos blanqueadores de venta libre pueden resultar tentadores, pero los resultados pueden ser irregulares y aumentar la sensibilidad dental. El blanqueamiento profesional est\u00e1 dise\u00f1ado para ser m\u00e1s uniforme y adaptado a tu sonrisa.<\/p><ul><li><strong>Atenci\u00f3n personalizada<\/strong> en funci\u00f3n del color de sus dientes, los trabajos dentales existentes y los niveles de sensibilidad.<\/li><li><strong>Resultados de aspecto m\u00e1s uniforme<\/strong> que muchas tiras y pastas compradas en tiendas<\/li><li><strong>Orientaci\u00f3n de un equipo dental<\/strong> que prioriza la comodidad y la seguridad<\/li><\/ul><h2>\u00bfEl blanqueamiento dental es adecuado para ti?<\/h2><p>El blanqueamiento dental es una opci\u00f3n cosm\u00e9tica popular entre muchos adultos, especialmente antes de bodas, entrevistas de trabajo, reuniones y eventos importantes de la vida. Puede ser una excelente opci\u00f3n si usted tiene:<\/p><ul><li>Amarillamiento o manchas causadas por alimentos o bebidas (caf\u00e9, t\u00e9, refrescos, vino).<\/li><li>Decoloraci\u00f3n por el consumo de tabaco<\/li><li>Dientes que se ven m\u00e1s oscuros debido al envejecimiento natural.<\/li><li>El deseo de realzar tu sonrisa con un tratamiento cosm\u00e9tico conservador.<\/li><\/ul><p><em>Nota:<\/em> Algunos tipos de decoloraci\u00f3n pueden no responder de la misma manera al blanqueamiento, y <strong>Los empastes, las coronas y las carillas no se blanquean.<\/strong>. Le ayudaremos a comprender qu\u00e9 puede esperar y qu\u00e9 opciones pueden ser las m\u00e1s adecuadas para su situaci\u00f3n.<\/p>\t\t\t\t\t\t\t\t<\/div>\n\t\t\t\t<\/div>\n\t\t\t\t<\/div>\n\t\t<div class=\"elementor-element elementor-element-7dae297 e-con-full e-flex e-con e-child\" data-id=\"7dae297\" data-element_type=\"container\" data-e-type=\"container\">\n\t\t\t\t<div class=\"elementor-element elementor-element-3bff5f7 elementor-widget elementor-widget-text-editor\" data-id=\"3bff5f7\" data-element_type=\"widget\" data-e-type=\"widget\" data-widget_type=\"text-editor.default\">\n\t\t\t\t<div class=\"elementor-widget-container\">\n\t\t\t\t\t\t\t\t\t<h2>Qu\u00e9 esperar en su visita para blanqueamiento dental<\/h2><p>Comenzamos por conocer sus objetivos y evaluar su salud bucal. Si el blanqueamiento es una buena opci\u00f3n, le recomendaremos un m\u00e9todo que priorice tanto su comodidad como los resultados.<\/p><ul><li><strong>evaluaci\u00f3n de la sonrisa<\/strong> para comprobar si hay caries, irritaci\u00f3n de las enc\u00edas o sensibilidad.<\/li><li><strong>Discusi\u00f3n de sus objetivos<\/strong> (Aclaramiento natural frente a un cambio m\u00e1s notorio)<\/li><li><strong>Orientaci\u00f3n clara<\/strong> sobre c\u00f3mo mantener los resultados con h\u00e1bitos inteligentes y limpiezas rutinarias.<\/li><\/ul><h2>\u00a0<\/h2><h2>Por qu\u00e9 los pacientes de Caldwell eligen Middle Creek Dental<\/h2><p>Los pacientes de Caldwell acuden a Middle Creek Dental porque buscan un equipo que combine la odontolog\u00eda moderna con un trato c\u00e1lido y respetuoso.<\/p><ul><li><strong>La principal cl\u00ednica dental general y cosm\u00e9tica de Nampa.<\/strong><\/li><li><strong>\u00daltima tecnolog\u00eda<\/strong> para un mayor nivel de atenci\u00f3n y comodidad<\/li><li><strong>Personal experimentado y atento<\/strong> centrado en un tratamiento suave<\/li><li><strong>Est\u00e1ndares de control de infecciones m\u00e1s exigentes<\/strong><\/li><li><strong>Se habla espa\u00f1ol<\/strong><\/li><\/ul>\t\t\t\t\t\t\t\t<\/div>\n\t\t\t\t<\/div>\n\t\t\t\t<\/div>\n\t\t\t\t<\/div>\n\t\t\t\t\t<\/div>\n\t\t\t\t<\/div>\n\t\t<div class=\"elementor-element elementor-element-3b815c8 e-flex e-con-boxed e-con e-parent\" data-id=\"3b815c8\" data-element_type=\"container\" data-e-type=\"container\">\n\t\t\t\t\t<div class=\"e-con-inner\">\n\t\t<div class=\"elementor-element elementor-element-d02e186 e-con-full e-flex e-con e-child\" data-id=\"d02e186\" data-element_type=\"container\" data-e-type=\"container\">\n\t\t\t\t<div class=\"elementor-element elementor-element-349a914 elementor-widget-tablet__width-inherit elementor-widget elementor-widget-image\" data-id=\"349a914\" data-element_type=\"widget\" data-e-type=\"widget\" data-widget_type=\"image.default\">\n\t\t\t\t<div class=\"elementor-widget-container\">\n\t\t\t\t\t\t\t\t\t\t\t\t\t\t\t<img fetchpriority=\"high\" decoding=\"async\" width=\"800\" height=\"534\" src=\"https:\/\/cdn.webnamesandnumbers.com\/wp-content\/uploads\/sites\/950\/2026\/04\/08130504\/shutterstock_2628266623.jpg\" class=\"attachment-large size-large wp-image-2182\" alt=\"\" srcset=\"https:\/\/cdn.webnamesandnumbers.com\/wp-content\/uploads\/sites\/950\/2026\/04\/08130504\/shutterstock_2628266623.jpg 1000w, https:\/\/cdn.webnamesandnumbers.com\/wp-content\/uploads\/sites\/950\/2026\/04\/08130504\/shutterstock_2628266623-300x200.jpg 300w, https:\/\/cdn.webnamesandnumbers.com\/wp-content\/uploads\/sites\/950\/2026\/04\/08130504\/shutterstock_2628266623-768x512.jpg 768w, https:\/\/cdn.webnamesandnumbers.com\/wp-content\/uploads\/sites\/950\/2026\/04\/08130504\/shutterstock_2628266623-18x12.jpg 18w\" sizes=\"(max-width: 800px) 100vw, 800px\" \/>\t\t\t\t\t\t\t\t\t\t\t\t\t\t\t<\/div>\n\t\t\t\t<\/div>\n\t\t\t\t<\/div>\n\t\t<div class=\"elementor-element elementor-element-13f33b6 e-con-full e-flex e-con e-child\" data-id=\"13f33b6\" data-element_type=\"container\" data-e-type=\"container\">\n\t\t\t\t<div class=\"elementor-element elementor-element-bf038fb elementor-widget-tablet_extra__width-initial elementor-widget-tablet__width-initial elementor-widget elementor-widget-heading\" data-id=\"bf038fb\" data-element_type=\"widget\" data-e-type=\"widget\" data-widget_type=\"heading.default\">\n\t\t\t\t<div class=\"elementor-widget-container\">\n\t\t\t\t\t<h6 class=\"elementor-heading-title elementor-size-default\">Haz del blanqueamiento dental parte de un plan para una sonrisa saludable.<\/h6>\t\t\t\t<\/div>\n\t\t\t\t<\/div>\n\t\t\t\t<div class=\"elementor-element elementor-element-1cc3512 elementor-widget elementor-widget-text-editor\" data-id=\"1cc3512\" data-element_type=\"widget\" data-e-type=\"widget\" data-widget_type=\"text-editor.default\">\n\t\t\t\t<div class=\"elementor-widget-container\">\n\t\t\t\t\t\t\t\t\t<p>El blanqueamiento dental se complementa a la perfecci\u00f3n con el cuidado preventivo. Las revisiones y limpiezas regulares ayudan a prevenir la acumulaci\u00f3n de manchas y nos permiten detectar peque\u00f1os problemas a tiempo, para que tu sonrisa se mantenga sana y radiante.<\/p><h3>Programe un blanqueamiento dental cerca de Caldwell, Idaho.<\/h3><p>\u00bfListo para iluminar tu sonrisa? Llama <strong>Odontolog\u00eda de Middle Creek<\/strong> Para programar su consulta de blanqueamiento dental.<\/p>\t\t\t\t\t\t\t\t<\/div>\n\t\t\t\t<\/div>\n\t\t\t\t<div class=\"elementor-element elementor-element-6099a7e elementor-align-justify elementor-widget__width-initial elementor-widget-tablet_extra__width-initial elementor-widget-tablet__width-initial elementor-widget-mobile__width-initial elementor-widget elementor-widget-button\" data-id=\"6099a7e\" data-element_type=\"widget\" data-e-type=\"widget\" data-widget_type=\"button.default\">\n\t\t\t\t<div class=\"elementor-widget-container\">\n\t\t\t\t\t\t\t\t\t<div class=\"elementor-button-wrapper\">\n\t\t\t\t\t<a class=\"elementor-button elementor-button-link elementor-size-sm\" href=\"https:\/\/www.middlecreekdental.net\/es\/contact-us\/\">\n\t\t\t\t\t\t<span class=\"elementor-button-content-wrapper\">\n\t\t\t\t\t\t\t\t\t<span class=\"elementor-button-text\">Cont\u00e1ctenos<\/span>\n\t\t\t\t\t<\/span>\n\t\t\t\t\t<\/a>\n\t\t\t\t<\/div>\n\t\t\t\t\t\t\t\t<\/div>\n\t\t\t\t<\/div>\n\t\t\t\t<\/div>\n\t\t\t\t\t<\/div>\n\t\t\t\t<\/div>\n\t\t\t\t<\/div>","protected":false},"excerpt":{"rendered":"<p>Teeth Whitening in Caldwell, ID If coffee, tea, red wine, tobacco, or everyday aging has left your smile looking dull or yellow, professional teeth whitening can help you look refreshed and confident. At Middle Creek Dental, we provide gentle &amp; personalized dental care for patients from Caldwell, ID and surrounding areas\u2014delivered by an experienced, caring [&hellip;]<\/p>\n","protected":false},"author":13,"featured_media":0,"parent":0,"menu_order":0,"comment_status":"closed","ping_status":"closed","template":"","meta":{"footnotes":""},"class_list":["post-2179","page","type-page","status-publish","hentry"],"yoast_head":"<!-- This site is optimized with the Yoast SEO plugin v27.3 - https:\/\/yoast.com\/product\/yoast-seo-wordpress\/ -->\n<title>Teeth Whitening in Caldwell, ID | Middle Creek Dental (Near Caldwell)<\/title>\n<meta name=\"description\" content=\"Brighten your smile with professional teeth whitening near Caldwell, ID at Middle Creek Dental. Gentle, personalized care, modern technology, and a caring team. Call 208-466-7424.\" \/>\n<meta name=\"robots\" content=\"index, follow, max-snippet:-1, max-image-preview:large, max-video-preview:-1\" \/>\n<link rel=\"canonical\" href=\"https:\/\/www.middlecreekdental.net\/es\/teeth-whitening-in-caldwell-id\/\" \/>\n<meta property=\"og:locale\" content=\"es_MX\" \/>\n<meta property=\"og:type\" content=\"article\" \/>\n<meta property=\"og:title\" content=\"Teeth Whitening in Caldwell, ID | Middle Creek Dental (Near Caldwell)\" \/>\n<meta property=\"og:description\" content=\"Brighten your smile with professional teeth whitening near Caldwell, ID at Middle Creek Dental. Gentle, personalized care, modern technology, and a caring team. Call 208-466-7424.\" \/>\n<meta property=\"og:url\" content=\"https:\/\/www.middlecreekdental.net\/es\/teeth-whitening-in-caldwell-id\/\" \/>\n<meta property=\"og:site_name\" content=\"Middle Creek Dental\" \/>\n<meta property=\"article:modified_time\" content=\"2026-04-08T13:05:52+00:00\" \/>\n<meta property=\"og:image\" content=\"https:\/\/www.middlecreekdental.net\/wp-content\/uploads\/sites\/950\/2026\/04\/shutterstock_2628266623.jpg\" \/>\n<meta name=\"twitter:card\" content=\"summary_large_image\" \/>\n<meta name=\"twitter:label1\" content=\"Tiempo de lectura\" \/>\n\t<meta name=\"twitter:data1\" content=\"3 minutos\" \/>\n<script type=\"application\/ld+json\" class=\"yoast-schema-graph\">{\"@context\":\"https:\\\/\\\/schema.org\",\"@graph\":[{\"@type\":\"WebPage\",\"@id\":\"https:\\\/\\\/www.middlecreekdental.net\\\/teeth-whitening-in-caldwell-id\\\/\",\"url\":\"https:\\\/\\\/www.middlecreekdental.net\\\/teeth-whitening-in-caldwell-id\\\/\",\"name\":\"Teeth Whitening in Caldwell, ID | Middle Creek Dental (Near Caldwell)\",\"isPartOf\":{\"@id\":\"https:\\\/\\\/www.middlecreekdental.net\\\/#website\"},\"primaryImageOfPage\":{\"@id\":\"https:\\\/\\\/www.middlecreekdental.net\\\/teeth-whitening-in-caldwell-id\\\/#primaryimage\"},\"image\":{\"@id\":\"https:\\\/\\\/www.middlecreekdental.net\\\/teeth-whitening-in-caldwell-id\\\/#primaryimage\"},\"thumbnailUrl\":\"https:\\\/\\\/www.middlecreekdental.net\\\/wp-content\\\/uploads\\\/sites\\\/950\\\/2026\\\/04\\\/shutterstock_2628266623.jpg\",\"datePublished\":\"2026-04-08T13:02:01+00:00\",\"dateModified\":\"2026-04-08T13:05:52+00:00\",\"description\":\"Brighten your smile with professional teeth whitening near Caldwell, ID at Middle Creek Dental. Gentle, personalized care, modern technology, and a caring team. Call 208-466-7424.\",\"breadcrumb\":{\"@id\":\"https:\\\/\\\/www.middlecreekdental.net\\\/teeth-whitening-in-caldwell-id\\\/#breadcrumb\"},\"inLanguage\":\"es\",\"potentialAction\":[{\"@type\":\"ReadAction\",\"target\":[\"https:\\\/\\\/www.middlecreekdental.net\\\/teeth-whitening-in-caldwell-id\\\/\"]}]},{\"@type\":\"ImageObject\",\"inLanguage\":\"es\",\"@id\":\"https:\\\/\\\/www.middlecreekdental.net\\\/teeth-whitening-in-caldwell-id\\\/#primaryimage\",\"url\":\"https:\\\/\\\/www.middlecreekdental.net\\\/wp-content\\\/uploads\\\/sites\\\/950\\\/2026\\\/04\\\/shutterstock_2628266623.jpg\",\"contentUrl\":\"https:\\\/\\\/www.middlecreekdental.net\\\/wp-content\\\/uploads\\\/sites\\\/950\\\/2026\\\/04\\\/shutterstock_2628266623.jpg\"},{\"@type\":\"BreadcrumbList\",\"@id\":\"https:\\\/\\\/www.middlecreekdental.net\\\/teeth-whitening-in-caldwell-id\\\/#breadcrumb\",\"itemListElement\":[{\"@type\":\"ListItem\",\"position\":1,\"name\":\"Home\",\"item\":\"https:\\\/\\\/www.middlecreekdental.net\\\/\"},{\"@type\":\"ListItem\",\"position\":2,\"name\":\"Teeth Whitening in Caldwell, ID\"}]},{\"@type\":\"WebSite\",\"@id\":\"https:\\\/\\\/www.middlecreekdental.net\\\/#website\",\"url\":\"https:\\\/\\\/www.middlecreekdental.net\\\/\",\"name\":\"Middle Creek Dental\",\"description\":\"Dentist\",\"publisher\":{\"@id\":\"https:\\\/\\\/www.middlecreekdental.net\\\/#organization\"},\"potentialAction\":[{\"@type\":\"SearchAction\",\"target\":{\"@type\":\"EntryPoint\",\"urlTemplate\":\"https:\\\/\\\/www.middlecreekdental.net\\\/?s={search_term_string}\"},\"query-input\":{\"@type\":\"PropertyValueSpecification\",\"valueRequired\":true,\"valueName\":\"search_term_string\"}}],\"inLanguage\":\"es\"},{\"@type\":\"Organization\",\"@id\":\"https:\\\/\\\/www.middlecreekdental.net\\\/#organization\",\"name\":\"Middle Creek Dental\",\"url\":\"https:\\\/\\\/www.middlecreekdental.net\\\/\",\"logo\":{\"@type\":\"ImageObject\",\"inLanguage\":\"es\",\"@id\":\"https:\\\/\\\/www.middlecreekdental.net\\\/#\\\/schema\\\/logo\\\/image\\\/\",\"url\":\"https:\\\/\\\/cdn.webnamesandnumbers.com\\\/wp-content\\\/uploads\\\/sites\\\/950\\\/2024\\\/05\\\/15211734\\\/middle-creek-dental-e1715864487119.png\",\"contentUrl\":\"https:\\\/\\\/cdn.webnamesandnumbers.com\\\/wp-content\\\/uploads\\\/sites\\\/950\\\/2024\\\/05\\\/15211734\\\/middle-creek-dental-e1715864487119.png\",\"width\":1097,\"height\":679,\"caption\":\"Middle Creek Dental\"},\"image\":{\"@id\":\"https:\\\/\\\/www.middlecreekdental.net\\\/#\\\/schema\\\/logo\\\/image\\\/\"}}]}<\/script>\n<!-- \/ Yoast SEO plugin. -->","yoast_head_json":{"title":"Teeth Whitening in Caldwell, ID | Middle Creek Dental (Near Caldwell)","description":"Brighten your smile with professional teeth whitening near Caldwell, ID at Middle Creek Dental. Gentle, personalized care, modern technology, and a caring team. Call 208-466-7424.","robots":{"index":"index","follow":"follow","max-snippet":"max-snippet:-1","max-image-preview":"max-image-preview:large","max-video-preview":"max-video-preview:-1"},"canonical":"https:\/\/www.middlecreekdental.net\/es\/teeth-whitening-in-caldwell-id\/","og_locale":"es_MX","og_type":"article","og_title":"Teeth Whitening in Caldwell, ID | Middle Creek Dental (Near Caldwell)","og_description":"Brighten your smile with professional teeth whitening near Caldwell, ID at Middle Creek Dental. Gentle, personalized care, modern technology, and a caring team. Call 208-466-7424.","og_url":"https:\/\/www.middlecreekdental.net\/es\/teeth-whitening-in-caldwell-id\/","og_site_name":"Middle Creek Dental","article_modified_time":"2026-04-08T13:05:52+00:00","og_image":[{"url":"https:\/\/www.middlecreekdental.net\/wp-content\/uploads\/sites\/950\/2026\/04\/shutterstock_2628266623.jpg","type":"","width":"","height":""}],"twitter_card":"summary_large_image","twitter_misc":{"Tiempo de lectura":"3 minutos"},"schema":{"@context":"https:\/\/schema.org","@graph":[{"@type":"WebPage","@id":"https:\/\/www.middlecreekdental.net\/teeth-whitening-in-caldwell-id\/","url":"https:\/\/www.middlecreekdental.net\/teeth-whitening-in-caldwell-id\/","name":"Teeth Whitening in Caldwell, ID | Middle Creek Dental (Near Caldwell)","isPartOf":{"@id":"https:\/\/www.middlecreekdental.net\/#website"},"primaryImageOfPage":{"@id":"https:\/\/www.middlecreekdental.net\/teeth-whitening-in-caldwell-id\/#primaryimage"},"image":{"@id":"https:\/\/www.middlecreekdental.net\/teeth-whitening-in-caldwell-id\/#primaryimage"},"thumbnailUrl":"https:\/\/www.middlecreekdental.net\/wp-content\/uploads\/sites\/950\/2026\/04\/shutterstock_2628266623.jpg","datePublished":"2026-04-08T13:02:01+00:00","dateModified":"2026-04-08T13:05:52+00:00","description":"Brighten your smile with professional teeth whitening near Caldwell, ID at Middle Creek Dental. Gentle, personalized care, modern technology, and a caring team. Call 208-466-7424.","breadcrumb":{"@id":"https:\/\/www.middlecreekdental.net\/teeth-whitening-in-caldwell-id\/#breadcrumb"},"inLanguage":"es","potentialAction":[{"@type":"ReadAction","target":["https:\/\/www.middlecreekdental.net\/teeth-whitening-in-caldwell-id\/"]}]},{"@type":"ImageObject","inLanguage":"es","@id":"https:\/\/www.middlecreekdental.net\/teeth-whitening-in-caldwell-id\/#primaryimage","url":"https:\/\/www.middlecreekdental.net\/wp-content\/uploads\/sites\/950\/2026\/04\/shutterstock_2628266623.jpg","contentUrl":"https:\/\/www.middlecreekdental.net\/wp-content\/uploads\/sites\/950\/2026\/04\/shutterstock_2628266623.jpg"},{"@type":"BreadcrumbList","@id":"https:\/\/www.middlecreekdental.net\/teeth-whitening-in-caldwell-id\/#breadcrumb","itemListElement":[{"@type":"ListItem","position":1,"name":"Home","item":"https:\/\/www.middlecreekdental.net\/"},{"@type":"ListItem","position":2,"name":"Teeth Whitening in Caldwell, ID"}]},{"@type":"WebSite","@id":"https:\/\/www.middlecreekdental.net\/#website","url":"https:\/\/www.middlecreekdental.net\/","name":"Odontolog\u00eda de Middle Creek","description":"Dentista","publisher":{"@id":"https:\/\/www.middlecreekdental.net\/#organization"},"potentialAction":[{"@type":"SearchAction","target":{"@type":"EntryPoint","urlTemplate":"https:\/\/www.middlecreekdental.net\/?s={search_term_string}"},"query-input":{"@type":"PropertyValueSpecification","valueRequired":true,"valueName":"search_term_string"}}],"inLanguage":"es"},{"@type":"Organization","@id":"https:\/\/www.middlecreekdental.net\/#organization","name":"Odontolog\u00eda de Middle Creek","url":"https:\/\/www.middlecreekdental.net\/","logo":{"@type":"ImageObject","inLanguage":"es","@id":"https:\/\/www.middlecreekdental.net\/#\/schema\/logo\/image\/","url":"https:\/\/cdn.webnamesandnumbers.com\/wp-content\/uploads\/sites\/950\/2024\/05\/15211734\/middle-creek-dental-e1715864487119.png","contentUrl":"https:\/\/cdn.webnamesandnumbers.com\/wp-content\/uploads\/sites\/950\/2024\/05\/15211734\/middle-creek-dental-e1715864487119.png","width":1097,"height":679,"caption":"Middle Creek Dental"},"image":{"@id":"https:\/\/www.middlecreekdental.net\/#\/schema\/logo\/image\/"}}]}},"_links":{"self":[{"href":"https:\/\/www.middlecreekdental.net\/es\/wp-json\/wp\/v2\/pages\/2179","targetHints":{"allow":["GET"]}}],"collection":[{"href":"https:\/\/www.middlecreekdental.net\/es\/wp-json\/wp\/v2\/pages"}],"about":[{"href":"https:\/\/www.middlecreekdental.net\/es\/wp-json\/wp\/v2\/types\/page"}],"author":[{"embeddable":true,"href":"https:\/\/www.middlecreekdental.net\/es\/wp-json\/wp\/v2\/users\/13"}],"replies":[{"embeddable":true,"href":"https:\/\/www.middlecreekdental.net\/es\/wp-json\/wp\/v2\/comments?post=2179"}],"version-history":[{"count":4,"href":"https:\/\/www.middlecreekdental.net\/es\/wp-json\/wp\/v2\/pages\/2179\/revisions"}],"predecessor-version":[{"id":2185,"href":"https:\/\/www.middlecreekdental.net\/es\/wp-json\/wp\/v2\/pages\/2179\/revisions\/2185"}],"wp:attachment":[{"href":"https:\/\/www.middlecreekdental.net\/es\/wp-json\/wp\/v2\/media?parent=2179"}],"curies":[{"name":"gracias","href":"https:\/\/api.w.org\/{rel}","templated":true}]}}