{"id":944,"date":"2024-05-20T22:00:38","date_gmt":"2024-05-20T22:00:38","guid":{"rendered":"https:\/\/middlecreekdental.webnamesandnumbers.com\/?page_id=944"},"modified":"2026-04-16T15:57:34","modified_gmt":"2026-04-16T15:57:34","slug":"meet-dr-sipes","status":"publish","type":"page","link":"https:\/\/www.middlecreekdental.net\/es\/meet-dr-sipes\/","title":{"rendered":"Conozca al Dr. Sipes"},"content":{"rendered":"<div data-elementor-type=\"wp-page\" data-elementor-id=\"944\" class=\"elementor elementor-944\" data-elementor-post-type=\"page\">\n\t\t\t\t<div class=\"elementor-element elementor-element-7a2b3c4 e-con-full e-flex e-con e-parent\" data-id=\"7a2b3c4\" data-element_type=\"container\" data-e-type=\"container\" data-settings=\"{&quot;background_background&quot;:&quot;classic&quot;}\">\n\t\t<div class=\"elementor-element elementor-element-87888f2 e-con-full e-flex e-con e-child\" data-id=\"87888f2\" data-element_type=\"container\" data-e-type=\"container\" data-settings=\"{&quot;background_background&quot;:&quot;classic&quot;}\">\n\t\t\t\t<div class=\"elementor-element elementor-element-4d7c136 elementor-widget elementor-widget-heading\" data-id=\"4d7c136\" data-element_type=\"widget\" data-e-type=\"widget\" data-widget_type=\"heading.default\">\n\t\t\t\t<div class=\"elementor-widget-container\">\n\t\t\t\t\t<h1 class=\"elementor-heading-title elementor-size-default\">CONOZCA A NUESTROS DENTISTAS<\/h1>\t\t\t\t<\/div>\n\t\t\t\t<\/div>\n\t\t\t\t<\/div>\n\t\t\t\t<\/div>\n\t\t<div class=\"elementor-element elementor-element-d1e90dd e-flex e-con-boxed e-con e-parent\" data-id=\"d1e90dd\" data-element_type=\"container\" data-e-type=\"container\">\n\t\t\t\t\t<div class=\"e-con-inner\">\n\t\t<div class=\"elementor-element elementor-element-fd4d628 e-con-full e-flex e-con e-child\" data-id=\"fd4d628\" data-element_type=\"container\" data-e-type=\"container\">\n\t\t\t\t<div class=\"elementor-element elementor-element-ccbd43c elementor-widget-tablet_extra__width-initial elementor-widget-tablet__width-initial elementor-widget elementor-widget-heading\" data-id=\"ccbd43c\" data-element_type=\"widget\" data-e-type=\"widget\" data-widget_type=\"heading.default\">\n\t\t\t\t<div class=\"elementor-widget-container\">\n\t\t\t\t\t<h2 class=\"elementor-heading-title elementor-size-default\">Doctor Sipes<\/h2>\t\t\t\t<\/div>\n\t\t\t\t<\/div>\n\t\t\t\t<div class=\"elementor-element elementor-element-7e87c87 elementor-widget elementor-widget-text-editor\" data-id=\"7e87c87\" data-element_type=\"widget\" data-e-type=\"widget\" data-widget_type=\"text-editor.default\">\n\t\t\t\t<div class=\"elementor-widget-container\">\n\t\t\t\t\t\t\t\t\t<p>Nac\u00ed en Concord, California, y crec\u00ed en un peque\u00f1o pueblo (Pine Grove, CA, y Sutter Creek, CA) cerca de Tahoe, en las monta\u00f1as de Sierra Nevada. Disfrut\u00e9 de crecer con muchos espacios abiertos para explorar y jugar al aire libre. Asist\u00ed a la universidad en Biola University en La Mirada, CA durante dos a\u00f1os y luego me gradu\u00e9 de la Universidad Estatal de California, Sacramento, con mi licenciatura en Biolog\u00eda.<\/p>\n<p>Me cas\u00e9 con mi esposa, a quien conoc\u00ed en la escuela secundaria, justo antes de terminar mi licenciatura. Luego nos mudamos a Omaha, Nebraska, para poder asistir a la Facultad de Odontolog\u00eda de la Universidad de Creighton. Compramos una casa peque\u00f1a y antigua y disfrutamos renov\u00e1ndola mientras asist\u00edamos a la facultad de odontolog\u00eda.<\/p>\t\t\t\t\t\t\t\t<\/div>\n\t\t\t\t<\/div>\n\t\t\t\t<\/div>\n\t\t<div class=\"elementor-element elementor-element-e6ac774 e-con-full e-flex e-con e-child\" data-id=\"e6ac774\" data-element_type=\"container\" data-e-type=\"container\" data-settings=\"{&quot;background_background&quot;:&quot;classic&quot;}\">\n\t\t\t\t<div class=\"elementor-element elementor-element-13d4839 elementor-widget-tablet__width-inherit elementor-widget-widescreen__width-inherit elementor-widget__width-initial elementor-widget elementor-widget-image\" data-id=\"13d4839\" data-element_type=\"widget\" data-e-type=\"widget\" data-widget_type=\"image.default\">\n\t\t\t\t<div class=\"elementor-widget-container\">\n\t\t\t\t\t\t\t\t\t\t\t\t\t\t\t<img fetchpriority=\"high\" decoding=\"async\" width=\"400\" height=\"533\" src=\"https:\/\/cdn.webnamesandnumbers.com\/wp-content\/uploads\/sites\/950\/2024\/05\/20171642\/dr-sipes.jpg\" class=\"attachment-large size-large wp-image-661\" alt=\"Dr. Sipes\" srcset=\"https:\/\/cdn.webnamesandnumbers.com\/wp-content\/uploads\/sites\/950\/2024\/05\/20171642\/dr-sipes.jpg 400w, https:\/\/cdn.webnamesandnumbers.com\/wp-content\/uploads\/sites\/950\/2024\/05\/20171642\/dr-sipes-225x300.jpg 225w\" sizes=\"(max-width: 400px) 100vw, 400px\" \/>\t\t\t\t\t\t\t\t\t\t\t\t\t\t\t<\/div>\n\t\t\t\t<\/div>\n\t\t\t\t<\/div>\n\t\t\t\t\t<\/div>\n\t\t\t\t<\/div>\n\t\t<div class=\"elementor-element elementor-element-acb7f80 e-flex e-con-boxed e-con e-parent\" data-id=\"acb7f80\" data-element_type=\"container\" data-e-type=\"container\">\n\t\t\t\t\t<div class=\"e-con-inner\">\n\t\t<div class=\"elementor-element elementor-element-de610c7 e-con-full e-flex e-con e-child\" data-id=\"de610c7\" data-element_type=\"container\" data-e-type=\"container\" data-settings=\"{&quot;background_background&quot;:&quot;classic&quot;}\">\n\t\t\t\t<div class=\"elementor-element elementor-element-8ba2472 elementor-widget__width-initial elementor-widget elementor-widget-image\" data-id=\"8ba2472\" data-element_type=\"widget\" data-e-type=\"widget\" data-widget_type=\"image.default\">\n\t\t\t\t<div class=\"elementor-widget-container\">\n\t\t\t\t\t\t\t\t\t\t\t\t\t\t\t<img decoding=\"async\" width=\"400\" height=\"453\" src=\"https:\/\/cdn.webnamesandnumbers.com\/wp-content\/uploads\/sites\/950\/2024\/05\/20171641\/dr-sipes-family.jpg\" class=\"attachment-large size-large wp-image-660\" alt=\"Dr. Sipes &amp; Family\" srcset=\"https:\/\/cdn.webnamesandnumbers.com\/wp-content\/uploads\/sites\/950\/2024\/05\/20171641\/dr-sipes-family.jpg 400w, https:\/\/cdn.webnamesandnumbers.com\/wp-content\/uploads\/sites\/950\/2024\/05\/20171641\/dr-sipes-family-265x300.jpg 265w\" sizes=\"(max-width: 400px) 100vw, 400px\" \/>\t\t\t\t\t\t\t\t\t\t\t\t\t\t\t<\/div>\n\t\t\t\t<\/div>\n\t\t\t\t<\/div>\n\t\t<div class=\"elementor-element elementor-element-a1d4855 e-con-full e-flex e-con e-child\" data-id=\"a1d4855\" data-element_type=\"container\" data-e-type=\"container\">\n\t\t\t\t<div class=\"elementor-element elementor-element-16ab273 elementor-widget elementor-widget-text-editor\" data-id=\"16ab273\" data-element_type=\"widget\" data-e-type=\"widget\" data-widget_type=\"text-editor.default\">\n\t\t\t\t<div class=\"elementor-widget-container\">\n\t\t\t\t\t\t\t\t\t<p>Despu\u00e9s de graduarnos, decidimos mudarnos al \u00e1rea de Seattle para estar m\u00e1s cerca de la familia. Nos instalamos en Maple Valley y disfrutamos de ser parte de la comunidad durante 18 a\u00f1os. Nos encantaba el ambiente de pueblo peque\u00f1o en Black Diamond y Maple Valley. Las cosas cambiaron en Washington y decidimos mudarnos a un estado libre. Mi familia se mud\u00f3 en junio de 2021 a Nampa para asistir y trabajar en Nampa Christian High School. Pude vender mis dos consultorios dentales en 2022 y me reun\u00ed con mi familia.<\/p><p>Familia del Dr. Sipes Tenemos dos hijos, Ethan y Anna. Disfruto pasar tiempo con mi familia, andar en motocross, hacer jardiner\u00eda en nuestra propiedad y participar activamente en mi iglesia.<\/p>\t\t\t\t\t\t\t\t<\/div>\n\t\t\t\t<\/div>\n\t\t\t\t<\/div>\n\t\t\t\t\t<\/div>\n\t\t\t\t<\/div>\n\t\t\t\t<\/div>","protected":false},"excerpt":{"rendered":"<p>MEET OUR DENTISTS Dr. Sipes I was born in Concord, California, and grew up in small town (Pine Grove, CA, and Sutter Creek, CA) near Tahoe in the Sierra Nevada mountains. I enjoyed growing up with lots of open space to explore and play outdoors. I attended college at Biola University in La Mirada, CA [&hellip;]<\/p>\n","protected":false},"author":7,"featured_media":0,"parent":0,"menu_order":0,"comment_status":"closed","ping_status":"closed","template":"","meta":{"footnotes":""},"class_list":["post-944","page","type-page","status-publish","hentry"],"yoast_head":"<!-- This site is optimized with the Yoast SEO plugin v27.3 - https:\/\/yoast.com\/product\/yoast-seo-wordpress\/ -->\n<title>Meet Dr. Sipes - Nampa ID<\/title>\n<meta name=\"description\" content=\"Dr. Sipes of Middle Creek Dental was been a dentist in Seattle areas for over 18 years before joining us in Nampa in 2021.\" \/>\n<meta name=\"robots\" content=\"index, follow, max-snippet:-1, max-image-preview:large, max-video-preview:-1\" \/>\n<link rel=\"canonical\" href=\"https:\/\/www.middlecreekdental.net\/es\/meet-dr-sipes\/\" \/>\n<meta property=\"og:locale\" content=\"es_MX\" \/>\n<meta property=\"og:type\" content=\"article\" \/>\n<meta property=\"og:title\" content=\"Meet Dr. Sipes - Nampa ID\" \/>\n<meta property=\"og:description\" content=\"Dr. Sipes of Middle Creek Dental was been a dentist in Seattle areas for over 18 years before joining us in Nampa in 2021.\" \/>\n<meta property=\"og:url\" content=\"https:\/\/www.middlecreekdental.net\/es\/meet-dr-sipes\/\" \/>\n<meta property=\"og:site_name\" content=\"Middle Creek Dental\" \/>\n<meta property=\"article:modified_time\" content=\"2026-04-16T15:57:34+00:00\" \/>\n<meta property=\"og:image\" content=\"https:\/\/www.middlecreekdental.net\/wp-content\/uploads\/sites\/950\/2024\/05\/dr-sipes.jpg\" \/>\n<meta name=\"twitter:card\" content=\"summary_large_image\" \/>\n<meta name=\"twitter:label1\" content=\"Tiempo de lectura\" \/>\n\t<meta name=\"twitter:data1\" content=\"2 minutos\" \/>\n<script type=\"application\/ld+json\" class=\"yoast-schema-graph\">{\"@context\":\"https:\\\/\\\/schema.org\",\"@graph\":[{\"@type\":\"WebPage\",\"@id\":\"https:\\\/\\\/www.middlecreekdental.net\\\/meet-dr-sipes\\\/\",\"url\":\"https:\\\/\\\/www.middlecreekdental.net\\\/meet-dr-sipes\\\/\",\"name\":\"Meet Dr. Sipes - Nampa ID\",\"isPartOf\":{\"@id\":\"https:\\\/\\\/www.middlecreekdental.net\\\/#website\"},\"primaryImageOfPage\":{\"@id\":\"https:\\\/\\\/www.middlecreekdental.net\\\/meet-dr-sipes\\\/#primaryimage\"},\"image\":{\"@id\":\"https:\\\/\\\/www.middlecreekdental.net\\\/meet-dr-sipes\\\/#primaryimage\"},\"thumbnailUrl\":\"https:\\\/\\\/www.middlecreekdental.net\\\/wp-content\\\/uploads\\\/sites\\\/950\\\/2024\\\/05\\\/dr-sipes.jpg\",\"datePublished\":\"2024-05-20T22:00:38+00:00\",\"dateModified\":\"2026-04-16T15:57:34+00:00\",\"description\":\"Dr. Sipes of Middle Creek Dental was been a dentist in Seattle areas for over 18 years before joining us in Nampa in 2021.\",\"breadcrumb\":{\"@id\":\"https:\\\/\\\/www.middlecreekdental.net\\\/meet-dr-sipes\\\/#breadcrumb\"},\"inLanguage\":\"es\",\"potentialAction\":[{\"@type\":\"ReadAction\",\"target\":[\"https:\\\/\\\/www.middlecreekdental.net\\\/meet-dr-sipes\\\/\"]}]},{\"@type\":\"ImageObject\",\"inLanguage\":\"es\",\"@id\":\"https:\\\/\\\/www.middlecreekdental.net\\\/meet-dr-sipes\\\/#primaryimage\",\"url\":\"https:\\\/\\\/www.middlecreekdental.net\\\/wp-content\\\/uploads\\\/sites\\\/950\\\/2024\\\/05\\\/dr-sipes.jpg\",\"contentUrl\":\"https:\\\/\\\/www.middlecreekdental.net\\\/wp-content\\\/uploads\\\/sites\\\/950\\\/2024\\\/05\\\/dr-sipes.jpg\"},{\"@type\":\"BreadcrumbList\",\"@id\":\"https:\\\/\\\/www.middlecreekdental.net\\\/meet-dr-sipes\\\/#breadcrumb\",\"itemListElement\":[{\"@type\":\"ListItem\",\"position\":1,\"name\":\"Home\",\"item\":\"https:\\\/\\\/www.middlecreekdental.net\\\/\"},{\"@type\":\"ListItem\",\"position\":2,\"name\":\"Meet Dr. Sipes\"}]},{\"@type\":\"WebSite\",\"@id\":\"https:\\\/\\\/www.middlecreekdental.net\\\/#website\",\"url\":\"https:\\\/\\\/www.middlecreekdental.net\\\/\",\"name\":\"Middle Creek Dental\",\"description\":\"Dentist\",\"publisher\":{\"@id\":\"https:\\\/\\\/www.middlecreekdental.net\\\/#organization\"},\"potentialAction\":[{\"@type\":\"SearchAction\",\"target\":{\"@type\":\"EntryPoint\",\"urlTemplate\":\"https:\\\/\\\/www.middlecreekdental.net\\\/?s={search_term_string}\"},\"query-input\":{\"@type\":\"PropertyValueSpecification\",\"valueRequired\":true,\"valueName\":\"search_term_string\"}}],\"inLanguage\":\"es\"},{\"@type\":\"Organization\",\"@id\":\"https:\\\/\\\/www.middlecreekdental.net\\\/#organization\",\"name\":\"Middle Creek Dental\",\"url\":\"https:\\\/\\\/www.middlecreekdental.net\\\/\",\"logo\":{\"@type\":\"ImageObject\",\"inLanguage\":\"es\",\"@id\":\"https:\\\/\\\/www.middlecreekdental.net\\\/#\\\/schema\\\/logo\\\/image\\\/\",\"url\":\"https:\\\/\\\/cdn.webnamesandnumbers.com\\\/wp-content\\\/uploads\\\/sites\\\/950\\\/2024\\\/05\\\/15211734\\\/middle-creek-dental-e1715864487119.png\",\"contentUrl\":\"https:\\\/\\\/cdn.webnamesandnumbers.com\\\/wp-content\\\/uploads\\\/sites\\\/950\\\/2024\\\/05\\\/15211734\\\/middle-creek-dental-e1715864487119.png\",\"width\":1097,\"height\":679,\"caption\":\"Middle Creek Dental\"},\"image\":{\"@id\":\"https:\\\/\\\/www.middlecreekdental.net\\\/#\\\/schema\\\/logo\\\/image\\\/\"}}]}<\/script>\n<!-- \/ Yoast SEO plugin. -->","yoast_head_json":{"title":"Conozca al Dr. Sipes - Nampa, ID","description":"El Dr. Sipes de Middle Creek Dental fue dentista en el \u00e1rea de Seattle durante m\u00e1s de 18 a\u00f1os antes de unirse a nosotros en Nampa en 2021.","robots":{"index":"index","follow":"follow","max-snippet":"max-snippet:-1","max-image-preview":"max-image-preview:large","max-video-preview":"max-video-preview:-1"},"canonical":"https:\/\/www.middlecreekdental.net\/es\/meet-dr-sipes\/","og_locale":"es_MX","og_type":"article","og_title":"Meet Dr. Sipes - Nampa ID","og_description":"Dr. Sipes of Middle Creek Dental was been a dentist in Seattle areas for over 18 years before joining us in Nampa in 2021.","og_url":"https:\/\/www.middlecreekdental.net\/es\/meet-dr-sipes\/","og_site_name":"Middle Creek Dental","article_modified_time":"2026-04-16T15:57:34+00:00","og_image":[{"url":"https:\/\/www.middlecreekdental.net\/wp-content\/uploads\/sites\/950\/2024\/05\/dr-sipes.jpg","type":"","width":"","height":""}],"twitter_card":"summary_large_image","twitter_misc":{"Tiempo de lectura":"2 minutos"},"schema":{"@context":"https:\/\/schema.org","@graph":[{"@type":"WebPage","@id":"https:\/\/www.middlecreekdental.net\/meet-dr-sipes\/","url":"https:\/\/www.middlecreekdental.net\/meet-dr-sipes\/","name":"Conozca al Dr. Sipes - Nampa, ID","isPartOf":{"@id":"https:\/\/www.middlecreekdental.net\/#website"},"primaryImageOfPage":{"@id":"https:\/\/www.middlecreekdental.net\/meet-dr-sipes\/#primaryimage"},"image":{"@id":"https:\/\/www.middlecreekdental.net\/meet-dr-sipes\/#primaryimage"},"thumbnailUrl":"https:\/\/www.middlecreekdental.net\/wp-content\/uploads\/sites\/950\/2024\/05\/dr-sipes.jpg","datePublished":"2024-05-20T22:00:38+00:00","dateModified":"2026-04-16T15:57:34+00:00","description":"El Dr. Sipes de Middle Creek Dental fue dentista en el \u00e1rea de Seattle durante m\u00e1s de 18 a\u00f1os antes de unirse a nosotros en Nampa en 2021.","breadcrumb":{"@id":"https:\/\/www.middlecreekdental.net\/meet-dr-sipes\/#breadcrumb"},"inLanguage":"es","potentialAction":[{"@type":"ReadAction","target":["https:\/\/www.middlecreekdental.net\/meet-dr-sipes\/"]}]},{"@type":"ImageObject","inLanguage":"es","@id":"https:\/\/www.middlecreekdental.net\/meet-dr-sipes\/#primaryimage","url":"https:\/\/www.middlecreekdental.net\/wp-content\/uploads\/sites\/950\/2024\/05\/dr-sipes.jpg","contentUrl":"https:\/\/www.middlecreekdental.net\/wp-content\/uploads\/sites\/950\/2024\/05\/dr-sipes.jpg"},{"@type":"BreadcrumbList","@id":"https:\/\/www.middlecreekdental.net\/meet-dr-sipes\/#breadcrumb","itemListElement":[{"@type":"ListItem","position":1,"name":"Home","item":"https:\/\/www.middlecreekdental.net\/"},{"@type":"ListItem","position":2,"name":"Meet Dr. Sipes"}]},{"@type":"WebSite","@id":"https:\/\/www.middlecreekdental.net\/#website","url":"https:\/\/www.middlecreekdental.net\/","name":"Odontolog\u00eda de Middle Creek","description":"Dentista","publisher":{"@id":"https:\/\/www.middlecreekdental.net\/#organization"},"potentialAction":[{"@type":"SearchAction","target":{"@type":"EntryPoint","urlTemplate":"https:\/\/www.middlecreekdental.net\/?s={search_term_string}"},"query-input":{"@type":"PropertyValueSpecification","valueRequired":true,"valueName":"search_term_string"}}],"inLanguage":"es"},{"@type":"Organization","@id":"https:\/\/www.middlecreekdental.net\/#organization","name":"Odontolog\u00eda de Middle Creek","url":"https:\/\/www.middlecreekdental.net\/","logo":{"@type":"ImageObject","inLanguage":"es","@id":"https:\/\/www.middlecreekdental.net\/#\/schema\/logo\/image\/","url":"https:\/\/cdn.webnamesandnumbers.com\/wp-content\/uploads\/sites\/950\/2024\/05\/15211734\/middle-creek-dental-e1715864487119.png","contentUrl":"https:\/\/cdn.webnamesandnumbers.com\/wp-content\/uploads\/sites\/950\/2024\/05\/15211734\/middle-creek-dental-e1715864487119.png","width":1097,"height":679,"caption":"Middle Creek Dental"},"image":{"@id":"https:\/\/www.middlecreekdental.net\/#\/schema\/logo\/image\/"}}]}},"_links":{"self":[{"href":"https:\/\/www.middlecreekdental.net\/es\/wp-json\/wp\/v2\/pages\/944","targetHints":{"allow":["GET"]}}],"collection":[{"href":"https:\/\/www.middlecreekdental.net\/es\/wp-json\/wp\/v2\/pages"}],"about":[{"href":"https:\/\/www.middlecreekdental.net\/es\/wp-json\/wp\/v2\/types\/page"}],"author":[{"embeddable":true,"href":"https:\/\/www.middlecreekdental.net\/es\/wp-json\/wp\/v2\/users\/7"}],"replies":[{"embeddable":true,"href":"https:\/\/www.middlecreekdental.net\/es\/wp-json\/wp\/v2\/comments?post=944"}],"version-history":[{"count":20,"href":"https:\/\/www.middlecreekdental.net\/es\/wp-json\/wp\/v2\/pages\/944\/revisions"}],"predecessor-version":[{"id":2236,"href":"https:\/\/www.middlecreekdental.net\/es\/wp-json\/wp\/v2\/pages\/944\/revisions\/2236"}],"wp:attachment":[{"href":"https:\/\/www.middlecreekdental.net\/es\/wp-json\/wp\/v2\/media?parent=944"}],"curies":[{"name":"gracias","href":"https:\/\/api.w.org\/{rel}","templated":true}]}}